{"id":28793,"date":"2024-03-26T09:47:27","date_gmt":"2024-03-26T08:47:27","guid":{"rendered":"https:\/\/www.sailcom.ch\/product\/product\/"},"modified":"2024-06-21T09:14:00","modified_gmt":"2024-06-21T07:14:00","slug":"event_28793","status":"publish","type":"product","link":"https:\/\/www.sailcom.ch\/en\/product\/event_28793\/","title":{"rendered":"Midsommar Segeln zur L\u00fctzelau"},"content":{"rendered":"","protected":false},"excerpt":{"rendered":"<p>Wir begehen auf dem schwedischen Sch\u00e4renkreuzer Malin Midsommar. Dabei segeln wir zur L\u00fctzelau und \u00fcbernachten auf der Malin. Am Samstagabend Picknick auf der L\u00fctzelau (oder Znacht im Restaurant auf der L\u00fctzelau), Fr\u00fchst\u00fcck im Restaurant auf dem Campingplatz L\u00fctzelau.<br \/>\nMitnehmen: Picknick (wird noch abgesprochen), Schlafsack<br \/>\nTreffpunkt: 12:00 in Erlenbach, Hab (beim Dinghi der Malin)<br \/>\nKosten werden geteilt: 2 Teilnehmer:innen Fr. 80.-, 3 Teilnehmer:innen Fr. 60.-<\/p>\n","protected":false},"author":6,"featured_media":1568,"template":"","meta":{"_acf_changed":false,"publish_to_discourse":"","publish_post_category":"","wpdc_auto_publish_overridden":"","wpdc_topic_tags":"","wpdc_pin_topic":"","wpdc_pin_until":"","discourse_post_id":"","discourse_permalink":"","wpdc_publishing_response":"","wpdc_publishing_error":""},"product_brand":[],"product_cat":[15],"product_tag":[],"sailcom-capability":[],"sailcom-location":[348],"sailcom-event-type":[364],"sailcom-boat-type":[],"class_list":{"0":"post-28793","1":"product","2":"type-product","3":"status-publish","4":"has-post-thumbnail","6":"product_cat-uncategorised","7":"sailcom-location-zurichsee","8":"sailcom-event-type-sail-along","10":"first","11":"instock","12":"taxable","13":"shipping-taxable","14":"product-type-sc_event"},"acf":[],"_links":{"self":[{"href":"https:\/\/www.sailcom.ch\/en\/wp-json\/wp\/v2\/product\/28793","targetHints":{"allow":["GET"]}}],"collection":[{"href":"https:\/\/www.sailcom.ch\/en\/wp-json\/wp\/v2\/product"}],"about":[{"href":"https:\/\/www.sailcom.ch\/en\/wp-json\/wp\/v2\/types\/product"}],"author":[{"embeddable":true,"href":"https:\/\/www.sailcom.ch\/en\/wp-json\/wp\/v2\/users\/6"}],"wp:featuredmedia":[{"embeddable":true,"href":"https:\/\/www.sailcom.ch\/en\/wp-json\/wp\/v2\/media\/1568"}],"wp:attachment":[{"href":"https:\/\/www.sailcom.ch\/en\/wp-json\/wp\/v2\/media?parent=28793"}],"wp:term":[{"taxonomy":"product_brand","embeddable":true,"href":"https:\/\/www.sailcom.ch\/en\/wp-json\/wp\/v2\/product_brand?post=28793"},{"taxonomy":"product_cat","embeddable":true,"href":"https:\/\/www.sailcom.ch\/en\/wp-json\/wp\/v2\/product_cat?post=28793"},{"taxonomy":"product_tag","embeddable":true,"href":"https:\/\/www.sailcom.ch\/en\/wp-json\/wp\/v2\/product_tag?post=28793"},{"taxonomy":"sailcom-capability","embeddable":true,"href":"https:\/\/www.sailcom.ch\/en\/wp-json\/wp\/v2\/sailcom-capability?post=28793"},{"taxonomy":"sailcom-location","embeddable":true,"href":"https:\/\/www.sailcom.ch\/en\/wp-json\/wp\/v2\/sailcom-location?post=28793"},{"taxonomy":"sailcom-event-type","embeddable":true,"href":"https:\/\/www.sailcom.ch\/en\/wp-json\/wp\/v2\/sailcom-event-type?post=28793"},{"taxonomy":"sailcom-boat-type","embeddable":true,"href":"https:\/\/www.sailcom.ch\/en\/wp-json\/wp\/v2\/sailcom-boat-type?post=28793"}],"curies":[{"name":"wp","href":"https:\/\/api.w.org\/{rel}","templated":true}]}}