{"id":26697,"date":"2024-02-22T21:20:16","date_gmt":"2024-02-22T20:20:16","guid":{"rendered":"https:\/\/www.sailcom.ch\/product\/product\/"},"modified":"2024-03-07T21:44:55","modified_gmt":"2024-03-07T20:44:55","slug":"event_26697","status":"publish","type":"product","link":"https:\/\/www.sailcom.ch\/en\/product\/event_26697\/","title":{"rendered":"Neu: Dufour 310 Einweisung\/Initiation und Plauschsegeln\/Sortie en voile"},"content":{"rendered":"","protected":false},"excerpt":{"rendered":"<p>Einf\u00fchrung in das neue Boot (Ausstattung, Technik, Doppelradsteuerung), Hafenman\u00f6ver, anschliessend Plauschsegeln.<br \/>\nInitiation, faire connaissance avec le nouveau bateau (\u00c9quipement, technique, commande \u00e0 double roue), man\u0153uvre dans le port et ensuite sortie en voile.<br \/>\nBedingung: A -Schein<br \/>\nCondition: Permis A<br \/>\nTreffpunkt: Dufour 310. Hafen Ouchy beim Kran<br \/>\nPoint de rencontre: Dufour 310 port d&#039;Ouchy chez la grue<br \/>\nKosten: Abh\u00e4ngig von der Anzahl Teilnehmer*innen<br \/>\nFrais: Celon nombre des participants<\/p>\n","protected":false},"author":2755,"featured_media":23729,"template":"","meta":{"_acf_changed":false,"publish_to_discourse":"","publish_post_category":"","wpdc_auto_publish_overridden":"","wpdc_topic_tags":"","wpdc_pin_topic":"","wpdc_pin_until":"","discourse_post_id":"","discourse_permalink":"","wpdc_publishing_response":"","wpdc_publishing_error":""},"product_brand":[],"product_cat":[15],"product_tag":[],"sailcom-capability":[],"sailcom-location":[340],"sailcom-event-type":[373],"sailcom-boat-type":[],"class_list":{"0":"post-26697","1":"product","2":"type-product","3":"status-publish","4":"has-post-thumbnail","6":"product_cat-uncategorised","7":"sailcom-location-genfersee","8":"sailcom-event-type-einweisungen","10":"first","11":"instock","12":"taxable","13":"shipping-taxable","14":"product-type-sc_event"},"acf":[],"_links":{"self":[{"href":"https:\/\/www.sailcom.ch\/en\/wp-json\/wp\/v2\/product\/26697","targetHints":{"allow":["GET"]}}],"collection":[{"href":"https:\/\/www.sailcom.ch\/en\/wp-json\/wp\/v2\/product"}],"about":[{"href":"https:\/\/www.sailcom.ch\/en\/wp-json\/wp\/v2\/types\/product"}],"author":[{"embeddable":true,"href":"https:\/\/www.sailcom.ch\/en\/wp-json\/wp\/v2\/users\/2755"}],"wp:featuredmedia":[{"embeddable":true,"href":"https:\/\/www.sailcom.ch\/en\/wp-json\/wp\/v2\/media\/23729"}],"wp:attachment":[{"href":"https:\/\/www.sailcom.ch\/en\/wp-json\/wp\/v2\/media?parent=26697"}],"wp:term":[{"taxonomy":"product_brand","embeddable":true,"href":"https:\/\/www.sailcom.ch\/en\/wp-json\/wp\/v2\/product_brand?post=26697"},{"taxonomy":"product_cat","embeddable":true,"href":"https:\/\/www.sailcom.ch\/en\/wp-json\/wp\/v2\/product_cat?post=26697"},{"taxonomy":"product_tag","embeddable":true,"href":"https:\/\/www.sailcom.ch\/en\/wp-json\/wp\/v2\/product_tag?post=26697"},{"taxonomy":"sailcom-capability","embeddable":true,"href":"https:\/\/www.sailcom.ch\/en\/wp-json\/wp\/v2\/sailcom-capability?post=26697"},{"taxonomy":"sailcom-location","embeddable":true,"href":"https:\/\/www.sailcom.ch\/en\/wp-json\/wp\/v2\/sailcom-location?post=26697"},{"taxonomy":"sailcom-event-type","embeddable":true,"href":"https:\/\/www.sailcom.ch\/en\/wp-json\/wp\/v2\/sailcom-event-type?post=26697"},{"taxonomy":"sailcom-boat-type","embeddable":true,"href":"https:\/\/www.sailcom.ch\/en\/wp-json\/wp\/v2\/sailcom-boat-type?post=26697"}],"curies":[{"name":"wp","href":"https:\/\/api.w.org\/{rel}","templated":true}]}}