{"id":24593,"date":"2024-01-30T23:55:02","date_gmt":"2024-01-30T22:55:02","guid":{"rendered":"https:\/\/www.sailcom.ch\/product\/product\/"},"modified":"2024-03-29T21:10:27","modified_gmt":"2024-03-29T20:10:27","slug":"event_24593","status":"publish","type":"product","link":"https:\/\/www.sailcom.ch\/en\/product\/event_24593\/","title":{"rendered":"Dufour 310 Einweisung\/Initiation"},"content":{"rendered":"","protected":false},"excerpt":{"rendered":"<p>W\u00e4hrend dreieinhalb Stunden lernst du das neue, moderne Boot, eine Dufour 310 kennen.<br \/>\nEs gibt also eine kompakte Einweisung (Sicherheit, Ausstattung, Bordtechnik) inkl. praktischem Teil mit Hafenman\u00f6vern (Doppelruderanlage, kein Bugstrahler) und einem anschliessenden kurzen Plauschsegeln.<br \/>\nTreffpunkt: Dufour 310  Hafen Ouchy beim Kran<br \/>\nBedingung: A &#8211; Schein<br \/>\nKosten: CHF 55.- (bei 5 pers.)<\/p>\n<p>Pendant trois et demi heures tu fais connaissance avec ce nouveau, moderne bateau, un Dufour 310. On fait une initiation courte (S\u00e9curit\u00e9, \u00e9quipement et technique \u00e0 bord), inclus des man\u0153uvre de port (bateau avec deux roues\/saffrans, sans propulseur d&#039;\u00e9trave!) et ensuite une petite sortie en voile.<br \/>\nPointe de rencontre: Dufour 310  Port d&#039;Ouchy chez la grue.<br \/>\nCondition: Permis A!<br \/>\nFrais: Selon nombre des participants.  CHF 55.- (avec 5 pers.)<\/p>\n","protected":false},"author":2755,"featured_media":23729,"template":"","meta":{"_acf_changed":false,"publish_to_discourse":"","publish_post_category":"","wpdc_auto_publish_overridden":"","wpdc_topic_tags":"","wpdc_pin_topic":"","wpdc_pin_until":"","discourse_post_id":"","discourse_permalink":"","wpdc_publishing_response":"","wpdc_publishing_error":""},"product_brand":[],"product_cat":[15],"product_tag":[],"sailcom-capability":[],"sailcom-location":[340],"sailcom-event-type":[373],"sailcom-boat-type":[],"class_list":{"0":"post-24593","1":"product","2":"type-product","3":"status-publish","4":"has-post-thumbnail","6":"product_cat-uncategorised","7":"sailcom-location-genfersee","8":"sailcom-event-type-einweisungen","10":"first","11":"outofstock","12":"taxable","13":"shipping-taxable","14":"product-type-sc_event"},"acf":[],"_links":{"self":[{"href":"https:\/\/www.sailcom.ch\/en\/wp-json\/wp\/v2\/product\/24593","targetHints":{"allow":["GET"]}}],"collection":[{"href":"https:\/\/www.sailcom.ch\/en\/wp-json\/wp\/v2\/product"}],"about":[{"href":"https:\/\/www.sailcom.ch\/en\/wp-json\/wp\/v2\/types\/product"}],"author":[{"embeddable":true,"href":"https:\/\/www.sailcom.ch\/en\/wp-json\/wp\/v2\/users\/2755"}],"wp:featuredmedia":[{"embeddable":true,"href":"https:\/\/www.sailcom.ch\/en\/wp-json\/wp\/v2\/media\/23729"}],"wp:attachment":[{"href":"https:\/\/www.sailcom.ch\/en\/wp-json\/wp\/v2\/media?parent=24593"}],"wp:term":[{"taxonomy":"product_brand","embeddable":true,"href":"https:\/\/www.sailcom.ch\/en\/wp-json\/wp\/v2\/product_brand?post=24593"},{"taxonomy":"product_cat","embeddable":true,"href":"https:\/\/www.sailcom.ch\/en\/wp-json\/wp\/v2\/product_cat?post=24593"},{"taxonomy":"product_tag","embeddable":true,"href":"https:\/\/www.sailcom.ch\/en\/wp-json\/wp\/v2\/product_tag?post=24593"},{"taxonomy":"sailcom-capability","embeddable":true,"href":"https:\/\/www.sailcom.ch\/en\/wp-json\/wp\/v2\/sailcom-capability?post=24593"},{"taxonomy":"sailcom-location","embeddable":true,"href":"https:\/\/www.sailcom.ch\/en\/wp-json\/wp\/v2\/sailcom-location?post=24593"},{"taxonomy":"sailcom-event-type","embeddable":true,"href":"https:\/\/www.sailcom.ch\/en\/wp-json\/wp\/v2\/sailcom-event-type?post=24593"},{"taxonomy":"sailcom-boat-type","embeddable":true,"href":"https:\/\/www.sailcom.ch\/en\/wp-json\/wp\/v2\/sailcom-boat-type?post=24593"}],"curies":[{"name":"wp","href":"https:\/\/api.w.org\/{rel}","templated":true}]}}