{"id":24591,"date":"2024-01-30T23:06:34","date_gmt":"2024-01-30T22:06:34","guid":{"rendered":"https:\/\/www.sailcom.ch\/product\/product\/"},"modified":"2024-03-29T21:05:36","modified_gmt":"2024-03-29T20:05:36","slug":"event_24591","status":"publish","type":"product","link":"https:\/\/www.sailcom.ch\/en\/product\/event_24591\/","title":{"rendered":"Dufour 310. Einf\u00fchrung\/Introduction und\/et Plauschsegeln\/sortie en voile"},"content":{"rendered":"","protected":false},"excerpt":{"rendered":"<p>Du lernst unser neues Boot in Ouchy kennen, eine moderne Dufour 310. Nebst den \u00fcblichen Einweisungspunkten (Sicherheit, Ausstattung,Bordtechnik) wirst du Hafenman\u00f6ver fahren (Doppelradsteuerung), und anschliessend geht es hinaus zum Segeln.<br \/>\nBedingung: A- Schein<br \/>\nTreffpunkt: Dufour 310   Hafen Ouchy beim Kran<br \/>\nKosten: Richtet sich je nach Anzahl Teilnehmer*innen  (55.- bei 5 Pers)<\/p>\n<p>Faire connaissance de notre nouveau bateau modern, un Dufour 310. Apr\u00e8s l&#039;initiation comme d&#039;habitude (s\u00e9curit\u00e9, \u00e9quipement, technique) tu entraines des man\u0153uvres et enfin on hisse les voiles!<br \/>\nPoint de rencontre: Dufour 310.   Port d&#039;Ouchy chez la grue<br \/>\nCondition: Permis A!<br \/>\nFrais: Selon nombre des participants (55.- avec 5 pers.)<\/p>\n","protected":false},"author":2755,"featured_media":23729,"template":"","meta":{"_acf_changed":false,"publish_to_discourse":"","publish_post_category":"","wpdc_auto_publish_overridden":"","wpdc_topic_tags":"","wpdc_pin_topic":"","wpdc_pin_until":"","discourse_post_id":"","discourse_permalink":"","wpdc_publishing_response":"","wpdc_publishing_error":""},"product_brand":[],"product_cat":[15],"product_tag":[],"sailcom-capability":[],"sailcom-location":[340],"sailcom-event-type":[373],"sailcom-boat-type":[],"class_list":{"0":"post-24591","1":"product","2":"type-product","3":"status-publish","4":"has-post-thumbnail","6":"product_cat-uncategorised","7":"sailcom-location-genfersee","8":"sailcom-event-type-einweisungen","10":"first","11":"outofstock","12":"taxable","13":"shipping-taxable","14":"product-type-sc_event"},"acf":[],"_links":{"self":[{"href":"https:\/\/www.sailcom.ch\/en\/wp-json\/wp\/v2\/product\/24591","targetHints":{"allow":["GET"]}}],"collection":[{"href":"https:\/\/www.sailcom.ch\/en\/wp-json\/wp\/v2\/product"}],"about":[{"href":"https:\/\/www.sailcom.ch\/en\/wp-json\/wp\/v2\/types\/product"}],"author":[{"embeddable":true,"href":"https:\/\/www.sailcom.ch\/en\/wp-json\/wp\/v2\/users\/2755"}],"wp:featuredmedia":[{"embeddable":true,"href":"https:\/\/www.sailcom.ch\/en\/wp-json\/wp\/v2\/media\/23729"}],"wp:attachment":[{"href":"https:\/\/www.sailcom.ch\/en\/wp-json\/wp\/v2\/media?parent=24591"}],"wp:term":[{"taxonomy":"product_brand","embeddable":true,"href":"https:\/\/www.sailcom.ch\/en\/wp-json\/wp\/v2\/product_brand?post=24591"},{"taxonomy":"product_cat","embeddable":true,"href":"https:\/\/www.sailcom.ch\/en\/wp-json\/wp\/v2\/product_cat?post=24591"},{"taxonomy":"product_tag","embeddable":true,"href":"https:\/\/www.sailcom.ch\/en\/wp-json\/wp\/v2\/product_tag?post=24591"},{"taxonomy":"sailcom-capability","embeddable":true,"href":"https:\/\/www.sailcom.ch\/en\/wp-json\/wp\/v2\/sailcom-capability?post=24591"},{"taxonomy":"sailcom-location","embeddable":true,"href":"https:\/\/www.sailcom.ch\/en\/wp-json\/wp\/v2\/sailcom-location?post=24591"},{"taxonomy":"sailcom-event-type","embeddable":true,"href":"https:\/\/www.sailcom.ch\/en\/wp-json\/wp\/v2\/sailcom-event-type?post=24591"},{"taxonomy":"sailcom-boat-type","embeddable":true,"href":"https:\/\/www.sailcom.ch\/en\/wp-json\/wp\/v2\/sailcom-boat-type?post=24591"}],"curies":[{"name":"wp","href":"https:\/\/api.w.org\/{rel}","templated":true}]}}