{"id":24590,"date":"2024-01-30T23:00:36","date_gmt":"2024-01-30T22:00:36","guid":{"rendered":"https:\/\/www.sailcom.ch\/product\/product\/"},"modified":"2024-02-14T23:41:29","modified_gmt":"2024-02-14T22:41:29","slug":"event_24590","status":"publish","type":"product","link":"https:\/\/www.sailcom.ch\/en\/product\/event_24590\/","title":{"rendered":"Dufour 310 Einf\u00fchrung, Plauschsegeln und \u00dcbernachtung an Bord. Introduction, Sorte en Voile et passer la nuit \u00e0 Bord"},"content":{"rendered":"","protected":false},"excerpt":{"rendered":"<p>Gleiche Inhalte wie die Einweisung an diesem Tag von 14.30 &#8211; 18.00, jedoch mit Verl\u00e4ngerung und \u00dcbernachtung an Bord. Also ein Event, bei dem man die Dufour so richtig kennen lernt!<br \/>\nTreffpunkt: Dufour 310.   Hafen Ouchy beim Kran<br \/>\nBedingung. A Schein<br \/>\nMitnehmen: Dem Wetter angepasste Ausr\u00fcstung, Bettlaken, Schlafsack,<br \/>\nDetails folgen nach Anmeldung<br \/>\nKosten: Je nach Anzahl Teilnehmer*innen<\/p>\n<p>M\u00eame programme comme l&#039;initiation ce jour de 14.30 -18.00, mais avec prolongation et passer la nuit \u00e0 bord. C&#039;est un \u00e9v\u00e9nement o\u00f9 tu peux profiter de conna\u00eetre notre nouveau bateau!<br \/>\nPoint de rencontre: Dufour 310.  Port d&#039;Ouchy chez la grue<br \/>\nCondition: Permis A!<br \/>\nTu prend avec toi des v\u00eatements selon m\u00e9t\u00e9o, un drap et le sac de couchage.<br \/>\nDetails: Apr\u00e8s s&#039;inscrire<br \/>\nFrais. Diviser par des participants<\/p>\n","protected":false},"author":2755,"featured_media":23729,"template":"","meta":{"_acf_changed":false,"publish_to_discourse":"","publish_post_category":"","wpdc_auto_publish_overridden":"","wpdc_topic_tags":"","wpdc_pin_topic":"","wpdc_pin_until":"","discourse_post_id":"","discourse_permalink":"","wpdc_publishing_response":"","wpdc_publishing_error":""},"product_brand":[],"product_cat":[15],"product_tag":[],"sailcom-capability":[],"sailcom-location":[340],"sailcom-event-type":[373],"sailcom-boat-type":[],"class_list":{"0":"post-24590","1":"product","2":"type-product","3":"status-publish","4":"has-post-thumbnail","6":"product_cat-uncategorised","7":"sailcom-location-genfersee","8":"sailcom-event-type-einweisungen","10":"first","11":"instock","12":"taxable","13":"shipping-taxable","14":"product-type-sc_event"},"acf":[],"_links":{"self":[{"href":"https:\/\/www.sailcom.ch\/en\/wp-json\/wp\/v2\/product\/24590","targetHints":{"allow":["GET"]}}],"collection":[{"href":"https:\/\/www.sailcom.ch\/en\/wp-json\/wp\/v2\/product"}],"about":[{"href":"https:\/\/www.sailcom.ch\/en\/wp-json\/wp\/v2\/types\/product"}],"author":[{"embeddable":true,"href":"https:\/\/www.sailcom.ch\/en\/wp-json\/wp\/v2\/users\/2755"}],"wp:featuredmedia":[{"embeddable":true,"href":"https:\/\/www.sailcom.ch\/en\/wp-json\/wp\/v2\/media\/23729"}],"wp:attachment":[{"href":"https:\/\/www.sailcom.ch\/en\/wp-json\/wp\/v2\/media?parent=24590"}],"wp:term":[{"taxonomy":"product_brand","embeddable":true,"href":"https:\/\/www.sailcom.ch\/en\/wp-json\/wp\/v2\/product_brand?post=24590"},{"taxonomy":"product_cat","embeddable":true,"href":"https:\/\/www.sailcom.ch\/en\/wp-json\/wp\/v2\/product_cat?post=24590"},{"taxonomy":"product_tag","embeddable":true,"href":"https:\/\/www.sailcom.ch\/en\/wp-json\/wp\/v2\/product_tag?post=24590"},{"taxonomy":"sailcom-capability","embeddable":true,"href":"https:\/\/www.sailcom.ch\/en\/wp-json\/wp\/v2\/sailcom-capability?post=24590"},{"taxonomy":"sailcom-location","embeddable":true,"href":"https:\/\/www.sailcom.ch\/en\/wp-json\/wp\/v2\/sailcom-location?post=24590"},{"taxonomy":"sailcom-event-type","embeddable":true,"href":"https:\/\/www.sailcom.ch\/en\/wp-json\/wp\/v2\/sailcom-event-type?post=24590"},{"taxonomy":"sailcom-boat-type","embeddable":true,"href":"https:\/\/www.sailcom.ch\/en\/wp-json\/wp\/v2\/sailcom-boat-type?post=24590"}],"curies":[{"name":"wp","href":"https:\/\/api.w.org\/{rel}","templated":true}]}}