{"id":24388,"date":"2025-03-08T16:16:34","date_gmt":"2025-03-08T15:16:34","guid":{"rendered":"https:\/\/www.sailcom.ch\/?post_type=product&#038;p=24388"},"modified":"2026-05-13T08:26:42","modified_gmt":"2026-05-13T06:26:42","slug":"dufour-310","status":"publish","type":"product","link":"https:\/\/www.sailcom.ch\/en\/product\/dufour-310\/","title":{"rendered":"Dufour 310 (Galatea) <br\/>Lausanne Ouchy"},"content":{"rendered":"<p><strong>In Lausanne Ouchy steht Euch die &#8220;Galatea&#8221;, eine neuwertige Fahrten-Segelyacht vom Typ Dufour 310 zur Verf\u00fcgung.<\/strong><\/p>\n<p>Diese wundersch\u00f6ne neue Yacht mit dem Namen &#8220;Galatea&#8221; eignet sich ideal f\u00fcr entspannte und komfortable Segelt\u00f6rns auf dem Genfersee und bietet unter Deck erstaunlich viel Platz und Komfort, wie auf einer Hochseeyacht.<br \/>\nMit einer L\u00e4nge von 9,67 Metern und einer Breite von 3,31 Metern bietet die Dufour 310 optimale Voraussetzungen f\u00fcr ein unvergessliches Segelerlebnis auf dem Lac Leman.<\/p>\n<p>Die kompakte Yacht besticht nicht nur durch ein f\u00fcr ihre Gr\u00f6\u00dfe gro\u00dfz\u00fcgiges Raumangebot, sondern auch durch ihr durchdachtes Design.<br \/>\nEine Selbstwendefock, eine elektrische Winsch f\u00fcr die Gro\u00dfschot, die elektrische Ankerwinsch sowie die ins Cockpit gef\u00fchrten Schoten und Fallen machen die Bedienung vergleichsweise einfach &#8211; ein echtes Plus gerade f\u00fcr Crews und Skipper*innen, die nicht so h\u00e4ufig mit gr\u00f6\u00dferen Booten unterwegs sind.<\/p>\n<p>Der effiziente Innenbord-Dieselmotor sorgt f\u00fcr zuverl\u00e4ssigen Vortrieb, die Dopperuderanlage mit zwei Steuerst\u00e4nden f\u00fcr sehr gute Man\u00f6vrierbarkeit und das stilvolle, funktionale Interieur mit ger\u00e4umigen Kabinen und einer modernen K\u00fcche mit Backofen und K\u00fchlschrank f\u00fcr echten Komfort an Bord.<\/p>\n<p>Mit der Dufour 310 kann man mit bis zu 4 Personen auch \u00fcber mehrere Tage bequem reisen.<br \/>\nWerden auch die beiden Kojen im Salon belegt, k\u00f6nnen bis zu 6 Personen an Bord sein. Dann sollte man sich aber gut kennen und m\u00f6gen.<\/p>\n<p>Hier findest Du einen Testbericht der Dufour 310 zum Einstimmen: <a href=\"https:\/\/www.boot24.ch\/chde\/src\/tests\/dufour310grandlarge\/\" target=\"_blank\" rel=\"noopener\">https:\/\/www.boot24.ch\/chde\/src\/tests\/dufour310grandlarge\/<\/a><\/p>\n<p>Die Zeitschrift &#8220;Yacht&#8221; hat das Boot im Jahr 2017 ebenfalls getestet und ein ausf\u00fchrliches Video erstellt:<\/p>\n<p><iframe title=\"YouTube video player\" src=\"https:\/\/www.youtube.com\/embed\/cLGbxWXccVA?si=lCBP2UQP0OdovRTE\" width=\"560\" height=\"315\" frameborder=\"0\" allowfullscreen=\"allowfullscreen\"><\/iframe><\/p>\n<p>Buche jetzt Deine Zeit auf der Dufour 310 &#8211; f\u00fcr unvergessliche Segelerlebnisse auf dem Genfersee.<\/p>\n<p>An Bord findest Du auch die f\u00fcr eine Fahrt zur franz\u00f6sischen Seite mitzuf\u00fchrenden Dokumente ausgedruckt vor.<br \/>\nBei einer Kontrolle durch die franz\u00f6sische Seepolizei <strong>muss Du die folgenden Dokumente zus\u00e4tzlich zu den Bootspapieren und Deinem F\u00fchrerausweis vorweisen k\u00f6nnen<\/strong>:<\/p>\n<ul>\n<li>Eine aktuelle Version der allgemeinen Polizeivorschriften f\u00fcr alle Binnengew\u00e4sser Frankreichs (RGP) [<a href=\"https:\/\/www.haute-savoie.gouv.fr\/contenu\/telechargement\/28037\/168112\/file\/RPPconsolide%20VOK-2019-06-17-bd.pdf\" target=\"_blank\" rel=\"noopener\">Onlineversion<\/a>]<\/li>\n<li>Eine aktuelle Version des Sonderpolizeireglements des Genfersees (RPP) [<a href=\"https:\/\/www.haute-savoie.gouv.fr\/contenu\/telechargement\/23843\/145334\" target=\"_blank\" rel=\"noopener\">Onlineversion<\/a>]<\/li>\n<li>Eine aktuelle Version des franz\u00f6sisch-schweizerischen Abkommens vom 7. Dezember 1976 [<a href=\"https:\/\/www.haute-savoie.gouv.fr\/contenu\/telechargement\/31420\/186874\/file\/O0-RNL-2019-compile-et-accord\" target=\"_blank\" rel=\"noopener\">Onlineversion<\/a>]<\/li>\n<\/ul>\n<p>&nbsp;<\/p>\n<p><strong>Dokumente und Anleitungen:<\/strong><\/p>\n<ul>\n<li><strong><a href=\"https:\/\/www.sailcom.ch\/wp-content\/uploads\/2025\/09\/Kurzanleitung_Checkliste-Galatea_Dufour-310.pdf\" target=\"_blank\" rel=\"noopener\">Kurzanleitung und Checkliste &#8211; Download PDF<\/a><\/strong><\/li>\n<li><a href=\"https:\/\/www.sailcom.ch\/wp-content\/uploads\/2024\/01\/Dufour-310-Check-list-lors-du-retour-du-bateau-.pdf\"><strong>Check-list lors du retour du bateau (FR)<\/strong><\/a><\/li>\n<li><strong><a href=\"https:\/\/www.manualslib.fr\/manual\/672851\/Dufour-Yachts-310-Grand-Large.html\" target=\"_blank\" rel=\"noopener\">Herstellermanual Dufour 310<\/a><\/strong><\/li>\n<li><strong><a href=\"https:\/\/ports-du-leman.ch\/\" target=\"_blank\" rel=\"noopener\">Hafenf\u00fchrer Leman<\/a><\/strong><\/li>\n<\/ul>\n<p><strong>Mitsegeln und Community:<\/strong><\/p>\n<p>Verbinde Dich mit der <a href=\"https:\/\/chat.whatsapp.com\/BlEK5T98UWK3QRYqlLJOnB\" target=\"_blank\" rel=\"noopener\">SailCommunity auf Whatsapp<\/a> um Crewmitglieder f\u00fcr Deinen T\u00f6rn oder eine Mitsegelgelegenheit zu finden:<\/p>\n<p><img fetchpriority=\"high\" decoding=\"async\" class=\"wp-image-59790 size-medium aligncenter\" style=\"padding-top: 25px;\" src=\"https:\/\/www.sailcom.ch\/wp-content\/uploads\/2026\/01\/20251203_QR-Code_Whatsapp_SailCommunity_640x795-242x300.png\" alt=\"\" width=\"242\" height=\"300\" \/><\/p>","protected":false},"excerpt":{"rendered":"<p><strong>5-Tage-Tarif: Fr. 1340.- (20% auf den ausgeschriebenen Tagestarif unter der Woche)<\/strong><\/p>\n<p><strong>7 Tage-Tarif: Fr. 1876.- (20% auf den ausgeschriebenen Tagestarif unter der Woche)<\/strong><\/p>\n<p>Zus\u00e4tzliche Tage werden im Tagestarif berechnet.<\/p>\n","protected":false},"author":2,"featured_media":23729,"template":"","meta":{"_acf_changed":false,"publish_to_discourse":"0","publish_post_category":"1","wpdc_auto_publish_overridden":"","wpdc_topic_tags":"","wpdc_pin_topic":"","wpdc_pin_until":"","discourse_post_id":"","discourse_permalink":"","wpdc_publishing_response":"","wpdc_publishing_error":""},"product_brand":[],"product_cat":[125],"product_tag":[],"sailcom-capability":[],"sailcom-location":[340],"sailcom-event-type":[],"sailcom-boat-type":[368],"class_list":{"0":"post-24388","1":"product","2":"type-product","3":"status-publish","4":"has-post-thumbnail","6":"product_cat-cruiser-a","7":"sailcom-location-genfersee","8":"sailcom-boat-type-cruiser-a","10":"first","11":"instock","12":"taxable","13":"shipping-taxable","14":"product-type-redq_rental"},"acf":[],"_links":{"self":[{"href":"https:\/\/www.sailcom.ch\/en\/wp-json\/wp\/v2\/product\/24388","targetHints":{"allow":["GET"]}}],"collection":[{"href":"https:\/\/www.sailcom.ch\/en\/wp-json\/wp\/v2\/product"}],"about":[{"href":"https:\/\/www.sailcom.ch\/en\/wp-json\/wp\/v2\/types\/product"}],"author":[{"embeddable":true,"href":"https:\/\/www.sailcom.ch\/en\/wp-json\/wp\/v2\/users\/2"}],"wp:featuredmedia":[{"embeddable":true,"href":"https:\/\/www.sailcom.ch\/en\/wp-json\/wp\/v2\/media\/23729"}],"wp:attachment":[{"href":"https:\/\/www.sailcom.ch\/en\/wp-json\/wp\/v2\/media?parent=24388"}],"wp:term":[{"taxonomy":"product_brand","embeddable":true,"href":"https:\/\/www.sailcom.ch\/en\/wp-json\/wp\/v2\/product_brand?post=24388"},{"taxonomy":"product_cat","embeddable":true,"href":"https:\/\/www.sailcom.ch\/en\/wp-json\/wp\/v2\/product_cat?post=24388"},{"taxonomy":"product_tag","embeddable":true,"href":"https:\/\/www.sailcom.ch\/en\/wp-json\/wp\/v2\/product_tag?post=24388"},{"taxonomy":"sailcom-capability","embeddable":true,"href":"https:\/\/www.sailcom.ch\/en\/wp-json\/wp\/v2\/sailcom-capability?post=24388"},{"taxonomy":"sailcom-location","embeddable":true,"href":"https:\/\/www.sailcom.ch\/en\/wp-json\/wp\/v2\/sailcom-location?post=24388"},{"taxonomy":"sailcom-event-type","embeddable":true,"href":"https:\/\/www.sailcom.ch\/en\/wp-json\/wp\/v2\/sailcom-event-type?post=24388"},{"taxonomy":"sailcom-boat-type","embeddable":true,"href":"https:\/\/www.sailcom.ch\/en\/wp-json\/wp\/v2\/sailcom-boat-type?post=24388"}],"curies":[{"name":"wp","href":"https:\/\/api.w.org\/{rel}","templated":true}]}}