{"id":23653,"date":"2023-12-23T10:43:49","date_gmt":"2023-12-23T09:43:49","guid":{"rendered":"https:\/\/www.sailcom.ch\/product\/product\/"},"modified":"2024-05-15T05:46:49","modified_gmt":"2024-05-15T03:46:49","slug":"event_23653","status":"publish","type":"product","link":"https:\/\/www.sailcom.ch\/en\/product\/event_23653\/","title":{"rendered":"Gennakerkurs"},"content":{"rendered":"","protected":false},"excerpt":{"rendered":"<p>Im Gennakerkurs lernst du, Gennaker setzen und bergen, halsen und shiften, optimal zum Wind trimmen und Kurse steuern. Alle Schritte werden instruiert, demonstriert und intensiv ge\u00fcbt. Beim \u00dcben wirst du alle Rollen an Bord kennenlernen und mitwirken. Wir schauen uns die Gefahren und Grenzen des Gennaker-Segelns an, damit du sicher auf dem Wasser unterwegs bist. Die Veranstaltung wird ab 2 Teilnehmer und g\u00fcnstigen Wetterbedingungen durchgef\u00fchrt. Das Gennakersegel werden wir auspacken, wenn die Windverh\u00e4ltnisse passen (bis ca. 2 Bft.), andernfalls \u00fcben wir, was das Seglerherz begehrt. Auch Nicht-Mitglieder sind herzlich willkommen! Treffpunkt bei der J70 am Steg.<\/p>\n","protected":false},"author":1993,"featured_media":9204,"template":"","meta":{"_acf_changed":false,"publish_to_discourse":"","publish_post_category":"","wpdc_auto_publish_overridden":"","wpdc_topic_tags":"","wpdc_pin_topic":"","wpdc_pin_until":"","discourse_post_id":"","discourse_permalink":"","wpdc_publishing_response":"","wpdc_publishing_error":""},"product_brand":[],"product_cat":[213],"product_tag":[],"sailcom-capability":[],"sailcom-location":[341],"sailcom-event-type":[378],"sailcom-boat-type":[],"class_list":{"0":"post-23653","1":"product","2":"type-product","3":"status-publish","4":"has-post-thumbnail","6":"product_cat-sail-along","7":"sailcom-location-greifensee","8":"sailcom-event-type-genisegeln","10":"first","11":"instock","12":"taxable","13":"shipping-taxable","14":"product-type-sc_event"},"acf":[],"_links":{"self":[{"href":"https:\/\/www.sailcom.ch\/en\/wp-json\/wp\/v2\/product\/23653","targetHints":{"allow":["GET"]}}],"collection":[{"href":"https:\/\/www.sailcom.ch\/en\/wp-json\/wp\/v2\/product"}],"about":[{"href":"https:\/\/www.sailcom.ch\/en\/wp-json\/wp\/v2\/types\/product"}],"author":[{"embeddable":true,"href":"https:\/\/www.sailcom.ch\/en\/wp-json\/wp\/v2\/users\/1993"}],"wp:featuredmedia":[{"embeddable":true,"href":"https:\/\/www.sailcom.ch\/en\/wp-json\/wp\/v2\/media\/9204"}],"wp:attachment":[{"href":"https:\/\/www.sailcom.ch\/en\/wp-json\/wp\/v2\/media?parent=23653"}],"wp:term":[{"taxonomy":"product_brand","embeddable":true,"href":"https:\/\/www.sailcom.ch\/en\/wp-json\/wp\/v2\/product_brand?post=23653"},{"taxonomy":"product_cat","embeddable":true,"href":"https:\/\/www.sailcom.ch\/en\/wp-json\/wp\/v2\/product_cat?post=23653"},{"taxonomy":"product_tag","embeddable":true,"href":"https:\/\/www.sailcom.ch\/en\/wp-json\/wp\/v2\/product_tag?post=23653"},{"taxonomy":"sailcom-capability","embeddable":true,"href":"https:\/\/www.sailcom.ch\/en\/wp-json\/wp\/v2\/sailcom-capability?post=23653"},{"taxonomy":"sailcom-location","embeddable":true,"href":"https:\/\/www.sailcom.ch\/en\/wp-json\/wp\/v2\/sailcom-location?post=23653"},{"taxonomy":"sailcom-event-type","embeddable":true,"href":"https:\/\/www.sailcom.ch\/en\/wp-json\/wp\/v2\/sailcom-event-type?post=23653"},{"taxonomy":"sailcom-boat-type","embeddable":true,"href":"https:\/\/www.sailcom.ch\/en\/wp-json\/wp\/v2\/sailcom-boat-type?post=23653"}],"curies":[{"name":"wp","href":"https:\/\/api.w.org\/{rel}","templated":true}]}}