{"id":23610,"date":"2023-12-22T23:14:47","date_gmt":"2023-12-22T22:14:47","guid":{"rendered":"https:\/\/www.sailcom.ch\/product\/product\/"},"modified":"2024-03-07T19:36:20","modified_gmt":"2024-03-07T18:36:20","slug":"event_23610","status":"publish","type":"product","link":"https:\/\/www.sailcom.ch\/en\/product\/event_23610\/","title":{"rendered":"Neu: Dufour 310 Einf\u00fchrung und Plauschsegeln\/Introduction et sortie en voile"},"content":{"rendered":"","protected":false},"excerpt":{"rendered":"<p>Willkommen an Bord des neuen Bootes, einer Dufour 310! Du kannst dich bei mir anmelden f\u00fcr einen halben Tag, einen ganzen Tag oder f\u00fcr den ganzen Event bis am Sonntagabend, auf Wunsch mit \u00dcbernachtung an Bord.<br \/>\nMach dich vertraut mit der Ausstattung\/Technik, der Doppelradsteuerung und sowie mit Hafenman\u00f6vern unter Motor. Unter Segeln wollen wir nat\u00fcrlich erleben, was die Dufour auf den verschiedenen Kursen so drauf hat.<br \/>\nDie Kosten deiner Teilnahme richten sich nach der Anzahl TeilnehmerInnen und nach der Zeit an Bord. Bitte teile mir per Mail oder WA mit, wann und wie lange du an Bord sein m\u00f6chtest. Bei Fragen: Telefon 079 643 26 11<\/p>\n<p>Bienvenue \u00e0 bord du nouveau bateau, un Dufour 310 !  Tu peux t&#039;inscrire  pour une demi-journ\u00e9e, une journ\u00e9e ou pour l&#039;\u00e9v\u00e9nement jusqu&#039;au dimanche soir, avec passer la nuit \u00e0 bord si tu le souhaites.<br \/>\nFais connaissance avec les \u00e9quipements\/technologies, les doubles roues  et les man\u0153uvres de port au moteur. Bien s\u00fbr, \u00e0 la voile, nous souhaitons exp\u00e9rimenter ce que le Dufour peut faire sur les diff\u00e9rents parcours.<br \/>\nLe co\u00fbt de ton participation d\u00e9pend du nombre de participants et du temps pass\u00e9 \u00e0 bord. Veuilles me faire savoir par e-mail ou par WA quand et combien de temps tu souhaites \u00eatre \u00e0 bord. Si tu as des questions : t\u00e9l\u00e9phone 079 643 26 11<\/p>\n<p>Treffpunkt \/ on se rencontre:      Dufour 310.   Hafen\/Port d&#039;Ouchy    beim Kran\/chez la grue<\/p>\n","protected":false},"author":2755,"featured_media":23729,"template":"","meta":{"_acf_changed":false,"publish_to_discourse":"","publish_post_category":"","wpdc_auto_publish_overridden":"","wpdc_topic_tags":"","wpdc_pin_topic":"","wpdc_pin_until":"","discourse_post_id":"","discourse_permalink":"","wpdc_publishing_response":"","wpdc_publishing_error":""},"product_brand":[],"product_cat":[213],"product_tag":[],"sailcom-capability":[],"sailcom-location":[340],"sailcom-event-type":[364],"sailcom-boat-type":[],"class_list":{"0":"post-23610","1":"product","2":"type-product","3":"status-publish","4":"has-post-thumbnail","6":"product_cat-sail-along","7":"sailcom-location-genfersee","8":"sailcom-event-type-sail-along","10":"first","11":"outofstock","12":"taxable","13":"shipping-taxable","14":"product-type-sc_event"},"acf":[],"_links":{"self":[{"href":"https:\/\/www.sailcom.ch\/en\/wp-json\/wp\/v2\/product\/23610","targetHints":{"allow":["GET"]}}],"collection":[{"href":"https:\/\/www.sailcom.ch\/en\/wp-json\/wp\/v2\/product"}],"about":[{"href":"https:\/\/www.sailcom.ch\/en\/wp-json\/wp\/v2\/types\/product"}],"author":[{"embeddable":true,"href":"https:\/\/www.sailcom.ch\/en\/wp-json\/wp\/v2\/users\/2755"}],"wp:featuredmedia":[{"embeddable":true,"href":"https:\/\/www.sailcom.ch\/en\/wp-json\/wp\/v2\/media\/23729"}],"wp:attachment":[{"href":"https:\/\/www.sailcom.ch\/en\/wp-json\/wp\/v2\/media?parent=23610"}],"wp:term":[{"taxonomy":"product_brand","embeddable":true,"href":"https:\/\/www.sailcom.ch\/en\/wp-json\/wp\/v2\/product_brand?post=23610"},{"taxonomy":"product_cat","embeddable":true,"href":"https:\/\/www.sailcom.ch\/en\/wp-json\/wp\/v2\/product_cat?post=23610"},{"taxonomy":"product_tag","embeddable":true,"href":"https:\/\/www.sailcom.ch\/en\/wp-json\/wp\/v2\/product_tag?post=23610"},{"taxonomy":"sailcom-capability","embeddable":true,"href":"https:\/\/www.sailcom.ch\/en\/wp-json\/wp\/v2\/sailcom-capability?post=23610"},{"taxonomy":"sailcom-location","embeddable":true,"href":"https:\/\/www.sailcom.ch\/en\/wp-json\/wp\/v2\/sailcom-location?post=23610"},{"taxonomy":"sailcom-event-type","embeddable":true,"href":"https:\/\/www.sailcom.ch\/en\/wp-json\/wp\/v2\/sailcom-event-type?post=23610"},{"taxonomy":"sailcom-boat-type","embeddable":true,"href":"https:\/\/www.sailcom.ch\/en\/wp-json\/wp\/v2\/sailcom-boat-type?post=23610"}],"curies":[{"name":"wp","href":"https:\/\/api.w.org\/{rel}","templated":true}]}}