{"id":17344,"date":"2023-10-13T10:53:24","date_gmt":"2023-10-13T08:53:24","guid":{"rendered":"https:\/\/www.sailcom.ch\/product\/product\/"},"modified":"2023-12-30T22:53:49","modified_gmt":"2023-12-30T21:53:49","slug":"event_17344","status":"publish","type":"product","link":"https:\/\/www.sailcom.ch\/en\/product\/event_17344\/","title":{"rendered":"ab Thalwil bei zuverl\u00e4ssigem Wind und viel Sonne"},"content":{"rendered":"","protected":false},"excerpt":{"rendered":"<p>Anmeldung sp\u00e4testens bis 14.00 Uhr, sonst wird der Anlass nicht durchgef\u00fchrt.<\/p>\n<p>Je nach Crew machen wir was passt &#8211; z.B. Spinnaker segeln<\/p>\n<p>Es ist auch eine Gelegenheit das sichere und stressfreie Ablegen und Anlegen bei Wind zu \u00fcben.<\/p>\n<p>Stegplatz Nr. 131 im Bootshafen Farbsteig, Thalwil (bei Rest. Portofino)<\/p>\n<p>der Hafen liegt 10 Gehminuten (seeaufw\u00e4rts) vom Bahnhof Thalwil respektive 200m seeaufw\u00e4rts vom Schifffahrtssteg Thalwil<\/p>\n<p>Koordinaten des Bootes: 47.295174, 8.569796<\/p>\n","protected":false},"author":1453,"featured_media":1582,"template":"","meta":{"_acf_changed":false,"publish_to_discourse":"","publish_post_category":"","wpdc_auto_publish_overridden":"","wpdc_topic_tags":"","wpdc_pin_topic":"","wpdc_pin_until":"","discourse_post_id":"","discourse_permalink":"","wpdc_publishing_response":"","wpdc_publishing_error":""},"product_brand":[],"product_cat":[213],"product_tag":[],"sailcom-capability":[],"sailcom-location":[348],"sailcom-event-type":[364],"sailcom-boat-type":[],"class_list":{"0":"post-17344","1":"product","2":"type-product","3":"status-publish","4":"has-post-thumbnail","6":"product_cat-sail-along","7":"sailcom-location-zurichsee","8":"sailcom-event-type-sail-along","10":"first","11":"instock","12":"taxable","13":"shipping-taxable","14":"product-type-sc_event"},"acf":[],"_links":{"self":[{"href":"https:\/\/www.sailcom.ch\/en\/wp-json\/wp\/v2\/product\/17344","targetHints":{"allow":["GET"]}}],"collection":[{"href":"https:\/\/www.sailcom.ch\/en\/wp-json\/wp\/v2\/product"}],"about":[{"href":"https:\/\/www.sailcom.ch\/en\/wp-json\/wp\/v2\/types\/product"}],"author":[{"embeddable":true,"href":"https:\/\/www.sailcom.ch\/en\/wp-json\/wp\/v2\/users\/1453"}],"wp:featuredmedia":[{"embeddable":true,"href":"https:\/\/www.sailcom.ch\/en\/wp-json\/wp\/v2\/media\/1582"}],"wp:attachment":[{"href":"https:\/\/www.sailcom.ch\/en\/wp-json\/wp\/v2\/media?parent=17344"}],"wp:term":[{"taxonomy":"product_brand","embeddable":true,"href":"https:\/\/www.sailcom.ch\/en\/wp-json\/wp\/v2\/product_brand?post=17344"},{"taxonomy":"product_cat","embeddable":true,"href":"https:\/\/www.sailcom.ch\/en\/wp-json\/wp\/v2\/product_cat?post=17344"},{"taxonomy":"product_tag","embeddable":true,"href":"https:\/\/www.sailcom.ch\/en\/wp-json\/wp\/v2\/product_tag?post=17344"},{"taxonomy":"sailcom-capability","embeddable":true,"href":"https:\/\/www.sailcom.ch\/en\/wp-json\/wp\/v2\/sailcom-capability?post=17344"},{"taxonomy":"sailcom-location","embeddable":true,"href":"https:\/\/www.sailcom.ch\/en\/wp-json\/wp\/v2\/sailcom-location?post=17344"},{"taxonomy":"sailcom-event-type","embeddable":true,"href":"https:\/\/www.sailcom.ch\/en\/wp-json\/wp\/v2\/sailcom-event-type?post=17344"},{"taxonomy":"sailcom-boat-type","embeddable":true,"href":"https:\/\/www.sailcom.ch\/en\/wp-json\/wp\/v2\/sailcom-boat-type?post=17344"}],"curies":[{"name":"wp","href":"https:\/\/api.w.org\/{rel}","templated":true}]}}