{"id":17088,"date":"2023-10-06T21:11:52","date_gmt":"2023-10-06T19:11:52","guid":{"rendered":"https:\/\/www.sailcom.ch\/product\/product\/"},"modified":"2023-12-30T22:53:50","modified_gmt":"2023-12-30T21:53:50","slug":"event_17088","status":"publish","type":"product","link":"https:\/\/www.sailcom.ch\/en\/product\/event_17088\/","title":{"rendered":"Navigation de fin de saison"},"content":{"rendered":"","protected":false},"excerpt":{"rendered":"<p>Les \u00e9quipes de Lausanne et de Vevey se r\u00e9jouissent de te retrouver pour une sortie d\u00e9contract\u00e9e et pour partager un ap\u00e9ro en fin de journ\u00e9e. Sur Saphire, si le vent est adapt\u00e9, navigation et cours de gennaker :-).<\/p>\n","protected":false},"author":2779,"featured_media":1581,"template":"","meta":{"_acf_changed":false,"publish_to_discourse":"","publish_post_category":"","wpdc_auto_publish_overridden":"","wpdc_topic_tags":"","wpdc_pin_topic":"","wpdc_pin_until":"","discourse_post_id":"","discourse_permalink":"","wpdc_publishing_response":"","wpdc_publishing_error":""},"product_brand":[],"product_cat":[213],"product_tag":[],"sailcom-capability":[],"sailcom-location":[340],"sailcom-event-type":[364],"sailcom-boat-type":[],"class_list":{"0":"post-17088","1":"product","2":"type-product","3":"status-publish","4":"has-post-thumbnail","6":"product_cat-sail-along","7":"sailcom-location-genfersee","8":"sailcom-event-type-sail-along","10":"first","11":"instock","12":"taxable","13":"shipping-taxable","14":"product-type-sc_event"},"acf":[],"_links":{"self":[{"href":"https:\/\/www.sailcom.ch\/en\/wp-json\/wp\/v2\/product\/17088","targetHints":{"allow":["GET"]}}],"collection":[{"href":"https:\/\/www.sailcom.ch\/en\/wp-json\/wp\/v2\/product"}],"about":[{"href":"https:\/\/www.sailcom.ch\/en\/wp-json\/wp\/v2\/types\/product"}],"author":[{"embeddable":true,"href":"https:\/\/www.sailcom.ch\/en\/wp-json\/wp\/v2\/users\/2779"}],"wp:featuredmedia":[{"embeddable":true,"href":"https:\/\/www.sailcom.ch\/en\/wp-json\/wp\/v2\/media\/1581"}],"wp:attachment":[{"href":"https:\/\/www.sailcom.ch\/en\/wp-json\/wp\/v2\/media?parent=17088"}],"wp:term":[{"taxonomy":"product_brand","embeddable":true,"href":"https:\/\/www.sailcom.ch\/en\/wp-json\/wp\/v2\/product_brand?post=17088"},{"taxonomy":"product_cat","embeddable":true,"href":"https:\/\/www.sailcom.ch\/en\/wp-json\/wp\/v2\/product_cat?post=17088"},{"taxonomy":"product_tag","embeddable":true,"href":"https:\/\/www.sailcom.ch\/en\/wp-json\/wp\/v2\/product_tag?post=17088"},{"taxonomy":"sailcom-capability","embeddable":true,"href":"https:\/\/www.sailcom.ch\/en\/wp-json\/wp\/v2\/sailcom-capability?post=17088"},{"taxonomy":"sailcom-location","embeddable":true,"href":"https:\/\/www.sailcom.ch\/en\/wp-json\/wp\/v2\/sailcom-location?post=17088"},{"taxonomy":"sailcom-event-type","embeddable":true,"href":"https:\/\/www.sailcom.ch\/en\/wp-json\/wp\/v2\/sailcom-event-type?post=17088"},{"taxonomy":"sailcom-boat-type","embeddable":true,"href":"https:\/\/www.sailcom.ch\/en\/wp-json\/wp\/v2\/sailcom-boat-type?post=17088"}],"curies":[{"name":"wp","href":"https:\/\/api.w.org\/{rel}","templated":true}]}}