{"id":16999,"date":"2023-10-05T11:23:02","date_gmt":"2023-10-05T09:23:02","guid":{"rendered":"https:\/\/www.sailcom.ch\/product\/product\/"},"modified":"2023-12-30T22:55:13","modified_gmt":"2023-12-30T21:55:13","slug":"event_16999","status":"publish","type":"product","link":"https:\/\/www.sailcom.ch\/en\/product\/event_16999\/","title":{"rendered":"Training: Segeln und Trimmen &#8211; Sail and Trimm"},"content":{"rendered":"","protected":false},"excerpt":{"rendered":"<p>*** F\u00fcr Deutsch bitte weiter unten lesen ***<\/p>\n<p>*** ENGLISH ***<br \/>\nSail + Trimm<br \/>\nI am pleased to offer you this popular refresher: &quot;Sail + Trimm&quot;<\/p>\n<p>Tacking, gybing, reefing we know that &#8211; no problem. In this training, we dedicate ourselves to the trimming possibilities of the jib and the main sail on various courses and for weak and strong winds. So you feel safe and can make the most of the sails.<\/p>\n<p>!!! This course takes place in any weather.<br \/>\n!!! We&#039;ll meet at the yacht.<\/p>\n<p>*** DEUTSCH ***<br \/>\nSegeln + Trimmen<br \/>\nEs freut mich euch wieder den beliebten Refresher anzubieten: \u201eSegeln+Trimmen\u201c\u2028\u2028<\/p>\n<p>Wenden, Halsen, Reffen das kennen wir &#8211; kein Problem. An diesem Training widmen wir uns den Trimmm\u00f6glichkeiten von Vor- und Grossegel auf verschiedenen Kursen und f\u00fcr Schwach- und Starkwind. So f\u00fchlt ihr euch sicher und k\u00f6nnt die Segel optimal nutzen.\u00a0<\/p>\n<p>!!! Dieser Kurs findet bei jedem Wetter statt.<br \/>\n!!! Wir treffen uns bei der Yacht.<\/p>\n","protected":false},"author":7,"featured_media":1585,"template":"","meta":{"_acf_changed":false,"publish_to_discourse":"","publish_post_category":"","wpdc_auto_publish_overridden":"","wpdc_topic_tags":"","wpdc_pin_topic":"","wpdc_pin_until":"","discourse_post_id":"","discourse_permalink":"","wpdc_publishing_response":"","wpdc_publishing_error":""},"product_brand":[],"product_cat":[236],"product_tag":[],"sailcom-capability":[],"sailcom-location":[348],"sailcom-event-type":[374],"sailcom-boat-type":[],"class_list":{"0":"post-16999","1":"product","2":"type-product","3":"status-publish","4":"has-post-thumbnail","6":"product_cat-skippertraining","7":"sailcom-location-zurichsee","8":"sailcom-event-type-skippertraining","10":"first","11":"instock","12":"taxable","13":"shipping-taxable","14":"product-type-sc_event"},"acf":[],"_links":{"self":[{"href":"https:\/\/www.sailcom.ch\/en\/wp-json\/wp\/v2\/product\/16999","targetHints":{"allow":["GET"]}}],"collection":[{"href":"https:\/\/www.sailcom.ch\/en\/wp-json\/wp\/v2\/product"}],"about":[{"href":"https:\/\/www.sailcom.ch\/en\/wp-json\/wp\/v2\/types\/product"}],"author":[{"embeddable":true,"href":"https:\/\/www.sailcom.ch\/en\/wp-json\/wp\/v2\/users\/7"}],"wp:featuredmedia":[{"embeddable":true,"href":"https:\/\/www.sailcom.ch\/en\/wp-json\/wp\/v2\/media\/1585"}],"wp:attachment":[{"href":"https:\/\/www.sailcom.ch\/en\/wp-json\/wp\/v2\/media?parent=16999"}],"wp:term":[{"taxonomy":"product_brand","embeddable":true,"href":"https:\/\/www.sailcom.ch\/en\/wp-json\/wp\/v2\/product_brand?post=16999"},{"taxonomy":"product_cat","embeddable":true,"href":"https:\/\/www.sailcom.ch\/en\/wp-json\/wp\/v2\/product_cat?post=16999"},{"taxonomy":"product_tag","embeddable":true,"href":"https:\/\/www.sailcom.ch\/en\/wp-json\/wp\/v2\/product_tag?post=16999"},{"taxonomy":"sailcom-capability","embeddable":true,"href":"https:\/\/www.sailcom.ch\/en\/wp-json\/wp\/v2\/sailcom-capability?post=16999"},{"taxonomy":"sailcom-location","embeddable":true,"href":"https:\/\/www.sailcom.ch\/en\/wp-json\/wp\/v2\/sailcom-location?post=16999"},{"taxonomy":"sailcom-event-type","embeddable":true,"href":"https:\/\/www.sailcom.ch\/en\/wp-json\/wp\/v2\/sailcom-event-type?post=16999"},{"taxonomy":"sailcom-boat-type","embeddable":true,"href":"https:\/\/www.sailcom.ch\/en\/wp-json\/wp\/v2\/sailcom-boat-type?post=16999"}],"curies":[{"name":"wp","href":"https:\/\/api.w.org\/{rel}","templated":true}]}}