{"id":16650,"date":"2023-09-28T14:08:50","date_gmt":"2023-09-28T12:08:50","guid":{"rendered":"https:\/\/www.sailcom.ch\/product\/product\/"},"modified":"2023-12-30T22:53:50","modified_gmt":"2023-12-30T21:53:50","slug":"event_16650","status":"publish","type":"product","link":"https:\/\/www.sailcom.ch\/en\/product\/event_16650\/","title":{"rendered":"Navigation de fin de saison"},"content":{"rendered":"","protected":false},"excerpt":{"rendered":"<p>Les \u00e9quipes de Lausanne et de Vevey se r\u00e9jouissent de te retrouver pour une sortie d\u00e9contract\u00e9e et pour partager un ap\u00e9ro en fin de journ\u00e9e.<br \/>\nRendez-vous \u00e0 11h devant le restaurant La Nautica.<\/p>\n<p>Programme:<\/p>\n<p>10h45 Rendez-vous \u00e0 Ouchy pour un caf\u00e9\/croissant<br \/>\nNous nous retrouvons dans la salle La Nautique, l\u2019entr\u00e9e se trouve \u00e0 c\u00f4t\u00e9 de l\u2019\u00e9cole de voile<br \/>\nd\u2019Ouchy (du m\u00eame c\u00f4t\u00e9 o\u00f9 se trouve le local pour les badges des bateaux).<\/p>\n<p>11h45 \u2013 15h15<br \/>\nEmbarquement \u00e0 bord des diff\u00e9rents bateaux \u00e0 Ouchy &amp; navigation<\/p>\n<p>15h retour sur Ouchy<\/p>\n<p>15h30 Ap\u00e9ro de fin de saison<\/p>\n<p>A prendre avec toi<br \/>\n&#8211; Equipement complet pour la voile (gilet, cir\u00e9, gants)<br \/>\n&#8211; Habits chauds et rechange<br \/>\n&#8211; Un pique-nique pour le mid<\/p>\n","protected":false},"author":3440,"featured_media":10396,"template":"","meta":{"_acf_changed":false,"publish_to_discourse":"","publish_post_category":"","wpdc_auto_publish_overridden":"","wpdc_topic_tags":"","wpdc_pin_topic":"","wpdc_pin_until":"","discourse_post_id":"","discourse_permalink":"","wpdc_publishing_response":"","wpdc_publishing_error":""},"product_brand":[],"product_cat":[213],"product_tag":[],"sailcom-capability":[],"sailcom-location":[340],"sailcom-event-type":[364],"sailcom-boat-type":[],"class_list":{"0":"post-16650","1":"product","2":"type-product","3":"status-publish","4":"has-post-thumbnail","6":"product_cat-sail-along","7":"sailcom-location-genfersee","8":"sailcom-event-type-sail-along","10":"first","11":"instock","12":"taxable","13":"shipping-taxable","14":"product-type-sc_event"},"acf":[],"_links":{"self":[{"href":"https:\/\/www.sailcom.ch\/en\/wp-json\/wp\/v2\/product\/16650","targetHints":{"allow":["GET"]}}],"collection":[{"href":"https:\/\/www.sailcom.ch\/en\/wp-json\/wp\/v2\/product"}],"about":[{"href":"https:\/\/www.sailcom.ch\/en\/wp-json\/wp\/v2\/types\/product"}],"author":[{"embeddable":true,"href":"https:\/\/www.sailcom.ch\/en\/wp-json\/wp\/v2\/users\/3440"}],"wp:featuredmedia":[{"embeddable":true,"href":"https:\/\/www.sailcom.ch\/en\/wp-json\/wp\/v2\/media\/10396"}],"wp:attachment":[{"href":"https:\/\/www.sailcom.ch\/en\/wp-json\/wp\/v2\/media?parent=16650"}],"wp:term":[{"taxonomy":"product_brand","embeddable":true,"href":"https:\/\/www.sailcom.ch\/en\/wp-json\/wp\/v2\/product_brand?post=16650"},{"taxonomy":"product_cat","embeddable":true,"href":"https:\/\/www.sailcom.ch\/en\/wp-json\/wp\/v2\/product_cat?post=16650"},{"taxonomy":"product_tag","embeddable":true,"href":"https:\/\/www.sailcom.ch\/en\/wp-json\/wp\/v2\/product_tag?post=16650"},{"taxonomy":"sailcom-capability","embeddable":true,"href":"https:\/\/www.sailcom.ch\/en\/wp-json\/wp\/v2\/sailcom-capability?post=16650"},{"taxonomy":"sailcom-location","embeddable":true,"href":"https:\/\/www.sailcom.ch\/en\/wp-json\/wp\/v2\/sailcom-location?post=16650"},{"taxonomy":"sailcom-event-type","embeddable":true,"href":"https:\/\/www.sailcom.ch\/en\/wp-json\/wp\/v2\/sailcom-event-type?post=16650"},{"taxonomy":"sailcom-boat-type","embeddable":true,"href":"https:\/\/www.sailcom.ch\/en\/wp-json\/wp\/v2\/sailcom-boat-type?post=16650"}],"curies":[{"name":"wp","href":"https:\/\/api.w.org\/{rel}","templated":true}]}}