{"id":1559,"date":"2023-08-08T12:00:17","date_gmt":"2023-08-08T10:00:17","guid":{"rendered":"https:\/\/www.sailcom.ch\/?post_type=product&#038;p=1559"},"modified":"2026-03-30T16:21:54","modified_gmt":"2026-03-30T14:21:54","slug":"trimaran","status":"publish","type":"product","link":"https:\/\/www.sailcom.ch\/en\/product\/trimaran\/","title":{"rendered":"Trimaran"},"content":{"rendered":"<p>Der Corsair Dash 750MkII Trimaran ist ein kompaktes 3\u00ad Rumpfboot, das Dir sehr viel Segelspass vermittelt und trotzdem einfach im Handling ist.<br \/>\nEs eignet sich f\u00fcr Kurzt\u00f6rns genauso wie f\u00fcr l\u00e4ngere Ausfl\u00fcge mit \u00dcbernachtungen auf dem Neuenburgersee geeignet.<\/p>\n<p>Der Trimaran bietet viel Platz und kr\u00e4ngt auch am Wind kaum. Er ist deshalb ein ideales Familien\u00ad und Badeboot.<br \/>\nMit dem Hubkiel k\u00f6nnen auch die flachen Sandb\u00e4nke am Neuenburgersee\u00ad S\u00fcdufer ideal angefahren werden.<\/p>\n<p><strong>Liegeplatz im Stadthafen Neuenburg, Jeune-Rives, Steg A, Platz 68<br \/>\n<\/strong><strong>Den Zugangscode zum Steg findest Du in Handbuch &amp; Checkliste<\/strong><\/p>\n<p><a href=\"https:\/\/www.sailcom.ch\/wp-content\/uploads\/2024\/04\/Handbuch_Trimaran_DE.pdf\" target=\"_blank\" rel=\"noopener\">Handbuch Trimaran<\/a><\/p>\n<p><a href=\"https:\/\/www.sailcom.ch\/wp-content\/uploads\/2024\/04\/Checkliste_Trimaran_DE-1.pdf\" target=\"_blank\" rel=\"noopener\">Checkliste<\/a><\/p>\n<p><a href=\"\/wp-content\/uploads\/2023\/07\/Sailing_Manual_for_All_Corsair_Models_Including_Corsair_F_24_F_28_F_31.pdf\" target=\"_blank\" rel=\"noopener\">Allg. Manual Corsaire<\/a><\/p>\n<p>Download:\u00a0<a href=\"https:\/\/www.sailcom.ch\/wp-content\/uploads\/2025\/05\/HafenFuhrer.pdf\" target=\"_blank\" rel=\"noopener\">Hafenf\u00fchrer Neuenburgersee DE<\/a><\/p>\n<p>Download:\u00a0<a href=\"https:\/\/www.sailcom.ch\/wp-content\/uploads\/2025\/05\/HafenFuhrer_F.pdf\" target=\"_blank\" rel=\"noopener\">Guide des ports du Lac de Neuch\u00e2tel<\/a><\/p>\n<p><strong>Mitsegeln und Community:<\/strong><\/p>\n<p>Verbinde Dich mit der <a href=\"https:\/\/chat.whatsapp.com\/BlEK5T98UWK3QRYqlLJOnB\" target=\"_blank\" rel=\"noopener\">SailCommunity auf Whatsapp<\/a> um Crewmitglieder f\u00fcr Deinen T\u00f6rn oder eine Mitsegelgelegenheit zu finden:<\/p>\n<p><img fetchpriority=\"high\" decoding=\"async\" class=\"wp-image-59790 size-medium aligncenter\" style=\"padding-top: 25px;\" src=\"https:\/\/www.sailcom.ch\/wp-content\/uploads\/2026\/01\/20251203_QR-Code_Whatsapp_SailCommunity_640x795-242x300.png\" alt=\"\" width=\"242\" height=\"300\" \/><\/p>","protected":false},"excerpt":{"rendered":"<p>Der Corsair Dash 750MkII Trimaran ist ein kompaktes 3\u00ad Rumpfboot, das Dir sehr viel Segelspass vermittelt und trotzdem einfach im Handling ist. Es eignet sich f\u00fcr Kurzt\u00f6rns genauso wie f\u00fcr l\u00e4ngere Ausfl\u00fcge mit \u00dcbernachtungen auf dem Neuenburgersee geeignet. Der Trimaran bietet viel Platz und kr\u00e4ngt auch am Wind kaum. Er ist deshalb ein ideales Familien\u00ad [&hellip;]<\/p>\n","protected":false},"author":2,"featured_media":53524,"template":"","meta":{"_acf_changed":false,"publish_to_discourse":"","publish_post_category":"","wpdc_auto_publish_overridden":"","wpdc_topic_tags":"","wpdc_pin_topic":"","wpdc_pin_until":"","discourse_post_id":"","discourse_permalink":"","wpdc_publishing_response":"","wpdc_publishing_error":""},"product_brand":[],"product_cat":[134],"product_tag":[],"sailcom-capability":[],"sailcom-location":[344],"sailcom-event-type":[],"sailcom-boat-type":[370],"class_list":{"0":"post-1559","1":"product","2":"type-product","3":"status-publish","4":"has-post-thumbnail","6":"product_cat-special","7":"sailcom-location-neuenburgersee","8":"sailcom-boat-type-special","10":"first","11":"instock","12":"taxable","13":"shipping-taxable","14":"product-type-redq_rental"},"acf":[],"_links":{"self":[{"href":"https:\/\/www.sailcom.ch\/en\/wp-json\/wp\/v2\/product\/1559","targetHints":{"allow":["GET"]}}],"collection":[{"href":"https:\/\/www.sailcom.ch\/en\/wp-json\/wp\/v2\/product"}],"about":[{"href":"https:\/\/www.sailcom.ch\/en\/wp-json\/wp\/v2\/types\/product"}],"author":[{"embeddable":true,"href":"https:\/\/www.sailcom.ch\/en\/wp-json\/wp\/v2\/users\/2"}],"wp:featuredmedia":[{"embeddable":true,"href":"https:\/\/www.sailcom.ch\/en\/wp-json\/wp\/v2\/media\/53524"}],"wp:attachment":[{"href":"https:\/\/www.sailcom.ch\/en\/wp-json\/wp\/v2\/media?parent=1559"}],"wp:term":[{"taxonomy":"product_brand","embeddable":true,"href":"https:\/\/www.sailcom.ch\/en\/wp-json\/wp\/v2\/product_brand?post=1559"},{"taxonomy":"product_cat","embeddable":true,"href":"https:\/\/www.sailcom.ch\/en\/wp-json\/wp\/v2\/product_cat?post=1559"},{"taxonomy":"product_tag","embeddable":true,"href":"https:\/\/www.sailcom.ch\/en\/wp-json\/wp\/v2\/product_tag?post=1559"},{"taxonomy":"sailcom-capability","embeddable":true,"href":"https:\/\/www.sailcom.ch\/en\/wp-json\/wp\/v2\/sailcom-capability?post=1559"},{"taxonomy":"sailcom-location","embeddable":true,"href":"https:\/\/www.sailcom.ch\/en\/wp-json\/wp\/v2\/sailcom-location?post=1559"},{"taxonomy":"sailcom-event-type","embeddable":true,"href":"https:\/\/www.sailcom.ch\/en\/wp-json\/wp\/v2\/sailcom-event-type?post=1559"},{"taxonomy":"sailcom-boat-type","embeddable":true,"href":"https:\/\/www.sailcom.ch\/en\/wp-json\/wp\/v2\/sailcom-boat-type?post=1559"}],"curies":[{"name":"wp","href":"https:\/\/api.w.org\/{rel}","templated":true}]}}