{"id":1558,"date":"2025-03-04T10:00:17","date_gmt":"2025-03-04T09:00:17","guid":{"rendered":"https:\/\/www.sailcom.ch\/?post_type=product&#038;p=1558"},"modified":"2026-05-13T08:28:14","modified_gmt":"2026-05-13T06:28:14","slug":"tramontana","status":"publish","type":"product","link":"https:\/\/www.sailcom.ch\/en\/product\/tramontana\/","title":{"rendered":"Dehler 29 (Tramontana) <br\/>Ronco s. Ascona"},"content":{"rendered":"<p><strong>Mehr Spass am Segeln \u2013 das verspricht die Dehler 29 &#8220;Tramontana&#8221; ab Porto Ronco bei Ascona am traumhaften Lago Maggiore.<\/strong><br \/>\nDer schnelle Family-Cruiser verbindet kraftvolle Dynamik, h\u00f6chste Sicherheit sowie angenehmen Komfort mit einer au\u00dferordentlichen Raumausnutzung.<\/p>\n<p>Die Tramonana begeistert Dich als familienbewusste*n Fahrtensegler*in durch ihre Vielseitigkeit und l\u00e4sst gleichzeitig die Herzen anspruchsvoller Regattasegler*innen h\u00f6her schlagen.<br \/>\nEine echte Performance-Yacht f\u00fcr lange T\u00f6rns und ambitionierte Rennen.<\/p>\n<p>Die Dehler 29 &#8220;Tramontana&#8221; ist einfach zu handhaben und verf\u00fcgt dennoch \u00fcber hervorragende Segeleigenschaften in allen Wettersituationen, die ein dynamisches und dennoch sicheres Segeln garantieren.<\/p>\n<p>G\u00f6nne Dir, Deinen Freunden und Deiner Familie eine Auszeit auf dem Lago Maggiore und geniesse die Italianit\u00e1, die Sonne und die spektakul\u00e4re Natur in der Sonnenstube der Schweiz und dem angrenzenden Italien, das ganze Jahr \u00fcber.<\/p>\n<p><strong>Der Lago Maggiore ist ein echtes 5-Sterne-Segelrevier, das Du als SailCom Mitglied mit dieser modernen und eleganten Yacht stilvoll und g\u00fcnstig erkunden kannst.<\/strong><\/p>\n<p><a href=\"https:\/\/www.sailcom.ch\/wp-content\/uploads\/2024\/05\/Handbuch-TramontanaV1.8.pdf\" target=\"_blank\" rel=\"noopener\">Handbuch Tramonatana<\/a><\/p>\n<p><a href=\"https:\/\/www.sailcom.ch\/wp-content\/uploads\/2023\/09\/Tramontana_CLUebernahmeV1.1.pdf\" target=\"_blank\" rel=\"noopener\">Checkliste \u00dcbernahme<\/a><\/p>\n<p><a href=\"https:\/\/www.sailcom.ch\/wp-content\/uploads\/2023\/09\/Tramontana_CLUebernahmeV1.1.pdf\" target=\"_blank\" rel=\"noopener\">Checkliste Abgabe<\/a><\/p>\n<p><strong>Mitsegeln und Community:<\/strong><\/p>\n<p>Verbinde Dich mit der <a href=\"https:\/\/chat.whatsapp.com\/BlEK5T98UWK3QRYqlLJOnB\" target=\"_blank\" rel=\"noopener\">SailCommunity auf Whatsapp<\/a> um Crewmitglieder f\u00fcr Deinen T\u00f6rn oder eine Mitsegelgelegenheit zu finden:<\/p>\n<p><img fetchpriority=\"high\" decoding=\"async\" class=\"wp-image-59790 size-medium aligncenter\" style=\"padding-top: 25px;\" src=\"https:\/\/www.sailcom.ch\/wp-content\/uploads\/2026\/01\/20251203_QR-Code_Whatsapp_SailCommunity_640x795-242x300.png\" alt=\"\" width=\"242\" height=\"300\" \/><\/p>","protected":false},"excerpt":{"rendered":"<p><strong>5-Tage-Tarif: Fr. 1&#8217;280.- (20% auf den ausgeschriebenen Tagestarif unter der Woche)<\/strong><\/p>\n<p><strong>7 Tage-Tarif: Fr. 1&#8217;792.- (20% auf den ausgeschriebenen Tagestarif unter der Woche)<\/strong><\/p>\n<p>Zus\u00e4tzliche Tage werden im Tagestarif berechnet.<\/p>\n","protected":false},"author":2,"featured_media":14124,"template":"","meta":{"_acf_changed":false,"publish_to_discourse":"0","publish_post_category":"1","wpdc_auto_publish_overridden":"","wpdc_topic_tags":"","wpdc_pin_topic":"","wpdc_pin_until":"","discourse_post_id":"","discourse_permalink":"","wpdc_publishing_response":"","wpdc_publishing_error":""},"product_brand":[],"product_cat":[125],"product_tag":[],"sailcom-capability":[],"sailcom-location":[343],"sailcom-event-type":[],"sailcom-boat-type":[368],"class_list":{"0":"post-1558","1":"product","2":"type-product","3":"status-publish","4":"has-post-thumbnail","6":"product_cat-cruiser-a","7":"sailcom-location-lagomaggiore","8":"sailcom-boat-type-cruiser-a","10":"first","11":"instock","12":"taxable","13":"shipping-taxable","14":"product-type-redq_rental"},"acf":[],"_links":{"self":[{"href":"https:\/\/www.sailcom.ch\/en\/wp-json\/wp\/v2\/product\/1558","targetHints":{"allow":["GET"]}}],"collection":[{"href":"https:\/\/www.sailcom.ch\/en\/wp-json\/wp\/v2\/product"}],"about":[{"href":"https:\/\/www.sailcom.ch\/en\/wp-json\/wp\/v2\/types\/product"}],"author":[{"embeddable":true,"href":"https:\/\/www.sailcom.ch\/en\/wp-json\/wp\/v2\/users\/2"}],"wp:featuredmedia":[{"embeddable":true,"href":"https:\/\/www.sailcom.ch\/en\/wp-json\/wp\/v2\/media\/14124"}],"wp:attachment":[{"href":"https:\/\/www.sailcom.ch\/en\/wp-json\/wp\/v2\/media?parent=1558"}],"wp:term":[{"taxonomy":"product_brand","embeddable":true,"href":"https:\/\/www.sailcom.ch\/en\/wp-json\/wp\/v2\/product_brand?post=1558"},{"taxonomy":"product_cat","embeddable":true,"href":"https:\/\/www.sailcom.ch\/en\/wp-json\/wp\/v2\/product_cat?post=1558"},{"taxonomy":"product_tag","embeddable":true,"href":"https:\/\/www.sailcom.ch\/en\/wp-json\/wp\/v2\/product_tag?post=1558"},{"taxonomy":"sailcom-capability","embeddable":true,"href":"https:\/\/www.sailcom.ch\/en\/wp-json\/wp\/v2\/sailcom-capability?post=1558"},{"taxonomy":"sailcom-location","embeddable":true,"href":"https:\/\/www.sailcom.ch\/en\/wp-json\/wp\/v2\/sailcom-location?post=1558"},{"taxonomy":"sailcom-event-type","embeddable":true,"href":"https:\/\/www.sailcom.ch\/en\/wp-json\/wp\/v2\/sailcom-event-type?post=1558"},{"taxonomy":"sailcom-boat-type","embeddable":true,"href":"https:\/\/www.sailcom.ch\/en\/wp-json\/wp\/v2\/sailcom-boat-type?post=1558"}],"curies":[{"name":"wp","href":"https:\/\/api.w.org\/{rel}","templated":true}]}}