{"id":1557,"date":"2023-09-12T12:00:17","date_gmt":"2023-09-12T10:00:17","guid":{"rendered":"https:\/\/www.sailcom.ch\/?post_type=product&#038;p=1557"},"modified":"2026-05-13T10:33:58","modified_gmt":"2026-05-13T08:33:58","slug":"topas","status":"publish","type":"product","link":"https:\/\/www.sailcom.ch\/en\/product\/topas\/","title":{"rendered":"Surprise (Topas) <br\/>Versoix"},"content":{"rendered":"<p><strong>Die liebevoll restaurierte &#8220;Topas&#8221; ist eine schnelle, agile und sichere Segelyacht vom Typ Archambault &#8220;Surprise&#8221;.<\/strong><br \/>\nDas ideale Segelboot auf dem Genfersee auch f\u00fcr Leichtwind.<br \/>\nEs ist sehr wendig und leicht zu man\u00f6vrieren. Es verf\u00fcgt \u00fcber den Komfort einer einfachen, aber funktionellen Yacht.<\/p>\n<p>Also, um es mit dem Bootsteam zu sagen: &#8220;Das beste Boot f\u00fcr den besten See ;-)&#8221;<\/p>\n<p>Ein sch\u00f6nes Boot und sehr praktisch, um mit Freunden oder Familie viel Spass zu haben.<\/p>\n<p><strong>Liegeplatz:<\/strong> Ab 2025 neu in Versoix auf dem Platz 460&#8217;067<\/p>\n<p>Ausgestattet mit Hubkiel ist die Topas ideal f\u00fcr Ausfl\u00fcge mit der Familie oder mit Freunden!<\/p>\n<p><a href=\"\/wp-content\/uploads\/2023\/07\/Surprise_Topas_VSX.pdf\" target=\"_blank\" rel=\"noopener\">Handbuch Surprise Topas<\/a><\/p>\n<hr \/>\n<p>An Bord findest Du auch die f\u00fcr eine Fahrt zur franz\u00f6sischen Seite mitzuf\u00fchrenden Dokumente ausgedruckt vor.<br \/>\nBei einer Kontrolle durch die franz\u00f6sische Seepolizei\u00a0<strong>muss Du die folgenden Dokumente zus\u00e4tzlich zu den Bootspapieren und Deinem F\u00fchrerausweis vorweisen k\u00f6nnen<\/strong>:<\/p>\n<ul>\n<li>Eine aktuelle Version der allgemeinen Polizeivorschriften f\u00fcr alle Binnengew\u00e4sser Frankreichs (RGP) [<a href=\"https:\/\/www.haute-savoie.gouv.fr\/contenu\/telechargement\/28037\/168112\/file\/RPPconsolide%20VOK-2019-06-17-bd.pdf\" target=\"_blank\" rel=\"noopener\">Onlineversion<\/a>]<\/li>\n<li>Eine aktuelle Version des Sonderpolizeireglements des Genfersees (RPP) [<a href=\"https:\/\/www.haute-savoie.gouv.fr\/contenu\/telechargement\/23843\/145334\" target=\"_blank\" rel=\"noopener\">Onlineversion<\/a>]<\/li>\n<li>Eine aktuelle Version des franz\u00f6sisch-schweizerischen Abkommens vom 7. Dezember 1976 [<a href=\"https:\/\/www.haute-savoie.gouv.fr\/contenu\/telechargement\/31420\/186874\/file\/O0-RNL-2019-compile-et-accord\" target=\"_blank\" rel=\"noopener\">Onlineversion<\/a>]<\/li>\n<\/ul>\n<p><strong>Mitsegeln und Community:<\/strong><\/p>\n<p>Verbinde Dich mit der <a href=\"https:\/\/chat.whatsapp.com\/BlEK5T98UWK3QRYqlLJOnB\" target=\"_blank\" rel=\"noopener\">SailCommunity auf Whatsapp<\/a> um Crewmitglieder f\u00fcr Deinen T\u00f6rn oder eine Mitsegelgelegenheit zu finden:<\/p>\n<p><img fetchpriority=\"high\" decoding=\"async\" class=\"wp-image-59790 size-medium aligncenter\" style=\"padding-top: 25px;\" src=\"https:\/\/www.sailcom.ch\/wp-content\/uploads\/2026\/01\/20251203_QR-Code_Whatsapp_SailCommunity_640x795-242x300.png\" alt=\"\" width=\"242\" height=\"300\" \/><br \/>\n&nbsp;<\/p>","protected":false},"excerpt":{"rendered":"<p>Die liebevoll restaurierte &#8220;Topas&#8221; ist eine schnelle, agile und sichere Segelyacht vom Typ Archambault &#8220;Surprise&#8221;. Das ideale Segelboot auf dem Genfersee auch f\u00fcr Leichtwind. Es ist sehr wendig und leicht zu man\u00f6vrieren. Es verf\u00fcgt \u00fcber den Komfort einer einfachen, aber funktionellen Yacht. Also, um es mit dem Bootsteam zu sagen: &#8220;Das beste Boot f\u00fcr den [&hellip;]<\/p>\n","protected":false},"author":2,"featured_media":1586,"template":"","meta":{"_acf_changed":false,"publish_to_discourse":"0","publish_post_category":"1","wpdc_auto_publish_overridden":"","wpdc_topic_tags":"","wpdc_pin_topic":"","wpdc_pin_until":"","discourse_post_id":"","discourse_permalink":"","wpdc_publishing_response":"","wpdc_publishing_error":""},"product_brand":[],"product_cat":[123],"product_tag":[],"sailcom-capability":[],"sailcom-location":[340],"sailcom-event-type":[],"sailcom-boat-type":[366],"class_list":{"0":"post-1557","1":"product","2":"type-product","3":"status-publish","4":"has-post-thumbnail","6":"product_cat-day-easy","7":"sailcom-location-genfersee","8":"sailcom-boat-type-day-easy","10":"first","11":"instock","12":"taxable","13":"shipping-taxable","14":"product-type-redq_rental"},"acf":[],"_links":{"self":[{"href":"https:\/\/www.sailcom.ch\/en\/wp-json\/wp\/v2\/product\/1557","targetHints":{"allow":["GET"]}}],"collection":[{"href":"https:\/\/www.sailcom.ch\/en\/wp-json\/wp\/v2\/product"}],"about":[{"href":"https:\/\/www.sailcom.ch\/en\/wp-json\/wp\/v2\/types\/product"}],"author":[{"embeddable":true,"href":"https:\/\/www.sailcom.ch\/en\/wp-json\/wp\/v2\/users\/2"}],"wp:featuredmedia":[{"embeddable":true,"href":"https:\/\/www.sailcom.ch\/en\/wp-json\/wp\/v2\/media\/1586"}],"wp:attachment":[{"href":"https:\/\/www.sailcom.ch\/en\/wp-json\/wp\/v2\/media?parent=1557"}],"wp:term":[{"taxonomy":"product_brand","embeddable":true,"href":"https:\/\/www.sailcom.ch\/en\/wp-json\/wp\/v2\/product_brand?post=1557"},{"taxonomy":"product_cat","embeddable":true,"href":"https:\/\/www.sailcom.ch\/en\/wp-json\/wp\/v2\/product_cat?post=1557"},{"taxonomy":"product_tag","embeddable":true,"href":"https:\/\/www.sailcom.ch\/en\/wp-json\/wp\/v2\/product_tag?post=1557"},{"taxonomy":"sailcom-capability","embeddable":true,"href":"https:\/\/www.sailcom.ch\/en\/wp-json\/wp\/v2\/sailcom-capability?post=1557"},{"taxonomy":"sailcom-location","embeddable":true,"href":"https:\/\/www.sailcom.ch\/en\/wp-json\/wp\/v2\/sailcom-location?post=1557"},{"taxonomy":"sailcom-event-type","embeddable":true,"href":"https:\/\/www.sailcom.ch\/en\/wp-json\/wp\/v2\/sailcom-event-type?post=1557"},{"taxonomy":"sailcom-boat-type","embeddable":true,"href":"https:\/\/www.sailcom.ch\/en\/wp-json\/wp\/v2\/sailcom-boat-type?post=1557"}],"curies":[{"name":"wp","href":"https:\/\/api.w.org\/{rel}","templated":true}]}}