{"id":1551,"date":"2025-03-02T12:00:17","date_gmt":"2025-03-02T11:00:17","guid":{"rendered":"https:\/\/www.sailcom.ch\/?post_type=product&#038;p=1551"},"modified":"2026-05-13T10:31:25","modified_gmt":"2026-05-13T08:31:25","slug":"saphire-sui-2","status":"publish","type":"product","link":"https:\/\/www.sailcom.ch\/en\/product\/saphire-sui-2\/","title":{"rendered":"Saphire 27 (SUI 2) <br\/>Lausanne Ouchy"},"content":{"rendered":"<p>Die Saphire 27 ist toller Day-Racer um den Lac L\u00e9man unsicher zu machen.<br \/>\nDas Boot ist sehr gut f\u00fcr sportliche Segler:innen geeignet, die Spass haben wollen oder auch mal an einer Regatta teilnehmen m\u00f6chten.<\/p>\n<p>Carbon rigg, aramid sport sailkit, speedy carbonium..<br \/>\nSaphire 2.0 got her own\u00a0back, orange is the new black!<\/p>\n<p>Pour les amateurs de sport en puissance et en finesse, et les \u00e9quipes bien r\u00f4d\u00e9es.<\/p>\n<p>N\u00b0 SRS 2300<\/p>\n<p>Einweisung unter <strong>Events\u00a0<\/strong>oder auf Anfrage.<\/p>\n<p>SC SUISSE ROMANDE<\/p>\n<p><a href=\"https:\/\/www.facebook.com\/SailComRomandie\/\" target=\"_blank\" rel=\"noopener\">https:\/\/www.facebook.com\/SailComRomandie\/<\/a><\/p>\n<p>L\u00c9MAN &#8211; rester vigilant.<\/p>\n<p><a href=\"\/wp-content\/uploads\/2023\/07\/Standortinfo_Lausanne_DE_1.pdf\" target=\"_blank\" rel=\"noopener\">Standortinformationen Lausanne-Ouchy<\/a><\/p>\n<p><a href=\"\/wp-content\/uploads\/2023\/07\/Handbuch_Saphire_SUI2_Lausanne_DE_2023.pdf\" target=\"_blank\" rel=\"noopener\">Handbuch Saphire<\/a><\/p>\n<hr \/>\n<p>An Bord findest Du auch die f\u00fcr eine Fahrt zur franz\u00f6sischen Seite mitzuf\u00fchrenden Dokumente ausgedruckt vor.<br \/>\nBei einer Kontrolle durch die franz\u00f6sische Seepolizei\u00a0<strong>muss Du die folgenden Dokumente zus\u00e4tzlich zu den Bootspapieren und Deinem F\u00fchrerausweis vorweisen k\u00f6nnen<\/strong>:<\/p>\n<ul>\n<li>Eine aktuelle Version der allgemeinen Polizeivorschriften f\u00fcr alle Binnengew\u00e4sser Frankreichs (RGP) [<a href=\"https:\/\/www.haute-savoie.gouv.fr\/contenu\/telechargement\/28037\/168112\/file\/RPPconsolide%20VOK-2019-06-17-bd.pdf\" target=\"_blank\" rel=\"noopener\">Onlineversion<\/a>]<\/li>\n<li>Eine aktuelle Version des Sonderpolizeireglements des Genfersees (RPP) [<a href=\"https:\/\/www.haute-savoie.gouv.fr\/contenu\/telechargement\/23843\/145334\" target=\"_blank\" rel=\"noopener\">Onlineversion<\/a>]<\/li>\n<li>Eine aktuelle Version des franz\u00f6sisch-schweizerischen Abkommens vom 7. Dezember 1976 [<a href=\"https:\/\/www.haute-savoie.gouv.fr\/contenu\/telechargement\/31420\/186874\/file\/O0-RNL-2019-compile-et-accord\" target=\"_blank\" rel=\"noopener\">Onlineversion<\/a>]<\/li>\n<\/ul>\n<p><strong>Mitsegeln und Community:<\/strong><\/p>\n<p>Verbinde Dich mit der <a href=\"https:\/\/chat.whatsapp.com\/BlEK5T98UWK3QRYqlLJOnB\" target=\"_blank\" rel=\"noopener\">SailCommunity auf Whatsapp<\/a> um Crewmitglieder f\u00fcr Deinen T\u00f6rn oder eine Mitsegelgelegenheit zu finden:<\/p>\n<p><img fetchpriority=\"high\" decoding=\"async\" class=\"wp-image-59790 size-medium aligncenter\" style=\"padding-top: 25px;\" src=\"https:\/\/www.sailcom.ch\/wp-content\/uploads\/2026\/01\/20251203_QR-Code_Whatsapp_SailCommunity_640x795-242x300.png\" alt=\"\" width=\"242\" height=\"300\" \/><\/p>","protected":false},"excerpt":{"rendered":"<p>Die Saphire 27 ist toller Day-Racer um den Lac L\u00e9man unsicher zu machen. Das Boot ist sehr gut f\u00fcr sportliche Segler:innen geeignet, die Spass haben wollen oder auch mal an einer Regatta teilnehmen m\u00f6chten. Carbon rigg, aramid sport sailkit, speedy carbonium.. Saphire 2.0 got her own\u00a0back, orange is the new black! Pour les amateurs de [&hellip;]<\/p>\n","protected":false},"author":2,"featured_media":27793,"template":"","meta":{"_acf_changed":false,"publish_to_discourse":"0","publish_post_category":"1","wpdc_auto_publish_overridden":"","wpdc_topic_tags":"","wpdc_pin_topic":"","wpdc_pin_until":"","discourse_post_id":"","discourse_permalink":"","wpdc_publishing_response":"","wpdc_publishing_error":""},"product_brand":[],"product_cat":[119],"product_tag":[],"sailcom-capability":[],"sailcom-location":[340],"sailcom-event-type":[],"sailcom-boat-type":[367],"class_list":{"0":"post-1551","1":"product","2":"type-product","3":"status-publish","4":"has-post-thumbnail","6":"product_cat-day-sport-boat","7":"sailcom-location-genfersee","8":"sailcom-boat-type-day-sport-boat","10":"first","11":"instock","12":"taxable","13":"shipping-taxable","14":"product-type-redq_rental"},"acf":[],"_links":{"self":[{"href":"https:\/\/www.sailcom.ch\/en\/wp-json\/wp\/v2\/product\/1551","targetHints":{"allow":["GET"]}}],"collection":[{"href":"https:\/\/www.sailcom.ch\/en\/wp-json\/wp\/v2\/product"}],"about":[{"href":"https:\/\/www.sailcom.ch\/en\/wp-json\/wp\/v2\/types\/product"}],"author":[{"embeddable":true,"href":"https:\/\/www.sailcom.ch\/en\/wp-json\/wp\/v2\/users\/2"}],"wp:featuredmedia":[{"embeddable":true,"href":"https:\/\/www.sailcom.ch\/en\/wp-json\/wp\/v2\/media\/27793"}],"wp:attachment":[{"href":"https:\/\/www.sailcom.ch\/en\/wp-json\/wp\/v2\/media?parent=1551"}],"wp:term":[{"taxonomy":"product_brand","embeddable":true,"href":"https:\/\/www.sailcom.ch\/en\/wp-json\/wp\/v2\/product_brand?post=1551"},{"taxonomy":"product_cat","embeddable":true,"href":"https:\/\/www.sailcom.ch\/en\/wp-json\/wp\/v2\/product_cat?post=1551"},{"taxonomy":"product_tag","embeddable":true,"href":"https:\/\/www.sailcom.ch\/en\/wp-json\/wp\/v2\/product_tag?post=1551"},{"taxonomy":"sailcom-capability","embeddable":true,"href":"https:\/\/www.sailcom.ch\/en\/wp-json\/wp\/v2\/sailcom-capability?post=1551"},{"taxonomy":"sailcom-location","embeddable":true,"href":"https:\/\/www.sailcom.ch\/en\/wp-json\/wp\/v2\/sailcom-location?post=1551"},{"taxonomy":"sailcom-event-type","embeddable":true,"href":"https:\/\/www.sailcom.ch\/en\/wp-json\/wp\/v2\/sailcom-event-type?post=1551"},{"taxonomy":"sailcom-boat-type","embeddable":true,"href":"https:\/\/www.sailcom.ch\/en\/wp-json\/wp\/v2\/sailcom-boat-type?post=1551"}],"curies":[{"name":"wp","href":"https:\/\/api.w.org\/{rel}","templated":true}]}}