{"id":1548,"date":"2023-09-13T16:00:17","date_gmt":"2023-09-13T14:00:17","guid":{"rendered":"https:\/\/www.sailcom.ch\/?post_type=product&#038;p=1548"},"modified":"2026-01-21T15:14:36","modified_gmt":"2026-01-21T14:14:36","slug":"pavoncella","status":"publish","type":"product","link":"https:\/\/www.sailcom.ch\/en\/product\/pavoncella\/","title":{"rendered":"Kiebitz-22 (Pavoncella)"},"content":{"rendered":"<p><strong>Die Kiebitz-22 &#8220;Pavoncella&#8221; ist eine sicher und leicht zu handhabende Kabinenjacht, mit einem tiefen und deshalb gut gesch\u00fctzten Cockpit, einem schmal auslaufenden Heck und breitem Bauch.<br \/>\n<\/strong><br \/>\nDas Boot reagiert unter Segeln wie unter Motor sehr lebendig auf Ruderausschl\u00e4ge, fast zu vergleichen mit einer Jolle.<br \/>\nViel Stauraum, grosse Backskisten und lange Kojen machen den Kleinkreuzer sogar t\u00f6rntauglich.<\/p>\n<p>Eine dicke Scheuerleiste sch\u00fctzt bei unbeabsichtigtem unsanftem Anlegen. Anders als bei den meisten Kleinkreuzern wird der Rumpf als Sandwich-Laminat ausgef\u00fchrt mit teilweise Schaum-, teilweise Balsaholzkern.<br \/>\nSandwichr\u00fcmpfe finden sich sonst erst auf gr\u00f6\u00dferen Yachten. Zur passiven Sicherheit tr\u00e4gt das starke aufrichtende Moment bei, weist die Kiebitz doch einen Balastanteil von \u00fcber 45 Prozent auf.<br \/>\nEin gut ausbalanciertes Ruder macht es leicht, den Kleinkreuzer auf Kurs zu halten.<\/p>\n<p><strong>Die Pavoncella hat neu einen Elektromotor, was die Bedienungsfreundlichkeit noch erh\u00f6ht.<br \/>\n<\/strong><strong>Bitte beachte die Kurzanleitung dazu.<\/strong><\/p>\n<p><strong>Parkkarten sind inzwischen an das Fahrzeugkennzeichen gebunden.<br \/>\nDamit k\u00f6nnen wir leider keine auf das Schiff bezogene Parkkarte mehr zur Verf\u00fcgung stellen.<br \/>\nKonsequenterweise gibt es keine Parkkarte mehr auf dem Schiff.<\/strong><\/p>\n<p>Eine Parkkarte auf das Fahrzeug kann bei der Stadt Steckborn erworben werden. Bei einem Monatspreis von CHF 35,- kann sich das eventuell lohnen. Details findet ihr auf <a href=\"https:\/\/www.steckborn.ch\/dienstleistungen\/68609\" target=\"_blank\" rel=\"noopener\">Stadt Steckborn &#8211; Parkkarten<\/a><\/p>\n<p><a href=\"https:\/\/www.sailcom.ch\/wp-content\/uploads\/2024\/05\/Bootshandbuch-Kiebitz-22-Pavoncella-Steckborn_V5.2.pdf\" target=\"_blank\" rel=\"noopener\">Handbuch Pavoncella<\/a><\/p>\n<p><a href=\"https:\/\/www.sailcom.ch\/wp-content\/uploads\/2024\/05\/Kurzanleitung-E-Motor-Pavoncella-v1.1.pdf\" target=\"_blank\" rel=\"noopener\">Handbuch Motor<\/a><\/p>\n<p><a href=\"https:\/\/www.sailcom.ch\/wp-content\/uploads\/2025\/04\/Standortinfo-Kiebitz-22_Steckborn_Pavoncella_V1.4.pdf\" target=\"_blank\" rel=\"noopener\">Standortinformationen<\/a><\/p>\n<h4>N\u00fctzliche Links:<\/h4>\n<ul>\n<li><a href=\"https:\/\/www.steckborn.ch\/verwaltung\/hafen\/\" target=\"_blank\" rel=\"noopener\">Hafen Steckborn<\/a><\/li>\n<li><a href=\"https:\/\/www.windfinder.com\/forecast\/steckborn\" target=\"_blank\" rel=\"noopener\">Windfinder Steckborn<\/a><\/li>\n<li><a href=\"https:\/\/mein-bodensee.com\/pegel\/index.php\" target=\"_blank\" rel=\"noopener\">Pegel &amp; Tiefgang<\/a><\/li>\n<li><a href=\"https:\/\/m.igkb.org\/\">Bodensee aktuell (Wasserstand und Temperatur)<\/a><\/li>\n<\/ul>\n<p><strong>Mitsegeln und Community:<\/strong><\/p>\n<p>Verbinde Dich mit der <a href=\"https:\/\/chat.whatsapp.com\/BlEK5T98UWK3QRYqlLJOnB\" target=\"_blank\" rel=\"noopener\">SailCommunity auf Whatsapp<\/a> um Crewmitglieder f\u00fcr Deinen T\u00f6rn oder eine Mitsegelgelegenheit zu finden:<\/p>\n<p><img fetchpriority=\"high\" decoding=\"async\" class=\"wp-image-59790 size-medium aligncenter\" style=\"padding-top: 25px;\" src=\"https:\/\/www.sailcom.ch\/wp-content\/uploads\/2026\/01\/20251203_QR-Code_Whatsapp_SailCommunity_640x795-242x300.png\" alt=\"\" width=\"242\" height=\"300\" \/><\/p>","protected":false},"excerpt":{"rendered":"<p>Die Kiebitz-22 &#8220;Pavoncella&#8221; ist eine sicher und leicht zu handhabende Kabinenjacht, mit einem tiefen und deshalb gut gesch\u00fctzten Cockpit, einem schmal auslaufenden Heck und breitem Bauch. Das Boot reagiert unter Segeln wie unter Motor sehr lebendig auf Ruderausschl\u00e4ge, fast zu vergleichen mit einer Jolle. Viel Stauraum, grosse Backskisten und lange Kojen machen den Kleinkreuzer sogar [&hellip;]<\/p>\n","protected":false},"author":2,"featured_media":10869,"template":"","meta":{"_acf_changed":false,"publish_to_discourse":"","publish_post_category":"","wpdc_auto_publish_overridden":"","wpdc_topic_tags":"","wpdc_pin_topic":"","wpdc_pin_until":"","discourse_post_id":"","discourse_permalink":"","wpdc_publishing_response":"","wpdc_publishing_error":""},"product_brand":[],"product_cat":[123],"product_tag":[],"sailcom-capability":[],"sailcom-location":[339],"sailcom-event-type":[],"sailcom-boat-type":[366],"class_list":{"0":"post-1548","1":"product","2":"type-product","3":"status-publish","4":"has-post-thumbnail","6":"product_cat-day-easy","7":"sailcom-location-bodensee","8":"sailcom-boat-type-day-easy","10":"first","11":"instock","12":"taxable","13":"shipping-taxable","14":"product-type-redq_rental"},"acf":[],"_links":{"self":[{"href":"https:\/\/www.sailcom.ch\/en\/wp-json\/wp\/v2\/product\/1548","targetHints":{"allow":["GET"]}}],"collection":[{"href":"https:\/\/www.sailcom.ch\/en\/wp-json\/wp\/v2\/product"}],"about":[{"href":"https:\/\/www.sailcom.ch\/en\/wp-json\/wp\/v2\/types\/product"}],"author":[{"embeddable":true,"href":"https:\/\/www.sailcom.ch\/en\/wp-json\/wp\/v2\/users\/2"}],"wp:featuredmedia":[{"embeddable":true,"href":"https:\/\/www.sailcom.ch\/en\/wp-json\/wp\/v2\/media\/10869"}],"wp:attachment":[{"href":"https:\/\/www.sailcom.ch\/en\/wp-json\/wp\/v2\/media?parent=1548"}],"wp:term":[{"taxonomy":"product_brand","embeddable":true,"href":"https:\/\/www.sailcom.ch\/en\/wp-json\/wp\/v2\/product_brand?post=1548"},{"taxonomy":"product_cat","embeddable":true,"href":"https:\/\/www.sailcom.ch\/en\/wp-json\/wp\/v2\/product_cat?post=1548"},{"taxonomy":"product_tag","embeddable":true,"href":"https:\/\/www.sailcom.ch\/en\/wp-json\/wp\/v2\/product_tag?post=1548"},{"taxonomy":"sailcom-capability","embeddable":true,"href":"https:\/\/www.sailcom.ch\/en\/wp-json\/wp\/v2\/sailcom-capability?post=1548"},{"taxonomy":"sailcom-location","embeddable":true,"href":"https:\/\/www.sailcom.ch\/en\/wp-json\/wp\/v2\/sailcom-location?post=1548"},{"taxonomy":"sailcom-event-type","embeddable":true,"href":"https:\/\/www.sailcom.ch\/en\/wp-json\/wp\/v2\/sailcom-event-type?post=1548"},{"taxonomy":"sailcom-boat-type","embeddable":true,"href":"https:\/\/www.sailcom.ch\/en\/wp-json\/wp\/v2\/sailcom-boat-type?post=1548"}],"curies":[{"name":"wp","href":"https:\/\/api.w.org\/{rel}","templated":true}]}}