{"id":1503,"date":"2025-03-06T12:00:56","date_gmt":"2025-03-06T11:00:56","guid":{"rendered":"https:\/\/www.sailcom.ch\/?post_type=product&#038;p=1503"},"modified":"2026-05-13T08:27:16","modified_gmt":"2026-05-13T06:27:16","slug":"first-27-se","status":"publish","type":"product","link":"https:\/\/www.sailcom.ch\/en\/product\/first-27-se\/","title":{"rendered":"First 27 SE (Aiolos)<br\/> Kreuzlingen"},"content":{"rendered":"<div class=\"column col-xs-12 col-md-6\">\n<div class=\"detailDescription\">\n<div class=\"prpertieValue\">\n<p>Die First 27 SE ist ein sportliches Kabinenboot f\u00fcr anspruchsvolles Segeln mit grossem Spassfaktor f\u00fcr Tages- und Wochenend-T\u00f6rns.<br \/>\nDank modernem Design und Raumwindsegel ist die First 27 SE ein ausgesprochen schneller Gleiter mit einer voll funktionaler Ausstattung!<\/p>\n<\/div>\n<div class=\"prpertieValue\">\n<p><a href=\"https:\/\/www.sailcom.ch\/wp-content\/uploads\/2023\/07\/Bootshandbuch_First_27_SE_V03_02082021.pdf\" target=\"_blank\" rel=\"noopener\">Handbuch First 27 SE<\/a><\/p>\n<p><a href=\"\/wp-content\/uploads\/2023\/07\/Standortinformationen_Romanshorn_First_27_SE_V10_29072021.pdf\" target=\"_blank\" rel=\"noopener\">Standortinformationen<\/a><\/p>\n<p><strong>Mitsegeln und Community:<\/strong><\/p>\n<p>Verbinde Dich mit der <a href=\"https:\/\/chat.whatsapp.com\/BlEK5T98UWK3QRYqlLJOnB\" target=\"_blank\" rel=\"noopener\">SailCommunity auf Whatsapp<\/a> um Crewmitglieder f\u00fcr Deinen T\u00f6rn oder eine Mitsegelgelegenheit zu finden:<\/p>\n<p><img fetchpriority=\"high\" decoding=\"async\" class=\"wp-image-59790 size-medium aligncenter\" style=\"padding-top: 25px;\" src=\"https:\/\/www.sailcom.ch\/wp-content\/uploads\/2026\/01\/20251203_QR-Code_Whatsapp_SailCommunity_640x795-242x300.png\" alt=\"\" width=\"242\" height=\"300\" \/><\/p>\n<\/div>\n<\/div>\n<\/div>","protected":false},"excerpt":{"rendered":"<p>Die First 27 SE ist ein sportliches Kabinenboot f\u00fcr anspruchsvolles Segeln mit grossem Spassfaktor f\u00fcr Tages- und Wochenend-T\u00f6rns. Dank modernem Design und Raumwindsegel ist die First 27 SE ein ausgesprochen schneller Gleiter mit einer voll funktionaler Ausstattung! Handbuch First 27 SE Standortinformationen Mitsegeln und Community: Verbinde Dich mit der SailCommunity auf Whatsapp um Crewmitglieder f\u00fcr [&hellip;]<\/p>\n","protected":false},"author":2,"featured_media":1530,"template":"","meta":{"_acf_changed":false,"publish_to_discourse":"0","publish_post_category":"1","wpdc_auto_publish_overridden":"","wpdc_topic_tags":"","wpdc_pin_topic":"","wpdc_pin_until":"","discourse_post_id":"","discourse_permalink":"","wpdc_publishing_response":"","wpdc_publishing_error":""},"product_brand":[],"product_cat":[119],"product_tag":[],"sailcom-capability":[],"sailcom-location":[339],"sailcom-event-type":[],"sailcom-boat-type":[367],"class_list":{"0":"post-1503","1":"product","2":"type-product","3":"status-publish","4":"has-post-thumbnail","6":"product_cat-day-sport-boat","7":"sailcom-location-bodensee","8":"sailcom-boat-type-day-sport-boat","10":"first","11":"instock","12":"taxable","13":"shipping-taxable","14":"product-type-redq_rental"},"acf":[],"_links":{"self":[{"href":"https:\/\/www.sailcom.ch\/en\/wp-json\/wp\/v2\/product\/1503","targetHints":{"allow":["GET"]}}],"collection":[{"href":"https:\/\/www.sailcom.ch\/en\/wp-json\/wp\/v2\/product"}],"about":[{"href":"https:\/\/www.sailcom.ch\/en\/wp-json\/wp\/v2\/types\/product"}],"author":[{"embeddable":true,"href":"https:\/\/www.sailcom.ch\/en\/wp-json\/wp\/v2\/users\/2"}],"wp:featuredmedia":[{"embeddable":true,"href":"https:\/\/www.sailcom.ch\/en\/wp-json\/wp\/v2\/media\/1530"}],"wp:attachment":[{"href":"https:\/\/www.sailcom.ch\/en\/wp-json\/wp\/v2\/media?parent=1503"}],"wp:term":[{"taxonomy":"product_brand","embeddable":true,"href":"https:\/\/www.sailcom.ch\/en\/wp-json\/wp\/v2\/product_brand?post=1503"},{"taxonomy":"product_cat","embeddable":true,"href":"https:\/\/www.sailcom.ch\/en\/wp-json\/wp\/v2\/product_cat?post=1503"},{"taxonomy":"product_tag","embeddable":true,"href":"https:\/\/www.sailcom.ch\/en\/wp-json\/wp\/v2\/product_tag?post=1503"},{"taxonomy":"sailcom-capability","embeddable":true,"href":"https:\/\/www.sailcom.ch\/en\/wp-json\/wp\/v2\/sailcom-capability?post=1503"},{"taxonomy":"sailcom-location","embeddable":true,"href":"https:\/\/www.sailcom.ch\/en\/wp-json\/wp\/v2\/sailcom-location?post=1503"},{"taxonomy":"sailcom-event-type","embeddable":true,"href":"https:\/\/www.sailcom.ch\/en\/wp-json\/wp\/v2\/sailcom-event-type?post=1503"},{"taxonomy":"sailcom-boat-type","embeddable":true,"href":"https:\/\/www.sailcom.ch\/en\/wp-json\/wp\/v2\/sailcom-boat-type?post=1503"}],"curies":[{"name":"wp","href":"https:\/\/api.w.org\/{rel}","templated":true}]}}