{"id":1500,"date":"2025-03-03T12:05:56","date_gmt":"2025-03-03T11:05:56","guid":{"rendered":"https:\/\/www.sailcom.ch\/?post_type=product&#038;p=1500"},"modified":"2026-05-13T08:28:31","modified_gmt":"2026-05-13T06:28:31","slug":"bonita","status":"publish","type":"product","link":"https:\/\/www.sailcom.ch\/en\/product\/bonita\/","title":{"rendered":"Fan 25 Laguna (Bonita) <br\/>Lausanne Ouchy"},"content":{"rendered":"<p class=\"p1\"><strong>Fan 25 Laguna<\/strong><\/p>\n<p class=\"p1\">Dieses tolle Segelboot, dass Du auch <strong>ohne Motorboot-Ausweis<\/strong> fahren darfst, ist mit aufholbarem Kiel die perfekte Wahl, um auch flache Ankerpl\u00e4tze zu erreichen und so die sch\u00f6nsten Ecken des Genfersees zu entdecken. Die Bonita ist somit ein ideales Boot f\u00fcr entspannte T\u00f6rns auch \u00fcber mehrere Tage.<\/p>\n<p>Das Boot verf\u00fcgt \u00fcber ein <strong>neues Grosssegel mit Lazybag<\/strong> und dank der Rollgenua und dem einfachem Deckslayout ist die Bonita <strong>im Handumdrehen bereit<\/strong> zum Ablegen und <strong>sehr einfach im Handling<\/strong> unterwegs \u2013 ideal f\u00fcr einen unkomplizierten und schnellen Start aus dem Hafen von Ouchy und einen entspannten T\u00f6rn auf dem L\u00e9man.<\/p>\n<p class=\"p1\">Die ger\u00e4umige Kabine bietet <strong>Schlafpl\u00e4tze f\u00fcr vier Erwachsene<\/strong>.<\/p>\n<p>Die kleine, aber gut ausgestattete K\u00fcche erm\u00f6glicht es, im Sommer einfache Mahlzeiten zuzubereiten.<br \/>\nEine vollst\u00e4ndige Liste der K\u00fcchenausr\u00fcstung ist im Handbuch an Bord vorhanden oder weiter unten online abrufbar.<\/p>\n<p>Zur weiteren Ausstattung geh\u00f6ren ein <strong>Camping-Gaskocher (nur f\u00fcr den Aussenbereich)<\/strong>, ein <strong>Cockpittisch<\/strong> und selbstverst\u00e4ndlich eine <strong>Badeleiter f\u00fcr den erfrischenden Sprung ins k\u00fchle Nass<\/strong>.<\/p>\n<p class=\"p1\">Das Team von Bonita steht Dir jederzeit gerne zur Verf\u00fcgung, umDeine Fragen zu beantworten und Dir auf Wunsch die Besonderheiten des Bootes zu zeigen.<\/p>\n<p><strong>Ein Feedback eines Nutzers vom Sommer 2025:<\/strong><br \/>\n<em>&#8220;Das Boot ist unglaublich ger\u00e4umig f\u00fcr 7.5m und hat gute Polster zum bequemen Schlafen. <\/em><br \/>\n<em>Der Aussenborder springt spontan an. (&#8230;) Insgesamt ein problemloses Boot f\u00fcr das Fahrtensegeln, seglerisch eher f\u00fcr Gelegenheits- und weniger erfahrene Segler.&#8221;<\/em><\/p>\n<p class=\"p1\">Besuche f\u00fcr mehr Infos und Mitsegelm\u00f6glichkeiten auf dem Genfersee auch gerne unsere <strong><a href=\"https:\/\/www.sailcom.ch\/events\/?_locations=genfersee\" target=\"_blank\" rel=\"noopener\">Eventseite des Lac L\u00e9man<\/a><\/strong>, die <strong><a href=\"https:\/\/www.meetup.com\/sailing-leman-sailcom\/\" target=\"_blank\" rel=\"noopener\">MeetUp-Gruppe \u201eSailing L\u00e9man (SailCom)\u201c<\/a><\/strong><span class=\"Apple-converted-space\">\u00a0 o<\/span>der unsere Facebook-Seite: <strong><a href=\"https:\/\/www.facebook.com\/SailComRomandie\/\" target=\"_blank\" rel=\"noopener\">https:\/\/www.facebook.com\/SailComRomandie\/<\/a><\/strong><\/p>\n<p><strong>Das Handbuch zur Bonita:<\/strong><\/p>\n<p><a href=\"https:\/\/www.sailcom.ch\/wp-content\/uploads\/2023\/12\/Manuel-Bonita-Fan-25-Laguna-Lausanne-Ouchy-version-2024.pdf\">Manuel Bonita Fan 25 Laguna, Lausanne Ouchy &#8211; version 2024<\/a><\/p>\n<p><a href=\"https:\/\/www.sailcom.ch\/wp-content\/uploads\/2024\/05\/Handbuch-Bonita-Fan-25-Laguna-Lausane-Ouchy-Ausgabe-2023-.pdf\">Handbuch Bonita Fan 25 Laguna, Lausane Ouchy &#8211; Ausgabe 2024<\/a><\/p>\n<hr \/>\n<p>An Bord findest Du auch die f\u00fcr eine Fahrt zur franz\u00f6sischen Seite mitzuf\u00fchrenden Dokumente ausgedruckt vor.<br \/>\nBei einer Kontrolle durch die franz\u00f6sische Seepolizei\u00a0<strong>muss Du die folgenden Dokumente zus\u00e4tzlich zu den Bootspapieren und Deinem F\u00fchrerausweis vorweisen k\u00f6nnen<\/strong>:<\/p>\n<ul>\n<li>Eine aktuelle Version der allgemeinen Polizeivorschriften f\u00fcr alle Binnengew\u00e4sser Frankreichs (RGP) [<a href=\"https:\/\/www.haute-savoie.gouv.fr\/contenu\/telechargement\/28037\/168112\/file\/RPPconsolide%20VOK-2019-06-17-bd.pdf\" target=\"_blank\" rel=\"noopener\">Onlineversion<\/a>]<\/li>\n<li>Eine aktuelle Version des Sonderpolizeireglements des Genfersees (RPP) [<a href=\"https:\/\/www.haute-savoie.gouv.fr\/contenu\/telechargement\/23843\/145334\" target=\"_blank\" rel=\"noopener\">Onlineversion<\/a>]<\/li>\n<li>Eine aktuelle Version des franz\u00f6sisch-schweizerischen Abkommens vom 7. Dezember 1976 [<a href=\"https:\/\/www.haute-savoie.gouv.fr\/contenu\/telechargement\/31420\/186874\/file\/O0-RNL-2019-compile-et-accord\" target=\"_blank\" rel=\"noopener\">Onlineversion<\/a>]<\/li>\n<\/ul>\n<p>&nbsp;<br \/>\n<strong>Mitsegeln und Community:<\/strong><\/p>\n<p>Verbinde Dich mit der <a href=\"https:\/\/chat.whatsapp.com\/BlEK5T98UWK3QRYqlLJOnB\" target=\"_blank\" rel=\"noopener\">SailCommunity auf Whatsapp<\/a> um Crewmitglieder f\u00fcr Deinen T\u00f6rn oder eine Mitsegelgelegenheit zu finden:<\/p>\n<p><img fetchpriority=\"high\" decoding=\"async\" class=\"wp-image-59790 size-medium aligncenter\" style=\"padding-top: 25px;\" src=\"https:\/\/www.sailcom.ch\/wp-content\/uploads\/2026\/01\/20251203_QR-Code_Whatsapp_SailCommunity_640x795-242x300.png\" alt=\"\" width=\"242\" height=\"300\" \/><\/p>","protected":false},"excerpt":{"rendered":"<p><strong>5-Tage-Tarif: Fr. 960.- (20% auf den ausgeschriebenen Tagestarif unter der Woche)<\/strong><\/p>\n<p><strong>7 Tage-Tarif: Fr. 1&#8217;344.- (20% auf den ausgeschriebenen Tagestarif unter der Woche)<\/strong><\/p>\n<p>Zus\u00e4tzliche Tage werden im Tagestarif berechnet.<\/p>\n","protected":false},"author":2,"featured_media":48647,"template":"","meta":{"_acf_changed":false,"publish_to_discourse":"0","publish_post_category":"1","wpdc_auto_publish_overridden":"","wpdc_topic_tags":"","wpdc_pin_topic":"","wpdc_pin_until":"","discourse_post_id":"","discourse_permalink":"","wpdc_publishing_response":"","wpdc_publishing_error":""},"product_brand":[],"product_cat":[124],"product_tag":[],"sailcom-capability":[],"sailcom-location":[340],"sailcom-event-type":[],"sailcom-boat-type":[369],"class_list":{"0":"post-1500","1":"product","2":"type-product","3":"status-publish","4":"has-post-thumbnail","6":"product_cat-cruiser-d","7":"sailcom-location-genfersee","8":"sailcom-boat-type-cruiser-d","10":"first","11":"instock","12":"taxable","13":"shipping-taxable","14":"product-type-redq_rental"},"acf":[],"_links":{"self":[{"href":"https:\/\/www.sailcom.ch\/en\/wp-json\/wp\/v2\/product\/1500","targetHints":{"allow":["GET"]}}],"collection":[{"href":"https:\/\/www.sailcom.ch\/en\/wp-json\/wp\/v2\/product"}],"about":[{"href":"https:\/\/www.sailcom.ch\/en\/wp-json\/wp\/v2\/types\/product"}],"author":[{"embeddable":true,"href":"https:\/\/www.sailcom.ch\/en\/wp-json\/wp\/v2\/users\/2"}],"wp:featuredmedia":[{"embeddable":true,"href":"https:\/\/www.sailcom.ch\/en\/wp-json\/wp\/v2\/media\/48647"}],"wp:attachment":[{"href":"https:\/\/www.sailcom.ch\/en\/wp-json\/wp\/v2\/media?parent=1500"}],"wp:term":[{"taxonomy":"product_brand","embeddable":true,"href":"https:\/\/www.sailcom.ch\/en\/wp-json\/wp\/v2\/product_brand?post=1500"},{"taxonomy":"product_cat","embeddable":true,"href":"https:\/\/www.sailcom.ch\/en\/wp-json\/wp\/v2\/product_cat?post=1500"},{"taxonomy":"product_tag","embeddable":true,"href":"https:\/\/www.sailcom.ch\/en\/wp-json\/wp\/v2\/product_tag?post=1500"},{"taxonomy":"sailcom-capability","embeddable":true,"href":"https:\/\/www.sailcom.ch\/en\/wp-json\/wp\/v2\/sailcom-capability?post=1500"},{"taxonomy":"sailcom-location","embeddable":true,"href":"https:\/\/www.sailcom.ch\/en\/wp-json\/wp\/v2\/sailcom-location?post=1500"},{"taxonomy":"sailcom-event-type","embeddable":true,"href":"https:\/\/www.sailcom.ch\/en\/wp-json\/wp\/v2\/sailcom-event-type?post=1500"},{"taxonomy":"sailcom-boat-type","embeddable":true,"href":"https:\/\/www.sailcom.ch\/en\/wp-json\/wp\/v2\/sailcom-boat-type?post=1500"}],"curies":[{"name":"wp","href":"https:\/\/api.w.org\/{rel}","templated":true}]}}