{"id":1499,"date":"2021-08-06T16:00:56","date_gmt":"2021-08-06T14:00:56","guid":{"rendered":"https:\/\/www.sailcom.ch\/?post_type=product&#038;p=1499"},"modified":"2026-01-06T10:30:55","modified_gmt":"2026-01-06T09:30:55","slug":"bavaria-31","status":"publish","type":"product","link":"https:\/\/www.sailcom.ch\/en\/product\/bavaria-31\/","title":{"rendered":"Bavaria 31"},"content":{"rendered":"<p><span id=\"mp_spacer1\" class=\"mp_spacer\">Die 10-Meter Yacht verf\u00fcgt \u00fcber alles, was es f\u00fcr gem\u00fctliche Ferien auf dem Vierwaldst\u00e4ttersee braucht.<\/span><\/p>\n<p><span id=\"mp_spacer1\" class=\"mp_spacer\">D<\/span><span id=\"mp_spacer1\" class=\"mp_spacer\">ank der guten Segeleigenschaften ist die Bavaria 31 Cruiser auch ein Boot f\u00fcr ein paar entspannte Segelstunden. Mit dieser feinen Bavaria 31 Cruiser segelst du &#8211; nicht zuletzt dank der hervorragenden Beseglung &#8211; spielerisch manch gr\u00f6\u00dferer Yacht davon. Sie ist das perfekte Familienboot mit einer sportlichen Seele ! Gutm\u00fctig und einfach zu segeln.<\/span><\/p>\n<p><span style=\"color: #ff9900;\"><strong>Um das Boot zu buchen ist eine Einweisung zwingend! Bitte meldet Euch hierf\u00fcr \u00fcber unsere Webseite an (Unter Events) oder wendet Euch an Sandro Fischer info@segelsport.ch oder telefonisch 041 361 23 23.<\/strong><\/span><\/p>\n<p><span id=\"mp_spacer1\" class=\"mp_spacer\"><strong>Wichtig:<\/strong><\/span><\/p>\n<p>Das Boot kann Sa\/So nur ganze Tage (min. 5h) gemietet werden. Eine \u00dcbernachtung Sa\/So ist also nur bei Miete von 2 Tagen m\u00f6glich.<\/p>\n<p><a href=\"https:\/\/www.sailcom.ch\/wp-content\/uploads\/2023\/06\/B31_ChecklisteUebernahmeAbgabe230501.pdf\" target=\"_blank\" rel=\"noopener\">Checkliste f\u00fcr die \u00dcbernahme<\/a><\/p>","protected":false},"excerpt":{"rendered":"<p><strong>5-Tage-Tarif: Fr. 1&#8217;200.- (20% auf den ausgeschriebenen Tagestarif unter der Woche)<\/strong><\/p>\n<p><strong>7 Tage-Tarif: Fr. 1&#8217;680.- (20% auf den ausgeschriebenen Tagestarif unter der Woche)<\/strong><\/p>\n<p>Zus\u00e4tzliche Tage werden im Tagestarif berechnet.<\/p>\n","protected":false},"author":2,"featured_media":10780,"template":"","meta":{"_acf_changed":false,"publish_to_discourse":"","publish_post_category":"","wpdc_auto_publish_overridden":"","wpdc_topic_tags":"","wpdc_pin_topic":"","wpdc_pin_until":"","discourse_post_id":"","discourse_permalink":"","wpdc_publishing_response":"","wpdc_publishing_error":""},"product_brand":[],"product_cat":[125],"product_tag":[],"sailcom-capability":[],"sailcom-location":[345],"sailcom-event-type":[],"sailcom-boat-type":[368],"class_list":{"0":"post-1499","1":"product","2":"type-product","3":"status-publish","4":"has-post-thumbnail","6":"product_cat-cruiser-a","7":"sailcom-location-vierwaldstattersee-location","8":"sailcom-boat-type-cruiser-a","10":"first","11":"instock","12":"taxable","13":"shipping-taxable","14":"product-type-redq_rental"},"acf":[],"_links":{"self":[{"href":"https:\/\/www.sailcom.ch\/en\/wp-json\/wp\/v2\/product\/1499","targetHints":{"allow":["GET"]}}],"collection":[{"href":"https:\/\/www.sailcom.ch\/en\/wp-json\/wp\/v2\/product"}],"about":[{"href":"https:\/\/www.sailcom.ch\/en\/wp-json\/wp\/v2\/types\/product"}],"author":[{"embeddable":true,"href":"https:\/\/www.sailcom.ch\/en\/wp-json\/wp\/v2\/users\/2"}],"wp:featuredmedia":[{"embeddable":true,"href":"https:\/\/www.sailcom.ch\/en\/wp-json\/wp\/v2\/media\/10780"}],"wp:attachment":[{"href":"https:\/\/www.sailcom.ch\/en\/wp-json\/wp\/v2\/media?parent=1499"}],"wp:term":[{"taxonomy":"product_brand","embeddable":true,"href":"https:\/\/www.sailcom.ch\/en\/wp-json\/wp\/v2\/product_brand?post=1499"},{"taxonomy":"product_cat","embeddable":true,"href":"https:\/\/www.sailcom.ch\/en\/wp-json\/wp\/v2\/product_cat?post=1499"},{"taxonomy":"product_tag","embeddable":true,"href":"https:\/\/www.sailcom.ch\/en\/wp-json\/wp\/v2\/product_tag?post=1499"},{"taxonomy":"sailcom-capability","embeddable":true,"href":"https:\/\/www.sailcom.ch\/en\/wp-json\/wp\/v2\/sailcom-capability?post=1499"},{"taxonomy":"sailcom-location","embeddable":true,"href":"https:\/\/www.sailcom.ch\/en\/wp-json\/wp\/v2\/sailcom-location?post=1499"},{"taxonomy":"sailcom-event-type","embeddable":true,"href":"https:\/\/www.sailcom.ch\/en\/wp-json\/wp\/v2\/sailcom-event-type?post=1499"},{"taxonomy":"sailcom-boat-type","embeddable":true,"href":"https:\/\/www.sailcom.ch\/en\/wp-json\/wp\/v2\/sailcom-boat-type?post=1499"}],"curies":[{"name":"wp","href":"https:\/\/api.w.org\/{rel}","templated":true}]}}