{"id":13462,"date":"2023-08-19T16:19:51","date_gmt":"2023-08-19T14:19:51","guid":{"rendered":"https:\/\/www.sailcom.ch\/product\/product\/"},"modified":"2023-12-30T22:52:49","modified_gmt":"2023-12-30T21:52:49","slug":"event_13462","status":"publish","type":"product","link":"https:\/\/www.sailcom.ch\/en\/product\/event_13462\/","title":{"rendered":"Trailer Abstellplatz pflegen"},"content":{"rendered":"","protected":false},"excerpt":{"rendered":"<p>Treffpunkt: Herrenwis (4 km n\u00f6rdlich von B\u00fclach) \u00d6V Reisende bitte mit mir kontakt aufnehmen.<br \/>\nAufgabe: Trailerabstellplatz vom Kanadischen Berufkraut befreien. Keimlinge abbrennen.<br \/>\nAusr\u00fcstung: wer hat: Arbeitshandschuhe, Unkrautstecher, Unkraut Abflam- Abbrennget\u00e4t.<\/p>\n","protected":false},"author":2753,"featured_media":0,"template":"","meta":{"_acf_changed":false,"publish_to_discourse":"","publish_post_category":"","wpdc_auto_publish_overridden":"","wpdc_topic_tags":"","wpdc_pin_topic":"","wpdc_pin_until":"","discourse_post_id":"","discourse_permalink":"","wpdc_publishing_response":"","wpdc_publishing_error":""},"product_brand":[],"product_cat":[130,127,129,214,192,241,135],"product_tag":[],"sailcom-capability":[],"sailcom-location":[348],"sailcom-event-type":[380],"sailcom-boat-type":[],"class_list":{"0":"post-13462","1":"product","2":"type-product","3":"status-publish","5":"product_cat-bodensee","6":"product_cat-greifensee","7":"product_cat-hallwilersee","8":"product_cat-maintenance","9":"product_cat-walensee","10":"product_cat-zugersee","11":"product_cat-zurich-obersee","12":"sailcom-location-zurichsee","13":"sailcom-event-type-maintenance","15":"first","16":"instock","17":"taxable","18":"shipping-taxable","19":"product-type-sc_event"},"acf":[],"_links":{"self":[{"href":"https:\/\/www.sailcom.ch\/en\/wp-json\/wp\/v2\/product\/13462","targetHints":{"allow":["GET"]}}],"collection":[{"href":"https:\/\/www.sailcom.ch\/en\/wp-json\/wp\/v2\/product"}],"about":[{"href":"https:\/\/www.sailcom.ch\/en\/wp-json\/wp\/v2\/types\/product"}],"author":[{"embeddable":true,"href":"https:\/\/www.sailcom.ch\/en\/wp-json\/wp\/v2\/users\/2753"}],"wp:attachment":[{"href":"https:\/\/www.sailcom.ch\/en\/wp-json\/wp\/v2\/media?parent=13462"}],"wp:term":[{"taxonomy":"product_brand","embeddable":true,"href":"https:\/\/www.sailcom.ch\/en\/wp-json\/wp\/v2\/product_brand?post=13462"},{"taxonomy":"product_cat","embeddable":true,"href":"https:\/\/www.sailcom.ch\/en\/wp-json\/wp\/v2\/product_cat?post=13462"},{"taxonomy":"product_tag","embeddable":true,"href":"https:\/\/www.sailcom.ch\/en\/wp-json\/wp\/v2\/product_tag?post=13462"},{"taxonomy":"sailcom-capability","embeddable":true,"href":"https:\/\/www.sailcom.ch\/en\/wp-json\/wp\/v2\/sailcom-capability?post=13462"},{"taxonomy":"sailcom-location","embeddable":true,"href":"https:\/\/www.sailcom.ch\/en\/wp-json\/wp\/v2\/sailcom-location?post=13462"},{"taxonomy":"sailcom-event-type","embeddable":true,"href":"https:\/\/www.sailcom.ch\/en\/wp-json\/wp\/v2\/sailcom-event-type?post=13462"},{"taxonomy":"sailcom-boat-type","embeddable":true,"href":"https:\/\/www.sailcom.ch\/en\/wp-json\/wp\/v2\/sailcom-boat-type?post=13462"}],"curies":[{"name":"wp","href":"https:\/\/api.w.org\/{rel}","templated":true}]}}