{"id":13350,"date":"2023-08-13T17:17:09","date_gmt":"2023-08-13T15:17:09","guid":{"rendered":"https:\/\/www.sailcom.ch\/product\/product\/"},"modified":"2023-12-30T22:52:49","modified_gmt":"2023-12-30T21:52:49","slug":"event_13350","status":"publish","type":"product","link":"https:\/\/www.sailcom.ch\/en\/product\/event_13350\/","title":{"rendered":"Elektrik Solaranlage\/Batterie instandstellen auf Aramis, Meilen, Z\u00fcrichsee, Zeit frei w\u00e4hlbar"},"content":{"rendered":"","protected":false},"excerpt":{"rendered":"<p>Tag und Zeit k\u00f6nnen frei gew\u00e4hlt werden.<br \/>\nVoraussetzung sind Kentnisse in 12V Bordelektrik.<\/p>\n<p>1. Die Batterie musste in letzter Zeit h\u00e4ufiger geladen werden.<br \/>\nEs ist festzustellen, was die Ursache daf\u00fcr ist (z.B. ob das Solarpanel \u00fcberhaupt l\u00e4dt oder ob der Solarregler ersetzt werden muss etc.).<\/p>\n<p>2. Mind. ein Schalter am Tableau hat einen Wackelkontakt und sollte durch Reserve-Schalter ausgetauscht werden.<\/p>\n<p>3. Der Hauptschalter unter dem Niedergang stb. soll zum Schalttableau hin verlegt werden, damit der einfacher sichtbar und zug\u00e4nglich ist (=\u00c4nderung der Verkabelung).<\/p>\n<p>Erwartet wird ein selbstst\u00e4ndiger Einsatz, geleistete Stunden werden nach Aufwand f\u00fcr B-Status gutgeschrieben (Maximal 10h).<\/p>\n<p>Es k\u00f6nnen auch nur Einzelarbeiten aus 1-3 gemacht werden.<br \/>\nBitte vorg\u00e4ngig Kontaktaufnahme \u00fcber Jan Meissner f\u00fcr Details und Reservation des Bootes: if-boot@web.de.<\/p>\n","protected":false},"author":2788,"featured_media":6472,"template":"","meta":{"_acf_changed":false,"publish_to_discourse":"","publish_post_category":"","wpdc_auto_publish_overridden":"","wpdc_topic_tags":"","wpdc_pin_topic":"","wpdc_pin_until":"","discourse_post_id":"","discourse_permalink":"","wpdc_publishing_response":"","wpdc_publishing_error":""},"product_brand":[],"product_cat":[214],"product_tag":[],"sailcom-capability":[],"sailcom-location":[348],"sailcom-event-type":[380],"sailcom-boat-type":[],"class_list":{"0":"post-13350","1":"product","2":"type-product","3":"status-publish","4":"has-post-thumbnail","6":"product_cat-maintenance","7":"sailcom-location-zurichsee","8":"sailcom-event-type-maintenance","10":"first","11":"outofstock","12":"taxable","13":"shipping-taxable","14":"product-type-sc_event"},"acf":[],"_links":{"self":[{"href":"https:\/\/www.sailcom.ch\/en\/wp-json\/wp\/v2\/product\/13350","targetHints":{"allow":["GET"]}}],"collection":[{"href":"https:\/\/www.sailcom.ch\/en\/wp-json\/wp\/v2\/product"}],"about":[{"href":"https:\/\/www.sailcom.ch\/en\/wp-json\/wp\/v2\/types\/product"}],"author":[{"embeddable":true,"href":"https:\/\/www.sailcom.ch\/en\/wp-json\/wp\/v2\/users\/2788"}],"wp:featuredmedia":[{"embeddable":true,"href":"https:\/\/www.sailcom.ch\/en\/wp-json\/wp\/v2\/media\/6472"}],"wp:attachment":[{"href":"https:\/\/www.sailcom.ch\/en\/wp-json\/wp\/v2\/media?parent=13350"}],"wp:term":[{"taxonomy":"product_brand","embeddable":true,"href":"https:\/\/www.sailcom.ch\/en\/wp-json\/wp\/v2\/product_brand?post=13350"},{"taxonomy":"product_cat","embeddable":true,"href":"https:\/\/www.sailcom.ch\/en\/wp-json\/wp\/v2\/product_cat?post=13350"},{"taxonomy":"product_tag","embeddable":true,"href":"https:\/\/www.sailcom.ch\/en\/wp-json\/wp\/v2\/product_tag?post=13350"},{"taxonomy":"sailcom-capability","embeddable":true,"href":"https:\/\/www.sailcom.ch\/en\/wp-json\/wp\/v2\/sailcom-capability?post=13350"},{"taxonomy":"sailcom-location","embeddable":true,"href":"https:\/\/www.sailcom.ch\/en\/wp-json\/wp\/v2\/sailcom-location?post=13350"},{"taxonomy":"sailcom-event-type","embeddable":true,"href":"https:\/\/www.sailcom.ch\/en\/wp-json\/wp\/v2\/sailcom-event-type?post=13350"},{"taxonomy":"sailcom-boat-type","embeddable":true,"href":"https:\/\/www.sailcom.ch\/en\/wp-json\/wp\/v2\/sailcom-boat-type?post=13350"}],"curies":[{"name":"wp","href":"https:\/\/api.w.org\/{rel}","templated":true}]}}