{"id":10586,"date":"2023-06-25T12:51:42","date_gmt":"2023-06-25T10:51:42","guid":{"rendered":"https:\/\/www.sailcom.ch\/product\/product\/"},"modified":"2023-12-30T22:53:55","modified_gmt":"2023-12-30T21:53:55","slug":"event_10586","status":"publish","type":"product","link":"https:\/\/www.sailcom.ch\/en\/product\/event_10586\/","title":{"rendered":"Zuschauerevent: J70 Woman SSL Nachmittag"},"content":{"rendered":"","protected":false},"excerpt":{"rendered":"<p>Am Wochenende vom 09.09.2023 ist beim Segelclub Enge die Frauen Swiss Sailing League Event zu Gast. Auch das Frauenteam der SailCom RaceGroup wird teilnehmen. <\/p>\n<p>21 reine Frauenteams werden in 15 min\u00fctigen Fleetraces mit 7 J70 gegeneinander regattieren.<\/p>\n<p>Wir werden mit 2 oder 3 Booten als Zuschauer zur Regatta fahren\/Segeln und zuschauen mit  (mehr oder weniger fachkundigem) Kommentar von unseren SSL Promotion Liga Erfahrungen.<\/p>\n<p>Wir werden ein Event am Vormittag machen und eins am Nachmittag. WIr k\u00f6nnen nicht garantieren, dass es regatiert wird (Kein Wind heisst kein Wind). Wenn nicht regatiert wird, k\u00f6nnen wir wahrscheinlich auch nicht segeln (da kein Wind) und nur rumd\u00fcmpeln auf dem See.<\/p>\n<p>&quot;einigermassen&quot; gek\u00fchlte Softdrinks sind inklusive.<br \/>\nFalls du mitkommen m\u00f6chtest, aber kein SailCom Mitglied bist, kannst du dir entweder einen Website login erstellen oder sich kurz bei uns melden.<\/p>\n","protected":false},"author":2874,"featured_media":1585,"template":"","meta":{"_acf_changed":false,"publish_to_discourse":"","publish_post_category":"","wpdc_auto_publish_overridden":"","wpdc_topic_tags":"","wpdc_pin_topic":"","wpdc_pin_until":"","discourse_post_id":"","discourse_permalink":"","wpdc_publishing_response":"","wpdc_publishing_error":""},"product_brand":[],"product_cat":[213],"product_tag":[],"sailcom-capability":[],"sailcom-location":[348],"sailcom-event-type":[364],"sailcom-boat-type":[],"class_list":{"0":"post-10586","1":"product","2":"type-product","3":"status-publish","4":"has-post-thumbnail","6":"product_cat-sail-along","7":"sailcom-location-zurichsee","8":"sailcom-event-type-sail-along","10":"first","11":"instock","12":"taxable","13":"shipping-taxable","14":"product-type-sc_event"},"acf":[],"_links":{"self":[{"href":"https:\/\/www.sailcom.ch\/en\/wp-json\/wp\/v2\/product\/10586","targetHints":{"allow":["GET"]}}],"collection":[{"href":"https:\/\/www.sailcom.ch\/en\/wp-json\/wp\/v2\/product"}],"about":[{"href":"https:\/\/www.sailcom.ch\/en\/wp-json\/wp\/v2\/types\/product"}],"author":[{"embeddable":true,"href":"https:\/\/www.sailcom.ch\/en\/wp-json\/wp\/v2\/users\/2874"}],"wp:featuredmedia":[{"embeddable":true,"href":"https:\/\/www.sailcom.ch\/en\/wp-json\/wp\/v2\/media\/1585"}],"wp:attachment":[{"href":"https:\/\/www.sailcom.ch\/en\/wp-json\/wp\/v2\/media?parent=10586"}],"wp:term":[{"taxonomy":"product_brand","embeddable":true,"href":"https:\/\/www.sailcom.ch\/en\/wp-json\/wp\/v2\/product_brand?post=10586"},{"taxonomy":"product_cat","embeddable":true,"href":"https:\/\/www.sailcom.ch\/en\/wp-json\/wp\/v2\/product_cat?post=10586"},{"taxonomy":"product_tag","embeddable":true,"href":"https:\/\/www.sailcom.ch\/en\/wp-json\/wp\/v2\/product_tag?post=10586"},{"taxonomy":"sailcom-capability","embeddable":true,"href":"https:\/\/www.sailcom.ch\/en\/wp-json\/wp\/v2\/sailcom-capability?post=10586"},{"taxonomy":"sailcom-location","embeddable":true,"href":"https:\/\/www.sailcom.ch\/en\/wp-json\/wp\/v2\/sailcom-location?post=10586"},{"taxonomy":"sailcom-event-type","embeddable":true,"href":"https:\/\/www.sailcom.ch\/en\/wp-json\/wp\/v2\/sailcom-event-type?post=10586"},{"taxonomy":"sailcom-boat-type","embeddable":true,"href":"https:\/\/www.sailcom.ch\/en\/wp-json\/wp\/v2\/sailcom-boat-type?post=10586"}],"curies":[{"name":"wp","href":"https:\/\/api.w.org\/{rel}","templated":true}]}}