{"id":10498,"date":"2023-06-20T21:46:33","date_gmt":"2023-06-20T19:46:33","guid":{"rendered":"https:\/\/www.sailcom.ch\/product\/product\/"},"modified":"2023-12-30T22:43:27","modified_gmt":"2023-12-30T21:43:27","slug":"event_10498","status":"publish","type":"product","link":"https:\/\/www.sailcom.ch\/en\/product\/event_10498\/","title":{"rendered":"Lago 26 \/ Ueberf\u00fchrungst\u00f6rn von Luzern nach Stansstad"},"content":{"rendered":"","protected":false},"excerpt":{"rendered":"<p>F\u00fcr die 50 Meilen Trophy wollen wir die Lago von Luzern nach Stansstad \u00fcberf\u00fchren und sehen wie die Lago die Strecke meistert.<br \/>\nMitsegler sind gerne willkommen.<br \/>\nAchtung: Die R\u00fcckfahrt ab Stansstad nach Luzern ist Sache jedes einzelnen Mitseglers.<br \/>\nSaubere Bootsschuhe und entsprechende Kleidung sind selbstverst\u00e4ndlich.<br \/>\nEuer Bootschef der Lago<br \/>\nVolker<\/p>\n","protected":false},"author":2716,"featured_media":1519,"template":"","meta":{"_acf_changed":false,"publish_to_discourse":"","publish_post_category":"","wpdc_auto_publish_overridden":"","wpdc_topic_tags":"","wpdc_pin_topic":"","wpdc_pin_until":"","discourse_post_id":"","discourse_permalink":"","wpdc_publishing_response":"","wpdc_publishing_error":""},"product_brand":[],"product_cat":[225,121],"product_tag":[],"sailcom-capability":[],"sailcom-location":[345],"sailcom-event-type":[373],"sailcom-boat-type":[],"class_list":{"0":"post-10498","1":"product","2":"type-product","3":"status-publish","4":"has-post-thumbnail","6":"product_cat-einweisungen","7":"product_cat-vierwaldstattersee-location","8":"sailcom-location-vierwaldstattersee-location","9":"sailcom-event-type-einweisungen","11":"first","12":"instock","13":"taxable","14":"shipping-taxable","15":"product-type-sc_event"},"acf":[],"_links":{"self":[{"href":"https:\/\/www.sailcom.ch\/en\/wp-json\/wp\/v2\/product\/10498","targetHints":{"allow":["GET"]}}],"collection":[{"href":"https:\/\/www.sailcom.ch\/en\/wp-json\/wp\/v2\/product"}],"about":[{"href":"https:\/\/www.sailcom.ch\/en\/wp-json\/wp\/v2\/types\/product"}],"author":[{"embeddable":true,"href":"https:\/\/www.sailcom.ch\/en\/wp-json\/wp\/v2\/users\/2716"}],"wp:featuredmedia":[{"embeddable":true,"href":"https:\/\/www.sailcom.ch\/en\/wp-json\/wp\/v2\/media\/1519"}],"wp:attachment":[{"href":"https:\/\/www.sailcom.ch\/en\/wp-json\/wp\/v2\/media?parent=10498"}],"wp:term":[{"taxonomy":"product_brand","embeddable":true,"href":"https:\/\/www.sailcom.ch\/en\/wp-json\/wp\/v2\/product_brand?post=10498"},{"taxonomy":"product_cat","embeddable":true,"href":"https:\/\/www.sailcom.ch\/en\/wp-json\/wp\/v2\/product_cat?post=10498"},{"taxonomy":"product_tag","embeddable":true,"href":"https:\/\/www.sailcom.ch\/en\/wp-json\/wp\/v2\/product_tag?post=10498"},{"taxonomy":"sailcom-capability","embeddable":true,"href":"https:\/\/www.sailcom.ch\/en\/wp-json\/wp\/v2\/sailcom-capability?post=10498"},{"taxonomy":"sailcom-location","embeddable":true,"href":"https:\/\/www.sailcom.ch\/en\/wp-json\/wp\/v2\/sailcom-location?post=10498"},{"taxonomy":"sailcom-event-type","embeddable":true,"href":"https:\/\/www.sailcom.ch\/en\/wp-json\/wp\/v2\/sailcom-event-type?post=10498"},{"taxonomy":"sailcom-boat-type","embeddable":true,"href":"https:\/\/www.sailcom.ch\/en\/wp-json\/wp\/v2\/sailcom-boat-type?post=10498"}],"curies":[{"name":"wp","href":"https:\/\/api.w.org\/{rel}","templated":true}]}}