{"id":10489,"date":"2023-06-20T16:34:20","date_gmt":"2023-06-20T14:34:20","guid":{"rendered":"https:\/\/www.sailcom.ch\/product\/product\/"},"modified":"2023-12-30T22:43:27","modified_gmt":"2023-12-30T21:43:27","slug":"event_10489","status":"publish","type":"product","link":"https:\/\/www.sailcom.ch\/en\/product\/event_10489\/","title":{"rendered":"Einweisung Rani in Neuenburg"},"content":{"rendered":"","protected":false},"excerpt":{"rendered":"<p>Einweisung Storm 22 &quot;Rani&quot;<br \/>\nErkl\u00e4rung des Bootes und des Antriebs, Revierbesonderheiten und kurze Ausfahrt.<br \/>\nTreffpunkt am Liegeplatz der Rani, den Du im Handbuch findest, dass Du am besten vor der Einweisung anschaust.<br \/>\n&#8212;<br \/>\nInitiation Storm 22 &quot;Rani&quot;.<br \/>\nExplication du bateau et de la propulsion, particularit\u00e9s du territoire et courte sortie.<br \/>\nRendez-vous \u00e0 la place d&#039;amarrage du Rani, que tu trouveras dans le manuel que tu consulteras de pr\u00e9f\u00e9rence avant l&#039;initiation.<\/p>\n","protected":false},"author":2774,"featured_media":8997,"template":"","meta":{"_acf_changed":false,"publish_to_discourse":"","publish_post_category":"","wpdc_auto_publish_overridden":"","wpdc_topic_tags":"","wpdc_pin_topic":"","wpdc_pin_until":"","discourse_post_id":"","discourse_permalink":"","wpdc_publishing_response":"","wpdc_publishing_error":""},"product_brand":[],"product_cat":[225,133],"product_tag":[],"sailcom-capability":[],"sailcom-location":[344],"sailcom-event-type":[373],"sailcom-boat-type":[],"class_list":{"0":"post-10489","1":"product","2":"type-product","3":"status-publish","4":"has-post-thumbnail","6":"product_cat-einweisungen","7":"product_cat-neuenburgersee","8":"sailcom-location-neuenburgersee","9":"sailcom-event-type-einweisungen","11":"first","12":"instock","13":"taxable","14":"shipping-taxable","15":"product-type-sc_event"},"acf":[],"_links":{"self":[{"href":"https:\/\/www.sailcom.ch\/en\/wp-json\/wp\/v2\/product\/10489","targetHints":{"allow":["GET"]}}],"collection":[{"href":"https:\/\/www.sailcom.ch\/en\/wp-json\/wp\/v2\/product"}],"about":[{"href":"https:\/\/www.sailcom.ch\/en\/wp-json\/wp\/v2\/types\/product"}],"author":[{"embeddable":true,"href":"https:\/\/www.sailcom.ch\/en\/wp-json\/wp\/v2\/users\/2774"}],"wp:featuredmedia":[{"embeddable":true,"href":"https:\/\/www.sailcom.ch\/en\/wp-json\/wp\/v2\/media\/8997"}],"wp:attachment":[{"href":"https:\/\/www.sailcom.ch\/en\/wp-json\/wp\/v2\/media?parent=10489"}],"wp:term":[{"taxonomy":"product_brand","embeddable":true,"href":"https:\/\/www.sailcom.ch\/en\/wp-json\/wp\/v2\/product_brand?post=10489"},{"taxonomy":"product_cat","embeddable":true,"href":"https:\/\/www.sailcom.ch\/en\/wp-json\/wp\/v2\/product_cat?post=10489"},{"taxonomy":"product_tag","embeddable":true,"href":"https:\/\/www.sailcom.ch\/en\/wp-json\/wp\/v2\/product_tag?post=10489"},{"taxonomy":"sailcom-capability","embeddable":true,"href":"https:\/\/www.sailcom.ch\/en\/wp-json\/wp\/v2\/sailcom-capability?post=10489"},{"taxonomy":"sailcom-location","embeddable":true,"href":"https:\/\/www.sailcom.ch\/en\/wp-json\/wp\/v2\/sailcom-location?post=10489"},{"taxonomy":"sailcom-event-type","embeddable":true,"href":"https:\/\/www.sailcom.ch\/en\/wp-json\/wp\/v2\/sailcom-event-type?post=10489"},{"taxonomy":"sailcom-boat-type","embeddable":true,"href":"https:\/\/www.sailcom.ch\/en\/wp-json\/wp\/v2\/sailcom-boat-type?post=10489"}],"curies":[{"name":"wp","href":"https:\/\/api.w.org\/{rel}","templated":true}]}}