{"id":38122,"date":"2024-08-30T11:46:58","date_gmt":"2024-08-30T09:46:58","guid":{"rendered":"https:\/\/www.sailcom.ch\/?page_id=38122"},"modified":"2026-03-12T14:24:28","modified_gmt":"2026-03-12T13:24:28","slug":"anmeldung-sailcom-2","status":"publish","type":"page","link":"https:\/\/www.sailcom.ch\/en\/anmeldung-sailcom-2\/","title":{"rendered":"Anmeldung SailCom"},"content":{"rendered":"<div data-elementor-type=\"wp-page\" data-elementor-id=\"38122\" class=\"elementor elementor-38122\" data-elementor-post-type=\"page\">\n\t\t\t\t<div class=\"elementor-element elementor-element-994b5a1 e-flex e-con-boxed e-con e-parent\" data-id=\"994b5a1\" data-element_type=\"container\" data-e-type=\"container\">\n\t\t\t\t\t<div class=\"e-con-inner\">\n\t\t\t\t<div class=\"elementor-element elementor-element-708f76a elementor-widget elementor-widget-heading\" data-id=\"708f76a\" data-element_type=\"widget\" data-e-type=\"widget\" data-widget_type=\"heading.default\">\n\t\t\t\t<div class=\"elementor-widget-container\">\n\t\t\t\t\t<h2 class=\"elementor-heading-title elementor-size-default\">Anmeldung SailCom<\/h2>\t\t\t\t<\/div>\n\t\t\t\t<\/div>\n\t\t\t\t<div class=\"elementor-element elementor-element-bbd3d25 elementor-button-align-stretch elementor-widget elementor-widget-form\" data-id=\"bbd3d25\" data-element_type=\"widget\" data-e-type=\"widget\" data-settings=\"{&quot;step_next_label&quot;:&quot;Next&quot;,&quot;step_previous_label&quot;:&quot;Previous&quot;,&quot;button_width&quot;:&quot;100&quot;,&quot;step_type&quot;:&quot;number_text&quot;,&quot;step_icon_shape&quot;:&quot;circle&quot;}\" data-widget_type=\"form.default\">\n\t\t\t\t<div class=\"elementor-widget-container\">\n\t\t\t\t\t\t\t<form class=\"elementor-form\" method=\"post\" id=\"registration_form\" name=\"Anmeldung\" aria-label=\"Anmeldung\">\n\t\t\t<input type=\"hidden\" name=\"post_id\" value=\"38122\"\/>\n\t\t\t<input type=\"hidden\" name=\"form_id\" value=\"bbd3d25\"\/>\n\t\t\t<input type=\"hidden\" name=\"referer_title\" value=\"\" \/>\n\n\t\t\t\n\t\t\t<div class=\"elementor-form-fields-wrapper elementor-labels-above\">\n\t\t\t\t\t\t\t\t<div class=\"elementor-field-type-select elementor-field-group elementor-column elementor-field-group-name elementor-col-20 elementor-field-required elementor-mark-required\">\n\t\t\t\t\t\t\t\t\t\t\t\t<label for=\"form-field-name\" class=\"elementor-field-label\">\n\t\t\t\t\t\t\t\tAnrede\t\t\t\t\t\t\t<\/label>\n\t\t\t\t\t\t\t\t<div class=\"elementor-field elementor-select-wrapper remove-before \">\n\t\t\t<div class=\"select-caret-down-wrapper\">\n\t\t\t\t<svg aria-hidden=\"true\" class=\"e-font-icon-svg e-eicon-caret-down\" viewBox=\"0 0 571.4 571.4\" xmlns=\"http:\/\/www.w3.org\/2000\/svg\"><path d=\"M571 393Q571 407 561 418L311 668Q300 679 286 679T261 668L11 418Q0 407 0 393T11 368 36 357H536Q550 357 561 368T571 393Z\"><\/path><\/svg>\t\t\t<\/div>\n\t\t\t<select name=\"form_fields[name]\" id=\"form-field-name\" class=\"elementor-field-textual elementor-size-sm\" required=\"required\">\n\t\t\t\t\t\t\t\t\t<option value=\"-\" selected=\"selected\">-<\/option>\n\t\t\t\t\t\t\t\t\t<option value=\"Frau\">Frau<\/option>\n\t\t\t\t\t\t\t\t\t<option value=\"Herr\">Herr<\/option>\n\t\t\t\t\t\t\t<\/select>\n\t\t<\/div>\n\t\t\t\t\t\t<\/div>\n\t\t\t\t\t\t\t\t<div class=\"elementor-field-type-text elementor-field-group elementor-column elementor-field-group-field_firstname elementor-col-40 elementor-field-required elementor-mark-required\">\n\t\t\t\t\t\t\t\t\t\t\t\t<label for=\"form-field-field_firstname\" class=\"elementor-field-label\">\n\t\t\t\t\t\t\t\tVorname\t\t\t\t\t\t\t<\/label>\n\t\t\t\t\t\t\t\t\t\t\t\t\t\t<input size=\"1\" type=\"text\" name=\"form_fields[field_firstname]\" id=\"form-field-field_firstname\" class=\"elementor-field elementor-size-sm  elementor-field-textual\" placeholder=\"Vorname\" required=\"required\">\n\t\t\t\t\t\t\t\t\t\t\t<\/div>\n\t\t\t\t\t\t\t\t<div class=\"elementor-field-type-text elementor-field-group elementor-column elementor-field-group-field_lastname elementor-col-40 elementor-field-required elementor-mark-required\">\n\t\t\t\t\t\t\t\t\t\t\t\t<label for=\"form-field-field_lastname\" class=\"elementor-field-label\">\n\t\t\t\t\t\t\t\tName\t\t\t\t\t\t\t<\/label>\n\t\t\t\t\t\t\t\t\t\t\t\t\t\t<input size=\"1\" type=\"text\" name=\"form_fields[field_lastname]\" id=\"form-field-field_lastname\" class=\"elementor-field elementor-size-sm  elementor-field-textual\" placeholder=\"Name\" required=\"required\">\n\t\t\t\t\t\t\t\t\t\t\t<\/div>\n\t\t\t\t\t\t\t\t<div class=\"elementor-field-type-email elementor-field-group elementor-column elementor-field-group-email elementor-col-50 elementor-field-required elementor-mark-required\">\n\t\t\t\t\t\t\t\t\t\t\t\t<label for=\"form-field-email\" class=\"elementor-field-label\">\n\t\t\t\t\t\t\t\tEmail\t\t\t\t\t\t\t<\/label>\n\t\t\t\t\t\t\t\t\t\t\t\t\t\t<input size=\"1\" type=\"email\" name=\"form_fields[email]\" id=\"form-field-email\" class=\"elementor-field elementor-size-sm  elementor-field-textual\" placeholder=\"Name\" required=\"required\">\n\t\t\t\t\t\t\t\t\t\t\t<\/div>\n\t\t\t\t\t\t\t\t<div class=\"elementor-field-type-tel elementor-field-group elementor-column elementor-field-group-message elementor-col-50 elementor-field-required elementor-mark-required\">\n\t\t\t\t\t\t\t\t\t\t\t\t<label for=\"form-field-message\" class=\"elementor-field-label\">\n\t\t\t\t\t\t\t\tTelefon\t\t\t\t\t\t\t<\/label>\n\t\t\t\t\t\t\t\t<input size=\"1\" type=\"tel\" name=\"form_fields[message]\" id=\"form-field-message\" class=\"elementor-field elementor-size-sm  elementor-field-textual\" placeholder=\"Telefonnummer\" required=\"required\" pattern=\"[0-9()#&amp;+*-=.]+\" title=\"Only numbers and phone characters (#, -, *, etc) are accepted.\">\n\n\t\t\t\t\t\t<\/div>\n\t\t\t\t\t\t\t\t<div class=\"elementor-field-type-text elementor-field-group elementor-column elementor-field-group-field_e0e493a elementor-col-50\">\n\t\t\t\t\t\t\t\t\t\t\t\t<label for=\"form-field-field_e0e493a\" class=\"elementor-field-label\">\n\t\t\t\t\t\t\t\tGeburtsdatum\t\t\t\t\t\t\t<\/label>\n\t\t\t\t\t\t\t\t\t\t\t\t\t\t<input size=\"1\" type=\"text\" name=\"form_fields[field_e0e493a]\" id=\"form-field-field_e0e493a\" class=\"elementor-field elementor-size-sm  elementor-field-textual\" placeholder=\"dd.mm.yyyy\">\n\t\t\t\t\t\t\t\t\t\t\t<\/div>\n\t\t\t\t\t\t\t\t<div class=\"elementor-field-type-select elementor-field-group elementor-column elementor-field-group-field_ea18eb5 elementor-col-50\">\n\t\t\t\t\t\t\t\t\t\t\t\t<label for=\"form-field-field_ea18eb5\" class=\"elementor-field-label\">\n\t\t\t\t\t\t\t\tSprache\t\t\t\t\t\t\t<\/label>\n\t\t\t\t\t\t\t\t<div class=\"elementor-field elementor-select-wrapper remove-before \">\n\t\t\t<div class=\"select-caret-down-wrapper\">\n\t\t\t\t<svg aria-hidden=\"true\" class=\"e-font-icon-svg e-eicon-caret-down\" viewBox=\"0 0 571.4 571.4\" xmlns=\"http:\/\/www.w3.org\/2000\/svg\"><path d=\"M571 393Q571 407 561 418L311 668Q300 679 286 679T261 668L11 418Q0 407 0 393T11 368 36 357H536Q550 357 561 368T571 393Z\"><\/path><\/svg>\t\t\t<\/div>\n\t\t\t<select name=\"form_fields[field_ea18eb5]\" id=\"form-field-field_ea18eb5\" class=\"elementor-field-textual elementor-size-sm\">\n\t\t\t\t\t\t\t\t\t<option value=\"Deutsch\">Deutsch<\/option>\n\t\t\t\t\t\t\t\t\t<option value=\"Fran\u00e7ais\">Fran\u00e7ais<\/option>\n\t\t\t\t\t\t\t\t\t<option value=\"English\">English<\/option>\n\t\t\t\t\t\t\t<\/select>\n\t\t<\/div>\n\t\t\t\t\t\t<\/div>\n\t\t\t\t\t\t\t\t<div class=\"elementor-field-type-text elementor-field-group elementor-column elementor-field-group-field_01d10a4 elementor-col-100 elementor-field-required elementor-mark-required\">\n\t\t\t\t\t\t\t\t\t\t\t\t<label for=\"form-field-field_01d10a4\" class=\"elementor-field-label\">\n\t\t\t\t\t\t\t\tAdresse\t\t\t\t\t\t\t<\/label>\n\t\t\t\t\t\t\t\t\t\t\t\t\t\t<input size=\"1\" type=\"text\" name=\"form_fields[field_01d10a4]\" id=\"form-field-field_01d10a4\" class=\"elementor-field elementor-size-sm  elementor-field-textual\" placeholder=\"Strasse und Hausnummer\" required=\"required\">\n\t\t\t\t\t\t\t\t\t\t\t<\/div>\n\t\t\t\t\t\t\t\t<div class=\"elementor-field-type-text elementor-field-group elementor-column elementor-field-group-field_67a46d6 elementor-col-100\">\n\t\t\t\t\t\t\t\t\t\t\t\t<label for=\"form-field-field_67a46d6\" class=\"elementor-field-label\">\n\t\t\t\t\t\t\t\tAdresse_2\t\t\t\t\t\t\t<\/label>\n\t\t\t\t\t\t\t\t\t\t\t\t\t\t<input size=\"1\" type=\"text\" name=\"form_fields[field_67a46d6]\" id=\"form-field-field_67a46d6\" class=\"elementor-field elementor-size-sm  elementor-field-textual\" placeholder=\"Strasse und Hausnummer (Zweite Zeile)\">\n\t\t\t\t\t\t\t\t\t\t\t<\/div>\n\t\t\t\t\t\t\t\t<div class=\"elementor-field-type-number elementor-field-group elementor-column elementor-field-group-field_a5d14de elementor-col-20 elementor-field-required elementor-mark-required\">\n\t\t\t\t\t\t\t\t\t\t\t\t<label for=\"form-field-field_a5d14de\" class=\"elementor-field-label\">\n\t\t\t\t\t\t\t\tPostleitzahl\t\t\t\t\t\t\t<\/label>\n\t\t\t\t\t\t\t\t\t<input type=\"number\" name=\"form_fields[field_a5d14de]\" id=\"form-field-field_a5d14de\" class=\"elementor-field elementor-size-sm  elementor-field-textual\" placeholder=\"PLZ\" required=\"required\" min=\"\" max=\"\" >\n\t\t\t\t\t\t<\/div>\n\t\t\t\t\t\t\t\t<div class=\"elementor-field-type-text elementor-field-group elementor-column elementor-field-group-field_9939034 elementor-col-50 elementor-field-required elementor-mark-required\">\n\t\t\t\t\t\t\t\t\t\t\t\t<label for=\"form-field-field_9939034\" class=\"elementor-field-label\">\n\t\t\t\t\t\t\t\tOrtschaft\t\t\t\t\t\t\t<\/label>\n\t\t\t\t\t\t\t\t\t\t\t\t\t\t<input size=\"1\" type=\"text\" name=\"form_fields[field_9939034]\" id=\"form-field-field_9939034\" class=\"elementor-field elementor-size-sm  elementor-field-textual\" required=\"required\">\n\t\t\t\t\t\t\t\t\t\t\t<\/div>\n\t\t\t\t\t\t\t\t<div class=\"elementor-field-type-radio elementor-field-group elementor-column elementor-field-group-field_2525efa elementor-col-100 elementor-field-required elementor-mark-required\">\n\t\t\t\t\t\t\t\t\t\t\t\t<label for=\"form-field-field_2525efa\" class=\"elementor-field-label\">\n\t\t\t\t\t\t\t\tMitgliedschaft\t\t\t\t\t\t\t<\/label>\n\t\t\t\t\t\t<div class=\"elementor-field-subgroup  elementor-subgroup-inline\"><span class=\"elementor-field-option\"><input type=\"radio\" value=\"Ich werde Genossenschafts-Erstmitglied (Jahresbeitrag CHF 250, Anteilscheinkapital CHF 1200, Eintrittsgeb\u00fchr CHF 200).\" id=\"form-field-field_2525efa-0\" name=\"form_fields[field_2525efa]\" required=\"required\"> <label for=\"form-field-field_2525efa-0\">Ich werde Genossenschafts-Erstmitglied (Jahresbeitrag CHF 250, Anteilscheinkapital CHF 1200, Eintrittsgeb\u00fchr CHF 200).<\/label><\/span><span class=\"elementor-field-option\"><input type=\"radio\" value=\"Ich melde den ganzen Haushalt an, wir werden Genossenschafts-Haushaltmitglieder (alle im Haushalt k\u00f6nnen segeln:  Jahresbeitrag CHF 400, Anteilscheinkapital CHF 1300, Eintrittsgeb\u00fchr CHF 200).\" id=\"form-field-field_2525efa-1\" name=\"form_fields[field_2525efa]\" required=\"required\"> <label for=\"form-field-field_2525efa-1\">Ich melde den ganzen Haushalt an, wir werden Genossenschafts-Haushaltmitglieder (alle im Haushalt k\u00f6nnen segeln:  Jahresbeitrag CHF 400, Anteilscheinkapital CHF 1300, Eintrittsgeb\u00fchr CHF 200).<\/label><\/span><\/div>\t\t\t\t<\/div>\n\t\t\t\t\t\t\t\t<div class=\"elementor-field-type-checkbox elementor-field-group elementor-column elementor-field-group-field_cea6e11 elementor-col-100\">\n\t\t\t\t\t\t\t\t\t\t\t\t<label for=\"form-field-field_cea6e11\" class=\"elementor-field-label\">\n\t\t\t\t\t\t\t\tJugendangebot\t\t\t\t\t\t\t<\/label>\n\t\t\t\t\t\t<div class=\"elementor-field-subgroup  \"><span class=\"elementor-field-option\"><input type=\"checkbox\" value=\"Ich bin unter 26 und m\u00f6chte von den &lt;a target=&quot;_blank&quot; href=&quot;\/agbs&quot;&gt;verg\u00fcnstigten Mitgliederbedingungen&lt;\/a&gt; profitieren (reduziertes Anteilscheinkapital von CHF 200).\" id=\"form-field-field_cea6e11-0\" name=\"form_fields[field_cea6e11]\"> <label for=\"form-field-field_cea6e11-0\">Ich bin unter 26 und m\u00f6chte von den <a target=\"_blank\" href=\"\/agbs\">verg\u00fcnstigten Mitgliederbedingungen<\/a> profitieren (reduziertes Anteilscheinkapital von CHF 200).<\/label><\/span><\/div>\t\t\t\t<\/div>\n\t\t\t\t\t\t\t\t<div class=\"elementor-field-type-checkbox elementor-field-group elementor-column elementor-field-group-segelschein_neu elementor-col-100\">\n\t\t\t\t\t\t\t\t\t\t\t\t<label for=\"form-field-segelschein_neu\" class=\"elementor-field-label\">\n\t\t\t\t\t\t\t\tNeusegler*innen Angebot\t\t\t\t\t\t\t<\/label>\n\t\t\t\t\t\t<div class=\"elementor-field-subgroup  \"><span class=\"elementor-field-option\"><input type=\"checkbox\" value=\"Ich habe meine Segelpr\u00fcfung in diesem Jahr bestanden und zahle keine Aufnahmegeb\u00fchr. \" id=\"form-field-segelschein_neu-0\" name=\"form_fields[segelschein_neu]\"> <label for=\"form-field-segelschein_neu-0\">Ich habe meine Segelpr\u00fcfung in diesem Jahr bestanden und zahle keine Aufnahmegeb\u00fchr. <\/label><\/span><\/div>\t\t\t\t<\/div>\n\t\t\t\t\t\t\t\t<div class=\"elementor-field-type-checkbox elementor-field-group elementor-column elementor-field-group-field_bae5464 elementor-col-100\">\n\t\t\t\t\t\t\t\t\t\t\t\t<label for=\"form-field-field_bae5464\" class=\"elementor-field-label\">\n\t\t\t\t\t\t\t\tStatus\t\t\t\t\t\t\t<\/label>\n\t\t\t\t\t\t<div class=\"elementor-field-subgroup  \"><span class=\"elementor-field-option\"><input type=\"checkbox\" value=\"Ich m\u00f6chte Mitglied im B-Status werden und verpflichte mich, mindestens 10 Stunden pro Jahr in diversen Aufgaben mitzuhelfen. Daf\u00fcr erhalte ich einen Rabatt von 15 % auf die ausgeschriebenen Tarife der Bootsmiete (ausgenommen das GA-Open).\" id=\"form-field-field_bae5464-0\" name=\"form_fields[field_bae5464]\"> <label for=\"form-field-field_bae5464-0\">Ich m\u00f6chte Mitglied im B-Status werden und verpflichte mich, mindestens 10 Stunden pro Jahr in diversen Aufgaben mitzuhelfen. Daf\u00fcr erhalte ich einen Rabatt von 15 % auf die ausgeschriebenen Tarife der Bootsmiete (ausgenommen das GA-Open).<\/label><\/span><\/div>\t\t\t\t<\/div>\n\t\t\t\t\t\t\t\t<div class=\"elementor-field-type-html elementor-field-group elementor-column elementor-field-group-field_32fd565 elementor-col-100\">\n\t\t\t\t\t<hr>\t\t\t\t<\/div>\n\t\t\t\t\t\t\t\t<div class=\"elementor-field-type-text elementor-field-group elementor-column elementor-field-group-field_44c8779 elementor-col-100\">\n\t\t\t\t\t\t\t\t\t\t\t\t\t<input size=\"1\" type=\"text\" name=\"form_fields[field_44c8779]\" id=\"form-field-field_44c8779\" class=\"elementor-field elementor-size-sm  elementor-field-textual\">\n\t\t\t\t\t\t\t\t\t\t\t<\/div>\n\t\t\t\t\t\t\t\t<div class=\"elementor-field-type-checkbox elementor-field-group elementor-column elementor-field-group-field_1b6c0cc elementor-col-100\">\n\t\t\t\t\t\t\t\t\t\t\t\t<label for=\"form-field-field_1b6c0cc\" class=\"elementor-field-label\">\n\t\t\t\t\t\t\t\tHaftungsreduktion:\t\t\t\t\t\t\t<\/label>\n\t\t\t\t\t\t<div class=\"elementor-field-subgroup  \"><span class=\"elementor-field-option\"><input type=\"checkbox\" value=\"Selbstbehaltsreduktion der Vollkasko f\u00fcr Fr. 75.-- (Ich bezahle dann nur noch einen Selbstbehalt von Fr. 150.-- anstelle Fr. 1500.- pro Schadenfall). Die Haftungsreduktion verl\u00e4ngert sich jeweils Ende Jahre automatisch um ein weiteres Jahr.\" id=\"form-field-field_1b6c0cc-0\" name=\"form_fields[field_1b6c0cc]\"> <label for=\"form-field-field_1b6c0cc-0\">Selbstbehaltsreduktion der Vollkasko f\u00fcr Fr. 75.-- (Ich bezahle dann nur noch einen Selbstbehalt von Fr. 150.-- anstelle Fr. 1500.- pro Schadenfall). Die Haftungsreduktion verl\u00e4ngert sich jeweils Ende Jahre automatisch um ein weiteres Jahr.<\/label><\/span><\/div>\t\t\t\t<\/div>\n\t\t\t\t\t\t\t\t<div class=\"elementor-field-type-checkbox elementor-field-group elementor-column elementor-field-group-field_47b3527 elementor-col-100\">\n\t\t\t\t\t\t\t\t\t\t\t\t<label for=\"form-field-field_47b3527\" class=\"elementor-field-label\">\n\t\t\t\t\t\t\t\tSailPass 50:\t\t\t\t\t\t\t<\/label>\n\t\t\t\t\t\t<div class=\"elementor-field-subgroup  \"><span class=\"elementor-field-option\"><input type=\"checkbox\" value=\"Das ganze Jahr zum halben Preis segeln mit unserem SailPass 50, auf allen Booten der Kategorie Open (g\u00fcltig bis Ende Kalenderjahr) f\u00fcr nur 395.-\" id=\"form-field-field_47b3527-0\" name=\"form_fields[field_47b3527]\"> <label for=\"form-field-field_47b3527-0\">Das ganze Jahr zum halben Preis segeln mit unserem SailPass 50, auf allen Booten der Kategorie Open (g\u00fcltig bis Ende Kalenderjahr) f\u00fcr nur 395.-<\/label><\/span><\/div>\t\t\t\t<\/div>\n\t\t\t\t\t\t\t\t<div class=\"elementor-field-type-html elementor-field-group elementor-column elementor-field-group-field_f75cf87 elementor-col-100\">\n\t\t\t\t\t<hr>\t\t\t\t<\/div>\n\t\t\t\t\t\t\t\t<div class=\"elementor-field-type-text elementor-field-group elementor-column elementor-field-group-field_4af0192 elementor-col-100\">\n\t\t\t\t\t\t\t\t\t\t\t\t\t<input size=\"1\" type=\"text\" name=\"form_fields[field_4af0192]\" id=\"form-field-field_4af0192\" class=\"elementor-field elementor-size-sm  elementor-field-textual\">\n\t\t\t\t\t\t\t\t\t\t\t<\/div>\n\t\t\t\t\t\t\t\t<div class=\"elementor-field-type-upload elementor-field-group elementor-column elementor-field-group-segelschein elementor-col-100\">\n\t\t\t\t\t\t\t\t\t\t\t\t<label for=\"form-field-segelschein\" class=\"elementor-field-label\">\n\t\t\t\t\t\t\t\t<p><u>Dein Schiffsf\u00fchrerausweis:<\/u><br\/>Bitte f\u00fcge hier einen Scan oder ein Foto Deines in der Schweiz g\u00fcltigen Schiffsf\u00fchrerausweises (Segelschein) an.<br\/>Wir brauchen diesen Ausweis, damit wir Dir ein Boot zur Verf\u00fcgung stellen k\u00f6nnen. <br\/>Du hast noch keinen Segelschein? Unsere <a target=\"_blank\" href=\"\/partner\">Partnerschulen<\/a> helfen Dir gern weiter!<br\/Achtung: Mit einem ausl\u00e4ndischen Segelschein wende dich bitte vor dem Mitgliedsantrag an die Gesch\u00e4ftsstelle (+41 44 322 66 24, info@sailcom.ch)<\/p>\t\t\t\t\t\t\t<\/label>\n\t\t\t\t\t\t\t\t<input type=\"file\" name=\"form_fields[segelschein]\" id=\"form-field-segelschein\" class=\"elementor-field elementor-size-sm  elementor-upload-field\" data-maxsize=\"5\" data-maxsize-message=\"This file exceeds the maximum allowed size.\">\n\n\t\t\t\t\t\t<\/div>\n\t\t\t\t\t\t\t\t<div class=\"elementor-field-type-html elementor-field-group elementor-column elementor-field-group-field_7f0c90c elementor-col-100\">\n\t\t\t\t\t<hr>\t\t\t\t<\/div>\n\t\t\t\t\t\t\t\t<div class=\"elementor-field-type-text elementor-field-group elementor-column elementor-field-group-Vermittler elementor-col-70\">\n\t\t\t\t\t\t\t\t\t\t\t\t<label for=\"form-field-Vermittler\" class=\"elementor-field-label\">\n\t\t\t\t\t\t\t\tVermittler*in (Bitte angeben, wenn Du auf Empfehlung bei SailCom Mitglied wirst):\t\t\t\t\t\t\t<\/label>\n\t\t\t\t\t\t\t\t\t\t\t\t\t\t<input size=\"1\" type=\"text\" name=\"form_fields[Vermittler]\" id=\"form-field-Vermittler\" class=\"elementor-field elementor-size-sm  elementor-field-textual\" placeholder=\"Segelschule \/ Name, Email, ...\">\n\t\t\t\t\t\t\t\t\t\t\t<\/div>\n\t\t\t\t\t\t\t\t<div class=\"elementor-field-type-html elementor-field-group elementor-column elementor-field-group-field_4b9b7f8 elementor-col-100\">\n\t\t\t\t\t<hr>\t\t\t\t<\/div>\n\t\t\t\t\t\t\t\t<div class=\"elementor-field-type-acceptance elementor-field-group elementor-column elementor-field-group-field_3e09a7a elementor-col-100 elementor-field-required elementor-mark-required\">\n\t\t\t\t\t\t\t\t\t\t\t\t<label for=\"form-field-field_3e09a7a\" class=\"elementor-field-label\">\n\t\t\t\t\t\t\t\tZustimmung\t\t\t\t\t\t\t<\/label>\n\t\t\t\t\t\t\t\t<div class=\"elementor-field-subgroup\">\n\t\t\t<span class=\"elementor-field-option\">\n\t\t\t\t<input type=\"checkbox\" name=\"form_fields[field_3e09a7a]\" id=\"form-field-field_3e09a7a\" class=\"elementor-field elementor-size-sm  elementor-acceptance-field\" required=\"required\">\n\t\t\t\t<label for=\"form-field-field_3e09a7a\">Ich werde SailCom Mitglied und bezahle die Mitgliedschaftsgeb\u00fchr von Fr. 250.--\/Jahr.\n\nZus\u00e4tzlich hinterlege ich Fr. 1200.-- Depot bzw. als Jugendmitglieder unter 26. Jahren ein reduziertes Depot von Fr. 200.--, welches ich bei Austritt Ende des ersten Jahres der Mitgliedschaft erstattet erhalte oder bei Fortsetzen der Mitgliedschaft automatisch zu ebenfalls erstattbarem Genossenschaftskapital wird. Mit meiner Zustimmung akzeptiere ich ebenfalls die <a target=\"_blank\" href=\"\/agbs\">allgemeinen Gesch\u00e4ftsbedingungen und Statuten der SailCom.<\/label>\t\t\t<\/span>\n\t\t<\/div>\n\t\t\t\t\t\t<\/div>\n\t\t\t\t\t\t\t\t<div class=\"elementor-field-type-acceptance elementor-field-group elementor-column elementor-field-group-field_92a7f37 elementor-col-100\">\n\t\t\t\t\t\t\t<div class=\"elementor-field-subgroup\">\n\t\t\t<span class=\"elementor-field-option\">\n\t\t\t\t<input type=\"checkbox\" name=\"form_fields[field_92a7f37]\" id=\"form-field-field_92a7f37\" class=\"elementor-field elementor-size-sm  elementor-acceptance-field\">\n\t\t\t\t<label for=\"form-field-field_92a7f37\">Ich akzeptiere ich <a target=\"_blank\" href=\"\/datenschutz\">  die Datenschutzerkl\u00e4rung <\/a> der SailCom.<\/label>\t\t\t<\/span>\n\t\t<\/div>\n\t\t\t\t\t\t<\/div>\n\t\t\t\t\t\t\t\t<div class=\"elementor-field-group elementor-column elementor-field-type-submit elementor-col-100 e-form__buttons\">\n\t\t\t\t\t<button class=\"elementor-button elementor-size-sm\" type=\"submit\">\n\t\t\t\t\t\t<span class=\"elementor-button-content-wrapper\">\n\t\t\t\t\t\t\t\t\t\t\t\t\t\t\t\t\t\t\t\t\t\t<span class=\"elementor-button-text\">Mitgliedschaftsantrag absenden<\/span>\n\t\t\t\t\t\t\t\t\t\t\t\t\t<\/span>\n\t\t\t\t\t<\/button>\n\t\t\t\t<\/div>\n\t\t\t<\/div>\n\t\t<\/form>\n\t\t\t\t\t\t<\/div>\n\t\t\t\t<\/div>\n\t\t\t\t\t<\/div>\n\t\t\t\t<\/div>\n\t\t\t\t<\/div>","protected":false},"excerpt":{"rendered":"<p>Anmeldung SailCom<\/p>\n","protected":false},"author":2,"featured_media":0,"parent":0,"menu_order":0,"comment_status":"closed","ping_status":"closed","template":"","meta":{"_acf_changed":false,"publish_to_discourse":"","publish_post_category":"","wpdc_auto_publish_overridden":"","wpdc_topic_tags":"","wpdc_pin_topic":"","wpdc_pin_until":"","discourse_post_id":"","discourse_permalink":"","wpdc_publishing_response":"","wpdc_publishing_error":"","footnotes":""},"sailcom-location":[],"sailcom-event-type":[],"sailcom-boat-type":[],"class_list":["post-38122","page","type-page","status-publish","hentry"],"acf":[],"_links":{"self":[{"href":"https:\/\/www.sailcom.ch\/en\/wp-json\/wp\/v2\/pages\/38122","targetHints":{"allow":["GET"]}}],"collection":[{"href":"https:\/\/www.sailcom.ch\/en\/wp-json\/wp\/v2\/pages"}],"about":[{"href":"https:\/\/www.sailcom.ch\/en\/wp-json\/wp\/v2\/types\/page"}],"author":[{"embeddable":true,"href":"https:\/\/www.sailcom.ch\/en\/wp-json\/wp\/v2\/users\/2"}],"replies":[{"embeddable":true,"href":"https:\/\/www.sailcom.ch\/en\/wp-json\/wp\/v2\/comments?post=38122"}],"version-history":[{"count":3,"href":"https:\/\/www.sailcom.ch\/en\/wp-json\/wp\/v2\/pages\/38122\/revisions"}],"predecessor-version":[{"id":61140,"href":"https:\/\/www.sailcom.ch\/en\/wp-json\/wp\/v2\/pages\/38122\/revisions\/61140"}],"wp:attachment":[{"href":"https:\/\/www.sailcom.ch\/en\/wp-json\/wp\/v2\/media?parent=38122"}],"wp:term":[{"taxonomy":"sailcom-location","embeddable":true,"href":"https:\/\/www.sailcom.ch\/en\/wp-json\/wp\/v2\/sailcom-location?post=38122"},{"taxonomy":"sailcom-event-type","embeddable":true,"href":"https:\/\/www.sailcom.ch\/en\/wp-json\/wp\/v2\/sailcom-event-type?post=38122"},{"taxonomy":"sailcom-boat-type","embeddable":true,"href":"https:\/\/www.sailcom.ch\/en\/wp-json\/wp\/v2\/sailcom-boat-type?post=38122"}],"curies":[{"name":"wp","href":"https:\/\/api.w.org\/{rel}","templated":true}]}}