{"id":27150,"date":"2024-03-01T13:55:01","date_gmt":"2024-03-01T12:55:01","guid":{"rendered":"https:\/\/www.sailcom.ch\/?page_id=27150"},"modified":"2024-12-18T10:40:20","modified_gmt":"2024-12-18T09:40:20","slug":"kollektivmitgliedschaft","status":"publish","type":"page","link":"https:\/\/www.sailcom.ch\/en\/kollektivmitgliedschaft\/","title":{"rendered":"Kollektivmitgliedschaft"},"content":{"rendered":"<div data-elementor-type=\"wp-page\" data-elementor-id=\"27150\" class=\"elementor elementor-27150\" data-elementor-post-type=\"page\">\n\t\t\t\t<div class=\"elementor-element elementor-element-ac44315 e-flex e-con-boxed e-con e-parent\" data-id=\"ac44315\" data-element_type=\"container\" data-e-type=\"container\">\n\t\t\t\t\t<div class=\"e-con-inner\">\n\t\t\t\t<div class=\"elementor-element elementor-element-2aeb097 elementor-widget elementor-widget-heading\" data-id=\"2aeb097\" data-element_type=\"widget\" data-e-type=\"widget\" data-widget_type=\"heading.default\">\n\t\t\t\t<div class=\"elementor-widget-container\">\n\t\t\t\t\t<h2 class=\"elementor-heading-title elementor-size-default\">SailCom f\u00fcr Vereine, Segelschulen und Firmen<\/h2>\t\t\t\t<\/div>\n\t\t\t\t<\/div>\n\t\t<div class=\"elementor-element elementor-element-2429688 e-flex e-con-boxed e-con e-child\" data-id=\"2429688\" data-element_type=\"container\" data-e-type=\"container\">\n\t\t\t\t\t<div class=\"e-con-inner\">\n\t\t<div class=\"elementor-element elementor-element-c3e1a51 e-con-full e-flex e-con e-child\" data-id=\"c3e1a51\" data-element_type=\"container\" data-e-type=\"container\">\n\t\t\t\t<div class=\"elementor-element elementor-element-d8c4604 elementor-widget elementor-widget-image\" data-id=\"d8c4604\" data-element_type=\"widget\" data-e-type=\"widget\" data-widget_type=\"image.default\">\n\t\t\t\t<div class=\"elementor-widget-container\">\n\t\t\t\t\t\t\t\t\t\t\t\t\t\t\t<img fetchpriority=\"high\" decoding=\"async\" width=\"800\" height=\"450\" src=\"https:\/\/www.sailcom.ch\/wp-content\/uploads\/2024\/02\/922ce661-f6cb-41fa-a26d-30df131fe2e6-1024x576.jpg\" class=\"attachment-large size-large wp-image-26726\" alt=\"\" srcset=\"https:\/\/www.sailcom.ch\/wp-content\/uploads\/2024\/02\/922ce661-f6cb-41fa-a26d-30df131fe2e6-e1708688578155.jpg 1024w, https:\/\/www.sailcom.ch\/wp-content\/uploads\/2024\/02\/922ce661-f6cb-41fa-a26d-30df131fe2e6-300x169.jpg 300w, https:\/\/www.sailcom.ch\/wp-content\/uploads\/2024\/02\/922ce661-f6cb-41fa-a26d-30df131fe2e6-768x432.jpg 768w, https:\/\/www.sailcom.ch\/wp-content\/uploads\/2024\/02\/922ce661-f6cb-41fa-a26d-30df131fe2e6-600x338.jpg 600w\" sizes=\"(max-width: 800px) 100vw, 800px\" \/>\t\t\t\t\t\t\t\t\t\t\t\t\t\t\t<\/div>\n\t\t\t\t<\/div>\n\t\t\t\t<\/div>\n\t\t<div class=\"elementor-element elementor-element-388a40b e-con-full e-flex e-con e-child\" data-id=\"388a40b\" data-element_type=\"container\" data-e-type=\"container\">\n\t\t\t\t<div class=\"elementor-element elementor-element-76dfb3f elementor-widget elementor-widget-heading\" data-id=\"76dfb3f\" data-element_type=\"widget\" data-e-type=\"widget\" data-widget_type=\"heading.default\">\n\t\t\t\t<div class=\"elementor-widget-container\">\n\t\t\t\t\t<h3 class=\"elementor-heading-title elementor-size-default\">Die SailCom Kollektivmitgliedschaft.<\/h3>\t\t\t\t<\/div>\n\t\t\t\t<\/div>\n\t\t\t\t<div class=\"elementor-element elementor-element-b5757a8 elementor-widget elementor-widget-text-editor\" data-id=\"b5757a8\" data-element_type=\"widget\" data-e-type=\"widget\" data-widget_type=\"text-editor.default\">\n\t\t\t\t<div class=\"elementor-widget-container\">\n\t\t\t\t\t\t\t\t\t<p><strong>Bieten Sie Ihren Mitarbeitenden, Vereinsmitgliedern oder Segelschul-Kunden eine einfache und kosteng\u00fcnstige M\u00f6glichkeit, die vielseitige SailCom-Flotte unkompliziert zu nutzen.<\/strong><\/p><p>SailCom, als nicht profitorientierte Genossenschaft, stellt den Nachhaltigkeitsgedanken und die gemeinsame Freude am Segelsport in den Mittelpunkt.<\/p><p>Mit dem SailCom-Kollektivangebot wird Segeln auf den idyllischen Schweizer Seen erschwinglich und attraktiv \u2013 ganz ohne die Notwendigkeit, eine eigene Infrastruktur zu unterhalten.<\/p>\t\t\t\t\t\t\t\t<\/div>\n\t\t\t\t<\/div>\n\t\t\t\t<\/div>\n\t\t<div class=\"elementor-element elementor-element-e1dc7f3 e-con-full e-flex e-con e-child\" data-id=\"e1dc7f3\" data-element_type=\"container\" data-e-type=\"container\">\n\t\t\t\t<div class=\"elementor-element elementor-element-bd22b09 elementor-widget elementor-widget-text-editor\" data-id=\"bd22b09\" data-element_type=\"widget\" data-e-type=\"widget\" data-widget_type=\"text-editor.default\">\n\t\t\t\t<div class=\"elementor-widget-container\">\n\t\t\t\t\t\t\t\t\t<p><b>Gerne informieren wir auch Ihre Firma oder Ihren Verein \u00fcber die vielf\u00e4ltigen M\u00f6glichkeiten, die eine SailCom Kollektivmitgliedschaft bietet.<\/b><\/p><p>Schreiben Sie einfach ein E-Mail an unsere Gesch\u00e4ftsstelle unter <span style=\"text-decoration: underline;\"><strong><a href=\"mailto:info@sailcom.ch\">info@sailcom.ch<\/a>.<\/strong><\/span><\/p><p>Wir stellen ihnen die Kollektivmitgliedschaft gern in einem pers\u00f6nlichen Gespr\u00e4ch vor und stellen uns ihren Fragen.\u00a0<\/p><p><strong>Wir freuen uns auf Ihre Anfrage!<\/strong><\/p>\t\t\t\t\t\t\t\t<\/div>\n\t\t\t\t<\/div>\n\t\t\t\t<div class=\"elementor-element elementor-element-4117e26 elementor-widget elementor-widget-text-editor\" data-id=\"4117e26\" data-element_type=\"widget\" data-e-type=\"widget\" data-widget_type=\"text-editor.default\">\n\t\t\t\t<div class=\"elementor-widget-container\">\n\t\t\t\t\t\t\t\t\t<h4>Die Kollektivmitgliedschaft<\/h4><div><p><strong>Eine SailCom Kollektivmitgliedschaft eignet sich z.B. f\u00fcr:<\/strong><\/p><ul><li>Segelvereine, die ihren Mitgliedern das Segeln auch ausserhalb des heimischen Reviers in der ganzen Schweiz erm\u00f6glichen.<\/li><li>Segelvereine, die zur Erg\u00e4nzung ihrer Clubboote auch SailCom Boote f\u00fcr Trainings und Anl\u00e4sse nutzen.<\/li><li>Hochsee-Segelvereine und Segelschulen um ihren Mitgliedern als Erg\u00e4nzung eine attraktive M\u00f6glichkeit zum Segeln auch in der Schweiz zu bieten.<\/li><li>Segelschulen um durch die unkomplizierte und g\u00fcnstige Nutzung von SailCom Booten bei Bedarf Spitzen zu brechen oder Kurse in anderen Revieren und Schwerpunkten anbieten zu k\u00f6nnen. (Skippertrainings, Starkwind- oder Gennackerkurse &#8230;)<\/li><li>Als Motivator f\u00fcr eine Ausbildung &#8211; Z.B. mit einer incentivierten SailCom-Mitgliedschaft nach bestandener Segelpr\u00fcfung u.s.w.<\/li><li>Firmen, die Ihren Mitarbeitenden ein g\u00fcnstiges Freizeitangebot, auch zur Teambindung, anbieten.<\/li><li>Hochschulsportangebote zur attraktiven Vervollst\u00e4ndigung des Angebots<\/li><\/ul><\/div><div>\u00a0<\/div><div><p><strong>Das kostet eine Kollektivmitgliedschaft:<\/strong><\/p><ul><li>Anteilsscheinkapital (R\u00fcckzahlbar gem. Statuten, max. 25 Mitglieder): <strong>CHF 2&#8217;500.00\u00a0<\/strong>(Anstatt CHF 1&#8217;200.00 bei Einzelmitgliedschaft)<\/li><li>J\u00e4hrlicher Jahresbeitrag pro gemeldetes Folgemitglied: <strong>CHF 150.00 <\/strong>(Anstatt CHF 250.00 bei Einzelmitgliedschaft)<\/li><li>Eintrittsgeb\u00fchr Kollektivmitglied: <strong>Keine.\u00a0<\/strong>(Anstatt CHF 200.00 bei Einzelmitgliedschaft)<\/li><li>Eintrittsgeb\u00fchr pro gemeldetes Folgemitglied:<strong> Keine.\u00a0<\/strong>(Anstatt CHF 250.00 bei Einzelmitgliedschaft)<\/li><li>Anteilsscheinkapital f\u00fcr jedes die Grenze von 25 Mitgliedern \u00fcberschreitende Mitglied: <strong>CHF 100.00<\/strong><\/li><li>Kosten der Nutzung:\u00a0<strong>Keine Zuschl\u00e4ge.<\/strong><\/li><\/ul><\/div><div>\u00a0<\/div><div><p><strong>Diese Firmen und Vereine profitieren bereits von einer Kollektivmitgliedschaft bei SailCom:<\/strong><\/p><ul><li><strong>Akademischer Sportverband Z\u00fcrich ETH<\/strong> &#8211;\u00a0<a href=\"https:\/\/www.asvz.ch\/sport\/45709-segeln-yacht\" target=\"_blank\" rel=\"noopener\">https:\/\/www.asvz.ch\/sport\/45709-segeln-yacht<\/a><\/li><li><strong>Digital Sailing Club<\/strong> &#8211; <a href=\"https:\/\/digitalsailingclub.ch\/\" target=\"_blank\" rel=\"noopener\">https:\/\/digitalsailingclub.ch\/<\/a><\/li><li><strong>Vaudoise Sailing Club, Lausanne<\/strong><\/li><li><strong>Yachtclub Arbon<\/strong> &#8211; <a href=\"https:\/\/www.yca.ch\/\" target=\"_blank\" rel=\"noopener\">https:\/\/www.yca.ch\/<\/a><\/li><li><strong>Yachtclub Romanshorn<\/strong> &#8211; <a href=\"https:\/\/www.ycro.ch\/\" target=\"_blank\" rel=\"noopener\">https:\/\/www.ycro.ch\/<\/a><\/li><li><strong>Yachtclub Rapperswil<\/strong> &#8211;\u00a0<a href=\"https:\/\/www.ycr.ch\/\" target=\"_blank\" rel=\"noopener\">https:\/\/www.ycr.ch\/<\/a><\/li><li><strong>Yachtclub Luzern<\/strong> &#8211; <a href=\"https:\/\/www.ycl.ch\/\" target=\"_blank\" rel=\"noopener\">https:\/\/www.ycl.ch\/<\/a><\/li><li><strong>Yachtclub Horgen<\/strong> . <a href=\"https:\/\/ych.ch\/\" target=\"_blank\" rel=\"noopener\">https:\/\/ych.ch\/<\/a><\/li><li><strong>Yachtclub F\u00e4llanden<\/strong> &#8211; <a href=\"https:\/\/www.segelclub-faellanden.ch\/\" target=\"_blank\" rel=\"noopener\">https:\/\/www.segelclub-faellanden.ch\/<\/a><\/li><li><strong>Offshore Segelverein Sailteam.ch<\/strong> &#8211; <a href=\"https:\/\/www.sailteam.ch\/\" target=\"_blank\" rel=\"noopener\">https:\/\/www.sailteam.ch\/<\/a><\/li><li><strong>Segelschule Segelcenter Biel<\/strong> &#8211; <a href=\"https:\/\/www.segelcenter.ch\/\" target=\"_blank\" rel=\"noopener\">https:\/\/<\/a><a href=\"https:\/\/www.segelcenter.ch\/\" target=\"_blank\" rel=\"noopener\">www.segelcenter.ch<\/a><\/li><li><strong>Segelschule Joran Biel<\/strong> &#8211; <a href=\"https:\/\/www.joran-biel.ch\" target=\"_blank\" rel=\"noopener\">https:\/\/www.joran-biel.ch<\/a><\/li><\/ul><\/div>\t\t\t\t\t\t\t\t<\/div>\n\t\t\t\t<\/div>\n\t\t\t\t<\/div>\n\t\t\t\t\t<\/div>\n\t\t\t\t<\/div>\n\t\t\t\t\t<\/div>\n\t\t\t\t<\/div>\n\t\t\t\t<\/div>","protected":false},"excerpt":{"rendered":"<p>SailCom f\u00fcr Vereine, Segelschulen und Firmen Die SailCom Kollektivmitgliedschaft. Bieten Sie Ihren Mitarbeitenden, Vereinsmitgliedern oder Segelschul-Kunden eine einfache und kosteng\u00fcnstige M\u00f6glichkeit, die vielseitige SailCom-Flotte unkompliziert zu nutzen. SailCom, als nicht profitorientierte Genossenschaft, stellt den Nachhaltigkeitsgedanken und die gemeinsame Freude am Segelsport in den Mittelpunkt. Mit dem SailCom-Kollektivangebot wird Segeln auf den idyllischen Schweizer Seen erschwinglich [&hellip;]<\/p>\n","protected":false},"author":5,"featured_media":0,"parent":0,"menu_order":0,"comment_status":"closed","ping_status":"closed","template":"","meta":{"_acf_changed":false,"publish_to_discourse":"","publish_post_category":"","wpdc_auto_publish_overridden":"","wpdc_topic_tags":"","wpdc_pin_topic":"","wpdc_pin_until":"","discourse_post_id":"","discourse_permalink":"","wpdc_publishing_response":"","wpdc_publishing_error":"","footnotes":""},"sailcom-location":[],"sailcom-event-type":[],"sailcom-boat-type":[],"class_list":["post-27150","page","type-page","status-publish","hentry"],"acf":[],"_links":{"self":[{"href":"https:\/\/www.sailcom.ch\/en\/wp-json\/wp\/v2\/pages\/27150","targetHints":{"allow":["GET"]}}],"collection":[{"href":"https:\/\/www.sailcom.ch\/en\/wp-json\/wp\/v2\/pages"}],"about":[{"href":"https:\/\/www.sailcom.ch\/en\/wp-json\/wp\/v2\/types\/page"}],"author":[{"embeddable":true,"href":"https:\/\/www.sailcom.ch\/en\/wp-json\/wp\/v2\/users\/5"}],"replies":[{"embeddable":true,"href":"https:\/\/www.sailcom.ch\/en\/wp-json\/wp\/v2\/comments?post=27150"}],"version-history":[{"count":28,"href":"https:\/\/www.sailcom.ch\/en\/wp-json\/wp\/v2\/pages\/27150\/revisions"}],"predecessor-version":[{"id":43853,"href":"https:\/\/www.sailcom.ch\/en\/wp-json\/wp\/v2\/pages\/27150\/revisions\/43853"}],"wp:attachment":[{"href":"https:\/\/www.sailcom.ch\/en\/wp-json\/wp\/v2\/media?parent=27150"}],"wp:term":[{"taxonomy":"sailcom-location","embeddable":true,"href":"https:\/\/www.sailcom.ch\/en\/wp-json\/wp\/v2\/sailcom-location?post=27150"},{"taxonomy":"sailcom-event-type","embeddable":true,"href":"https:\/\/www.sailcom.ch\/en\/wp-json\/wp\/v2\/sailcom-event-type?post=27150"},{"taxonomy":"sailcom-boat-type","embeddable":true,"href":"https:\/\/www.sailcom.ch\/en\/wp-json\/wp\/v2\/sailcom-boat-type?post=27150"}],"curies":[{"name":"wp","href":"https:\/\/api.w.org\/{rel}","templated":true}]}}