{"id":9684,"date":"2023-06-01T20:43:16","date_gmt":"2023-06-01T18:43:16","guid":{"rendered":"https:\/\/www.sailcom.ch\/product\/product\/"},"modified":"2023-12-30T22:58:35","modified_gmt":"2023-12-30T21:58:35","slug":"event_9684","status":"publish","type":"product","link":"https:\/\/www.sailcom.ch\/de\/produkt\/event_9684\/","title":{"rendered":"Plauschregatta Sunset Race"},"content":{"rendered":"","protected":false},"excerpt":{"rendered":"<p>Wir nehmen als &quot;SailCom Race Group&quot; am Sunset Race der Segelvereinigung Thalwil teil. Erster Start ist um 19.00 Uhr. Es sind alle herzlich eingeladen teilzunehmen, auch Regattaanf\u00e4nger und -anf\u00e4ngerinnen. Nach der Ragatta legen wir direkt vor dem Clubhaus der Segelvereinigung Thalwil an und essen dort gem\u00fctlich Znacht.<br \/>\nTreffpunkt ist um 18.00 am Ende der Hafenmole unter der reformierten Kirche Erlenbach, beim blauen Beiboot. Wir k\u00f6nnen Euch auch um 18.30 Uhr bei den Gastliegepl\u00e4tzen des Hafens Thalwil abholen (beim Restaurant Portofino). Bitte bringt Euer Essen selber mit (z.B. W\u00fcrste oder Fleisch f\u00fcr den Grill, Brot, Chips, etc.). Getr\u00e4nke werden im Club verkauft.<\/p>\n<p>Weitere Infos zur Plauschregatta unter dem Link: https:\/\/www.svt.ch\/index.php?tab=regatta\/sunsetrace<\/p>\n<p>Bei Fragen bitte Heiri kontaktieren (079 917 02 41 oder hans.heinrich@knues.li)<\/p>\n","protected":false},"author":2773,"featured_media":1568,"template":"","meta":{"_acf_changed":false,"publish_to_discourse":"","publish_post_category":"","wpdc_auto_publish_overridden":"","wpdc_topic_tags":"","wpdc_pin_topic":"","wpdc_pin_until":"","discourse_post_id":"","discourse_permalink":"","wpdc_publishing_response":"","wpdc_publishing_error":""},"product_brand":[],"product_cat":[213,233,216],"product_tag":[],"sailcom-capability":[],"sailcom-location":[348],"sailcom-event-type":[364,377,379],"sailcom-boat-type":[],"class_list":{"0":"post-9684","1":"product","2":"type-product","3":"status-publish","4":"has-post-thumbnail","6":"product_cat-sail-along","7":"product_cat-regatta-training","8":"product_cat-spisegeln","9":"sailcom-location-zurichsee","10":"sailcom-event-type-sail-along","11":"sailcom-event-type-regatta-training","12":"sailcom-event-type-spisegeln","14":"first","15":"instock","16":"taxable","17":"shipping-taxable","18":"product-type-sc_event"},"acf":[],"_links":{"self":[{"href":"https:\/\/www.sailcom.ch\/de\/wp-json\/wp\/v2\/product\/9684","targetHints":{"allow":["GET"]}}],"collection":[{"href":"https:\/\/www.sailcom.ch\/de\/wp-json\/wp\/v2\/product"}],"about":[{"href":"https:\/\/www.sailcom.ch\/de\/wp-json\/wp\/v2\/types\/product"}],"author":[{"embeddable":true,"href":"https:\/\/www.sailcom.ch\/de\/wp-json\/wp\/v2\/users\/2773"}],"wp:featuredmedia":[{"embeddable":true,"href":"https:\/\/www.sailcom.ch\/de\/wp-json\/wp\/v2\/media\/1568"}],"wp:attachment":[{"href":"https:\/\/www.sailcom.ch\/de\/wp-json\/wp\/v2\/media?parent=9684"}],"wp:term":[{"taxonomy":"product_brand","embeddable":true,"href":"https:\/\/www.sailcom.ch\/de\/wp-json\/wp\/v2\/product_brand?post=9684"},{"taxonomy":"product_cat","embeddable":true,"href":"https:\/\/www.sailcom.ch\/de\/wp-json\/wp\/v2\/product_cat?post=9684"},{"taxonomy":"product_tag","embeddable":true,"href":"https:\/\/www.sailcom.ch\/de\/wp-json\/wp\/v2\/product_tag?post=9684"},{"taxonomy":"sailcom-capability","embeddable":true,"href":"https:\/\/www.sailcom.ch\/de\/wp-json\/wp\/v2\/sailcom-capability?post=9684"},{"taxonomy":"sailcom-location","embeddable":true,"href":"https:\/\/www.sailcom.ch\/de\/wp-json\/wp\/v2\/sailcom-location?post=9684"},{"taxonomy":"sailcom-event-type","embeddable":true,"href":"https:\/\/www.sailcom.ch\/de\/wp-json\/wp\/v2\/sailcom-event-type?post=9684"},{"taxonomy":"sailcom-boat-type","embeddable":true,"href":"https:\/\/www.sailcom.ch\/de\/wp-json\/wp\/v2\/sailcom-boat-type?post=9684"}],"curies":[{"name":"wp","href":"https:\/\/api.w.org\/{rel}","templated":true}]}}