{"id":9683,"date":"2023-06-01T20:36:03","date_gmt":"2023-06-01T18:36:03","guid":{"rendered":"https:\/\/www.sailcom.ch\/product\/product\/"},"modified":"2023-12-30T22:58:35","modified_gmt":"2023-12-30T21:58:35","slug":"event_9683","status":"publish","type":"product","link":"https:\/\/www.sailcom.ch\/de\/produkt\/event_9683\/","title":{"rendered":"Spi- und Regattakurs (inkl. Einweisung)"},"content":{"rendered":"","protected":false},"excerpt":{"rendered":"<p>Einf\u00fchrung ins Spisegeln auf der Malin, ideal als Vorbereitung f\u00fcr das Sunset Race. Schoten f\u00fcr den Spi einrichten, Spi richtig falten, Spi setzen, bergen und trimmen. Segeltrimm allgemein und kurze Einf\u00fchrung ins Regattieren.<\/p>\n<p>Wir treffen uns um 10.00 Uhr am Ende der Hafenmole unter der reformierten Kirche Erlenbach, beim blauen Beiboot.<\/p>\n<p>Bei Fragen bitte Heiri kontaktieren (079 917 02 41 oder hans.heinrich@knues.li)<\/p>\n","protected":false},"author":2773,"featured_media":1568,"template":"","meta":{"_acf_changed":false,"publish_to_discourse":"","publish_post_category":"","wpdc_auto_publish_overridden":"","wpdc_topic_tags":"","wpdc_pin_topic":"","wpdc_pin_until":"","discourse_post_id":"","discourse_permalink":"","wpdc_publishing_response":"","wpdc_publishing_error":""},"product_brand":[],"product_cat":[225,236,216],"product_tag":[],"sailcom-capability":[],"sailcom-location":[348],"sailcom-event-type":[373,374,379],"sailcom-boat-type":[],"class_list":{"0":"post-9683","1":"product","2":"type-product","3":"status-publish","4":"has-post-thumbnail","6":"product_cat-einweisungen","7":"product_cat-skippertraining","8":"product_cat-spisegeln","9":"sailcom-location-zurichsee","10":"sailcom-event-type-einweisungen","11":"sailcom-event-type-skippertraining","12":"sailcom-event-type-spisegeln","14":"first","15":"outofstock","16":"taxable","17":"shipping-taxable","18":"product-type-sc_event"},"acf":[],"_links":{"self":[{"href":"https:\/\/www.sailcom.ch\/de\/wp-json\/wp\/v2\/product\/9683","targetHints":{"allow":["GET"]}}],"collection":[{"href":"https:\/\/www.sailcom.ch\/de\/wp-json\/wp\/v2\/product"}],"about":[{"href":"https:\/\/www.sailcom.ch\/de\/wp-json\/wp\/v2\/types\/product"}],"author":[{"embeddable":true,"href":"https:\/\/www.sailcom.ch\/de\/wp-json\/wp\/v2\/users\/2773"}],"wp:featuredmedia":[{"embeddable":true,"href":"https:\/\/www.sailcom.ch\/de\/wp-json\/wp\/v2\/media\/1568"}],"wp:attachment":[{"href":"https:\/\/www.sailcom.ch\/de\/wp-json\/wp\/v2\/media?parent=9683"}],"wp:term":[{"taxonomy":"product_brand","embeddable":true,"href":"https:\/\/www.sailcom.ch\/de\/wp-json\/wp\/v2\/product_brand?post=9683"},{"taxonomy":"product_cat","embeddable":true,"href":"https:\/\/www.sailcom.ch\/de\/wp-json\/wp\/v2\/product_cat?post=9683"},{"taxonomy":"product_tag","embeddable":true,"href":"https:\/\/www.sailcom.ch\/de\/wp-json\/wp\/v2\/product_tag?post=9683"},{"taxonomy":"sailcom-capability","embeddable":true,"href":"https:\/\/www.sailcom.ch\/de\/wp-json\/wp\/v2\/sailcom-capability?post=9683"},{"taxonomy":"sailcom-location","embeddable":true,"href":"https:\/\/www.sailcom.ch\/de\/wp-json\/wp\/v2\/sailcom-location?post=9683"},{"taxonomy":"sailcom-event-type","embeddable":true,"href":"https:\/\/www.sailcom.ch\/de\/wp-json\/wp\/v2\/sailcom-event-type?post=9683"},{"taxonomy":"sailcom-boat-type","embeddable":true,"href":"https:\/\/www.sailcom.ch\/de\/wp-json\/wp\/v2\/sailcom-boat-type?post=9683"}],"curies":[{"name":"wp","href":"https:\/\/api.w.org\/{rel}","templated":true}]}}