{"id":9411,"date":"2023-05-23T15:09:15","date_gmt":"2023-05-23T13:09:15","guid":{"rendered":"https:\/\/www.sailcom.ch\/product\/product\/"},"modified":"2023-12-30T22:43:29","modified_gmt":"2023-12-30T21:43:29","slug":"event_9411","status":"publish","type":"product","link":"https:\/\/www.sailcom.ch\/de\/produkt\/event_9411\/","title":{"rendered":"Einweisung"},"content":{"rendered":"","protected":false},"excerpt":{"rendered":"<p>: Zephyr (Moser m2)<br \/>\nEventkategorie: Einweisungen, Vierwaldst\u00e4ttersee<br \/>\nKennenlernen der Moser M2, Zephyr: Eines der bliebtesten Sailcom-Boote. Top-Boot, Top-Revier! Alles Wichtige erfahren um bald den ersten eigenen Ausflug im Gersauerbecken und dem Urnersee zu planen:<br \/>\n\u2013 neuer Hafen Felsenegg, Belegen in der Box, Einfahrt, Ausfahrt<br \/>\n\u2013 Motorhandhabung<br \/>\n\u2013 Segel setzen, bergen, reffen, beidrehen, Spezialt\u00e4t Selbstwendefock<br \/>\n\u2013 Revierkenntnisse, typische Winde, G\u00e4stepl\u00e4tze, Verpflegungsm\u00f6glichkeiten<br \/>\nHafen Felsenegg, Gersau Achim Jansch 078 755 84 68<\/p>\n","protected":false},"author":3384,"featured_media":8956,"template":"","meta":{"_acf_changed":false,"publish_to_discourse":"","publish_post_category":"","wpdc_auto_publish_overridden":"","wpdc_topic_tags":"","wpdc_pin_topic":"","wpdc_pin_until":"","discourse_post_id":"","discourse_permalink":"","wpdc_publishing_response":"","wpdc_publishing_error":""},"product_brand":[],"product_cat":[225,121],"product_tag":[],"sailcom-capability":[],"sailcom-location":[345],"sailcom-event-type":[373],"sailcom-boat-type":[],"class_list":{"0":"post-9411","1":"product","2":"type-product","3":"status-publish","4":"has-post-thumbnail","6":"product_cat-einweisungen","7":"product_cat-vierwaldstattersee-location","8":"sailcom-location-vierwaldstattersee-location","9":"sailcom-event-type-einweisungen","11":"first","12":"instock","13":"taxable","14":"shipping-taxable","15":"product-type-sc_event"},"acf":[],"_links":{"self":[{"href":"https:\/\/www.sailcom.ch\/de\/wp-json\/wp\/v2\/product\/9411","targetHints":{"allow":["GET"]}}],"collection":[{"href":"https:\/\/www.sailcom.ch\/de\/wp-json\/wp\/v2\/product"}],"about":[{"href":"https:\/\/www.sailcom.ch\/de\/wp-json\/wp\/v2\/types\/product"}],"author":[{"embeddable":true,"href":"https:\/\/www.sailcom.ch\/de\/wp-json\/wp\/v2\/users\/3384"}],"wp:featuredmedia":[{"embeddable":true,"href":"https:\/\/www.sailcom.ch\/de\/wp-json\/wp\/v2\/media\/8956"}],"wp:attachment":[{"href":"https:\/\/www.sailcom.ch\/de\/wp-json\/wp\/v2\/media?parent=9411"}],"wp:term":[{"taxonomy":"product_brand","embeddable":true,"href":"https:\/\/www.sailcom.ch\/de\/wp-json\/wp\/v2\/product_brand?post=9411"},{"taxonomy":"product_cat","embeddable":true,"href":"https:\/\/www.sailcom.ch\/de\/wp-json\/wp\/v2\/product_cat?post=9411"},{"taxonomy":"product_tag","embeddable":true,"href":"https:\/\/www.sailcom.ch\/de\/wp-json\/wp\/v2\/product_tag?post=9411"},{"taxonomy":"sailcom-capability","embeddable":true,"href":"https:\/\/www.sailcom.ch\/de\/wp-json\/wp\/v2\/sailcom-capability?post=9411"},{"taxonomy":"sailcom-location","embeddable":true,"href":"https:\/\/www.sailcom.ch\/de\/wp-json\/wp\/v2\/sailcom-location?post=9411"},{"taxonomy":"sailcom-event-type","embeddable":true,"href":"https:\/\/www.sailcom.ch\/de\/wp-json\/wp\/v2\/sailcom-event-type?post=9411"},{"taxonomy":"sailcom-boat-type","embeddable":true,"href":"https:\/\/www.sailcom.ch\/de\/wp-json\/wp\/v2\/sailcom-boat-type?post=9411"}],"curies":[{"name":"wp","href":"https:\/\/api.w.org\/{rel}","templated":true}]}}