{"id":9053,"date":"2023-05-08T13:52:48","date_gmt":"2023-05-08T11:52:48","guid":{"rendered":"https:\/\/www.sailcom.ch\/product\/product\/"},"modified":"2023-12-30T22:52:50","modified_gmt":"2023-12-30T21:52:50","slug":"event_9053","status":"publish","type":"product","link":"https:\/\/www.sailcom.ch\/de\/produkt\/event_9053\/","title":{"rendered":"Livraison Viko S 30 \u00e0 Versoix \/ Leiferung der Viko S 30 nach Versoix"},"content":{"rendered":"","protected":false},"excerpt":{"rendered":"<p>Chers navigateurs et navigatrices d&#039;IceBoat et chers croisi\u00e9ristes<\/p>\n<p>Ce week-end, la date de livraison du &quot;nouveau&quot; IceBoat, le nouveau Viko S-30, m&#039;a \u00e9t\u00e9 communiqu\u00e9e et confirm\u00e9e assez rapidement par le fournisseur.\u2028\u2028<\/p>\n<p>Parfois, il faut aller un peu plus vite, le bateau arrive le mercredi 10 mai 2023 vers 10h00 \u00e0 Versoix et nous esp\u00e9rons pouvoir mettre le bateau \u00e0 l&#039;eau le mercredi et l&#039;amener \u00e0 son lieu d&#039;amarrage.\u2028\u2028Malheureusement, un mercredi matin n&#039;est pas tr\u00e8s attrayant pour de nombreux membres et j&#039;esp\u00e8re donc trouver de cette mani\u00e8re l&#039;une ou l&#039;autre main secourable qui souhaiterait accueillir ce nouveau bateau fantastique avec moi \u00e0 Versoix.<\/p>\n<p>\u2028\u2028Nous nous retrouverons vers 10h00 \u00e0 la grue du Port Choiseul \u00e0 Versoix, le bateau devrait alors \u00eatre arriv\u00e9.\u2028\u2028<\/p>\n<p>Tu es de la partie ?<\/p>\n<p>&#8212;<\/p>\n<p>Liebe Segler:innen des IceBoat und liebe Cruiser-Segelnde<\/p>\n<p>Dieses Wochenende wurde mir relativ schnell der Ausliefertermin des &quot;neuen&quot; IceBoats, der werftneuen Viko S-30 vom Lieferanten mitgeteilt und best\u00e4tigt.\u2028\u2028<\/p>\n<p>Manchmal muss halt etwas schneller gehen, das Boot kommt am Mittwoch, den 10.05.2023, gegen 10:00 Uhr in Versoix an und wir hoffen, das Boot auch am Mittwoch noch zu Wasser lassen zu k\u00f6nnen und an die Liegeplatz zu \u00fcberf\u00fchren.\u2028\u2028<\/p>\n<p>Leider ist ein Mittwochvormittag nicht sehr attraktiv f\u00fcr viele Mitglieder und so hoffe ich nun, auf diesem Wege noch die eine oder andere helfende Hand zu finden die dieses tolle neue Boot mit mir zusammen in Versoix begr\u00fcssen m\u00f6chte.<\/p>\n<p>\u2028\u2028Wir treffen uns gegen 10:00 Uhr am Kran im Port Choiseul in Versoix, das Boot sollte dann angekommen sein.\u2028\u2028<\/p>\n<p>Bis Du dabei?<\/p>\n","protected":false},"author":2774,"featured_media":1622,"template":"","meta":{"_acf_changed":false,"publish_to_discourse":"","publish_post_category":"","wpdc_auto_publish_overridden":"","wpdc_topic_tags":"","wpdc_pin_topic":"","wpdc_pin_until":"","discourse_post_id":"","discourse_permalink":"","wpdc_publishing_response":"","wpdc_publishing_error":""},"product_brand":[],"product_cat":[131,214],"product_tag":[],"sailcom-capability":[],"sailcom-location":[340],"sailcom-event-type":[380],"sailcom-boat-type":[],"class_list":{"0":"post-9053","1":"product","2":"type-product","3":"status-publish","4":"has-post-thumbnail","6":"product_cat-genfersee","7":"product_cat-maintenance","8":"sailcom-location-genfersee","9":"sailcom-event-type-maintenance","11":"first","12":"instock","13":"taxable","14":"shipping-taxable","15":"product-type-sc_event"},"acf":[],"_links":{"self":[{"href":"https:\/\/www.sailcom.ch\/de\/wp-json\/wp\/v2\/product\/9053","targetHints":{"allow":["GET"]}}],"collection":[{"href":"https:\/\/www.sailcom.ch\/de\/wp-json\/wp\/v2\/product"}],"about":[{"href":"https:\/\/www.sailcom.ch\/de\/wp-json\/wp\/v2\/types\/product"}],"author":[{"embeddable":true,"href":"https:\/\/www.sailcom.ch\/de\/wp-json\/wp\/v2\/users\/2774"}],"wp:featuredmedia":[{"embeddable":true,"href":"https:\/\/www.sailcom.ch\/de\/wp-json\/wp\/v2\/media\/1622"}],"wp:attachment":[{"href":"https:\/\/www.sailcom.ch\/de\/wp-json\/wp\/v2\/media?parent=9053"}],"wp:term":[{"taxonomy":"product_brand","embeddable":true,"href":"https:\/\/www.sailcom.ch\/de\/wp-json\/wp\/v2\/product_brand?post=9053"},{"taxonomy":"product_cat","embeddable":true,"href":"https:\/\/www.sailcom.ch\/de\/wp-json\/wp\/v2\/product_cat?post=9053"},{"taxonomy":"product_tag","embeddable":true,"href":"https:\/\/www.sailcom.ch\/de\/wp-json\/wp\/v2\/product_tag?post=9053"},{"taxonomy":"sailcom-capability","embeddable":true,"href":"https:\/\/www.sailcom.ch\/de\/wp-json\/wp\/v2\/sailcom-capability?post=9053"},{"taxonomy":"sailcom-location","embeddable":true,"href":"https:\/\/www.sailcom.ch\/de\/wp-json\/wp\/v2\/sailcom-location?post=9053"},{"taxonomy":"sailcom-event-type","embeddable":true,"href":"https:\/\/www.sailcom.ch\/de\/wp-json\/wp\/v2\/sailcom-event-type?post=9053"},{"taxonomy":"sailcom-boat-type","embeddable":true,"href":"https:\/\/www.sailcom.ch\/de\/wp-json\/wp\/v2\/sailcom-boat-type?post=9053"}],"curies":[{"name":"wp","href":"https:\/\/api.w.org\/{rel}","templated":true}]}}