{"id":8996,"date":"2023-09-12T12:00:17","date_gmt":"2023-09-12T10:00:17","guid":{"rendered":"https:\/\/www.sailcom.ch\/?post_type=product&#038;p=8996"},"modified":"2026-01-21T15:18:28","modified_gmt":"2026-01-21T14:18:28","slug":"rani-storm-22","status":"publish","type":"product","link":"https:\/\/www.sailcom.ch\/de\/produkt\/rani-storm-22\/","title":{"rendered":"Storm 22 (Rani)"},"content":{"rendered":"<p><span id=\"mp_spacer1\" class=\"mp_spacer\"><strong>Die STORM 22 &#8220;Rani&#8221; bietet viel Komfort, Spass beim Segeln und ist perfekt geeignet, den Neuenburgersee auch \u00fcber mehrere Tage zu erkunden.<\/strong><\/span><\/p>\n<p><span id=\"mp_spacer1\" class=\"mp_spacer\"><img fetchpriority=\"high\" decoding=\"async\" class=\"alignright wp-image-55670\" src=\"https:\/\/www.sailcom.ch\/wp-content\/uploads\/2023\/09\/shared_qr_code.jpeg\" alt=\"\" width=\"360\" height=\"392\" srcset=\"https:\/\/www.sailcom.ch\/wp-content\/uploads\/2023\/09\/shared_qr_code.jpeg 742w, https:\/\/www.sailcom.ch\/wp-content\/uploads\/2023\/09\/shared_qr_code-275x300.jpeg 275w, https:\/\/www.sailcom.ch\/wp-content\/uploads\/2023\/09\/shared_qr_code-600x653.jpeg 600w\" sizes=\"(max-width: 360px) 100vw, 360px\" \/>Der variable Tiefgang mit dem Hubkiel erm\u00f6glicht es, die vielen Badestellen am S\u00fcdufer des Sees problemlos anzusteuern.<br \/>\nDort kann man vor Anker einige sch\u00f6ne Stunden verleben, bevor es in die immer nahen und gut ausgestatteten H\u00e4fen am Neuenburgersee weitergeht.<\/span><\/p>\n<p>Bei der Entwicklung dieser Yacht wurde besonderen Wert auf <strong>Sicherheit und einfache Handhabung<\/strong> gelegt.<br \/>\nEin intuitiv angeordnetes Cockpit und eine ger\u00e4umige hochwertige Kabine sorgen f\u00fcr Komfort auch auf l\u00e4ngeren Segelt\u00f6rns.<\/p>\n<p>Die Rani ist mit einem 3 kW starken Pod-Elektromotor ausgestattet.<br \/>\nDas bedeutet f\u00fcr Dich einfachstes Handling des Motors, eine auf jeden Fall ausreichende Reichweite und im Fall der F\u00e4lle gen\u00fcgend Schub um auch bei Wind sicher man\u00f6vrieren zu k\u00f6nnen.<\/p>\n<p>Bitte wende Dich an das Bootsteam direkt (unter Kontakte) um einen Einweisungstermin zu vereinbaren, falls kein passender Termin ausgeschrieben ist.<\/p>\n<p><span id=\"mp_spacer1\" class=\"mp_spacer\">Obwohl viel Platz zur Verf\u00fcgung steht, ist die STORM 22 f\u00fcr <strong>maximal 5 Personen<\/strong> zugelassen &#8211; Bitte beachte das bei Deiner T\u00f6rnplanung!<\/span><\/p>\n<p><strong>Liegeplatz:<\/strong> Neuch\u00e2tel, Nid-du-Cr\u00f4, Ponton 5\/Steg 5, Platz. 558<\/p>\n<p><a href=\"\/wp-content\/uploads\/2023\/07\/Rani_Manual_DE_Ver_20230616_ube.pdf\" target=\"_blank\" rel=\"noopener\">Handbuch Rani Deutsch<\/a><\/p>\n<p><a href=\"\/wp-content\/uploads\/2023\/07\/Rani_Manual_FR_DEEPL_Ver_20230616_ube.pdf\" target=\"_blank\" rel=\"noopener\">Manuel Rani Fran\u00e7ais<\/a><\/p>\n<p><strong>Mitsegeln auf der Rani:<\/p>\n<p>Verbinde Dich mit der <a href=\"https:\/\/chat.whatsapp.com\/BlEK5T98UWK3QRYqlLJOnB\" target=\"_blank\" rel=\"noopener\">SailCommunity auf Whatsapp<\/a> um Crewmitglieder f\u00fcr Deinen T\u00f6rn oder eine Mitsegelgelegenheit zu finden:<\/p>\n<p><img decoding=\"async\" class=\"wp-image-59790 size-medium aligncenter\" style=\"padding-top: 25px;\" src=\"https:\/\/www.sailcom.ch\/wp-content\/uploads\/2026\/01\/20251203_QR-Code_Whatsapp_SailCommunity_640x795-242x300.png\" alt=\"\" width=\"242\" height=\"300\" \/><\/p>","protected":false},"excerpt":{"rendered":"<p>Die STORM 22 &#8220;Rani&#8221; bietet viel Komfort, Spass beim Segeln und ist perfekt geeignet, den Neuenburgersee auch \u00fcber mehrere Tage zu erkunden. Der variable Tiefgang mit dem Hubkiel erm\u00f6glicht es, die vielen Badestellen am S\u00fcdufer des Sees problemlos anzusteuern. Dort kann man vor Anker einige sch\u00f6ne Stunden verleben, bevor es in die immer nahen und [&hellip;]<\/p>\n","protected":false},"author":5,"featured_media":8997,"template":"","meta":{"_acf_changed":false,"publish_to_discourse":"","publish_post_category":"","wpdc_auto_publish_overridden":"","wpdc_topic_tags":"","wpdc_pin_topic":"","wpdc_pin_until":"","discourse_post_id":"","discourse_permalink":"","wpdc_publishing_response":"","wpdc_publishing_error":""},"product_brand":[],"product_cat":[123],"product_tag":[],"sailcom-capability":[],"sailcom-location":[344],"sailcom-event-type":[],"sailcom-boat-type":[366],"class_list":{"0":"post-8996","1":"product","2":"type-product","3":"status-publish","4":"has-post-thumbnail","6":"product_cat-day-easy","7":"sailcom-location-neuenburgersee","8":"sailcom-boat-type-day-easy","10":"first","11":"instock","12":"taxable","13":"shipping-taxable","14":"product-type-redq_rental"},"acf":[],"_links":{"self":[{"href":"https:\/\/www.sailcom.ch\/de\/wp-json\/wp\/v2\/product\/8996","targetHints":{"allow":["GET"]}}],"collection":[{"href":"https:\/\/www.sailcom.ch\/de\/wp-json\/wp\/v2\/product"}],"about":[{"href":"https:\/\/www.sailcom.ch\/de\/wp-json\/wp\/v2\/types\/product"}],"author":[{"embeddable":true,"href":"https:\/\/www.sailcom.ch\/de\/wp-json\/wp\/v2\/users\/5"}],"wp:featuredmedia":[{"embeddable":true,"href":"https:\/\/www.sailcom.ch\/de\/wp-json\/wp\/v2\/media\/8997"}],"wp:attachment":[{"href":"https:\/\/www.sailcom.ch\/de\/wp-json\/wp\/v2\/media?parent=8996"}],"wp:term":[{"taxonomy":"product_brand","embeddable":true,"href":"https:\/\/www.sailcom.ch\/de\/wp-json\/wp\/v2\/product_brand?post=8996"},{"taxonomy":"product_cat","embeddable":true,"href":"https:\/\/www.sailcom.ch\/de\/wp-json\/wp\/v2\/product_cat?post=8996"},{"taxonomy":"product_tag","embeddable":true,"href":"https:\/\/www.sailcom.ch\/de\/wp-json\/wp\/v2\/product_tag?post=8996"},{"taxonomy":"sailcom-capability","embeddable":true,"href":"https:\/\/www.sailcom.ch\/de\/wp-json\/wp\/v2\/sailcom-capability?post=8996"},{"taxonomy":"sailcom-location","embeddable":true,"href":"https:\/\/www.sailcom.ch\/de\/wp-json\/wp\/v2\/sailcom-location?post=8996"},{"taxonomy":"sailcom-event-type","embeddable":true,"href":"https:\/\/www.sailcom.ch\/de\/wp-json\/wp\/v2\/sailcom-event-type?post=8996"},{"taxonomy":"sailcom-boat-type","embeddable":true,"href":"https:\/\/www.sailcom.ch\/de\/wp-json\/wp\/v2\/sailcom-boat-type?post=8996"}],"curies":[{"name":"wp","href":"https:\/\/api.w.org\/{rel}","templated":true}]}}