{"id":7576,"date":"2023-09-13T16:00:48","date_gmt":"2023-09-13T14:00:48","guid":{"rendered":"https:\/\/www.sailcom.ch\/?post_type=product&#038;p=7576"},"modified":"2026-05-12T22:34:06","modified_gmt":"2026-05-12T20:34:06","slug":"patgific-sunbeam-22-1-romanshorn-2","status":"publish","type":"product","link":"https:\/\/www.sailcom.ch\/de\/produkt\/patgific-sunbeam-22-1-romanshorn-2\/","title":{"rendered":"Sunbeam 22.1 (Patgific)"},"content":{"rendered":"<p>Die Sunbeam 22.1 ist ein modernes Kabinenboot f\u00fcr einfaches, sicheres und komfortables Segeln f\u00fcr Anf\u00e4nger, Familien und Geniesser.<\/p>\n<p>Sie zeichnet sich durch hohe Sicherheit und Stabilit\u00e4t aus bei gleichzeitig guten Segeleigenschaften.<\/p>\n<p>Man darf aber auch ansprechende Segeleigenschaften erwarten, immerhin war die Sunbeam 22.1 bis 2022 auch das Boot der \u00d6sterreichischen Segelbundesliga. Da ist Segelspass garantiert!<\/p>\n<p>Liegeplatz: Steg G, Platz 40<\/p>\n<p><a href=\"https:\/\/www.sailcom.ch\/wp-content\/uploads\/2026\/05\/20260506_Bootshandbuch_Sunbeam22.1_V-Romanshorn.pdf\" target=\"_blank\" rel=\"noopener\">Bootshandbuch Sunbeam 22.1<\/a><\/p>\n<p><a href=\"https:\/\/www.sailcom.ch\/wp-content\/uploads\/2026\/05\/20260506_Sunbeam-22.1-PATGIFIC-Sommer-Standortinformationen.pdf\" target=\"_blank\" rel=\"noopener\">Standortinfo SunBeam 22.1<\/a><\/p>\n<p><iframe title=\"Sunbeam 22 1 SailCom Romanshorn\" width=\"800\" height=\"450\" src=\"https:\/\/www.youtube.com\/embed\/4Ll_ImWGz5k?feature=oembed\" frameborder=\"0\" allow=\"accelerometer; autoplay; clipboard-write; encrypted-media; gyroscope; picture-in-picture; web-share\" referrerpolicy=\"strict-origin-when-cross-origin\" allowfullscreen><\/iframe><\/p>\n<p><strong>Mitsegeln und Community:<\/strong><\/p>\n<p>Verbinde Dich mit der <a href=\"https:\/\/chat.whatsapp.com\/BlEK5T98UWK3QRYqlLJOnB\" target=\"_blank\" rel=\"noopener\">SailCommunity auf Whatsapp<\/a> um Crewmitglieder f\u00fcr Deinen T\u00f6rn oder eine Mitsegelgelegenheit zu finden:<\/p>\n<p><img fetchpriority=\"high\" decoding=\"async\" class=\"wp-image-59790 size-medium aligncenter\" style=\"padding-top: 25px;\" src=\"https:\/\/www.sailcom.ch\/wp-content\/uploads\/2026\/01\/20251203_QR-Code_Whatsapp_SailCommunity_640x795-242x300.png\" alt=\"\" width=\"242\" height=\"300\" \/><\/p>","protected":false},"excerpt":{"rendered":"<p>Die Sunbeam 22.1 ist ein modernes Kabinenboot f\u00fcr einfaches, sicheres und komfortables Segeln f\u00fcr Anf\u00e4nger, Familien und Geniesser. Sie zeichnet sich durch hohe Sicherheit und Stabilit\u00e4t aus bei gleichzeitig guten Segeleigenschaften. Man darf aber auch ansprechende Segeleigenschaften erwarten, immerhin war die Sunbeam 22.1 bis 2022 auch das Boot der \u00d6sterreichischen Segelbundesliga. Da ist Segelspass garantiert! [&hellip;]<\/p>\n","protected":false},"author":5,"featured_media":7560,"template":"","meta":{"_acf_changed":false,"publish_to_discourse":"0","publish_post_category":"1","wpdc_auto_publish_overridden":"","wpdc_topic_tags":"","wpdc_pin_topic":"","wpdc_pin_until":"","discourse_post_id":"","discourse_permalink":"","wpdc_publishing_response":"","wpdc_publishing_error":""},"product_brand":[],"product_cat":[123],"product_tag":[],"sailcom-capability":[],"sailcom-location":[339],"sailcom-event-type":[],"sailcom-boat-type":[366],"class_list":{"0":"post-7576","1":"product","2":"type-product","3":"status-publish","4":"has-post-thumbnail","6":"product_cat-day-easy","7":"sailcom-location-bodensee","8":"sailcom-boat-type-day-easy","10":"first","11":"instock","12":"taxable","13":"shipping-taxable","14":"product-type-redq_rental"},"acf":[],"_links":{"self":[{"href":"https:\/\/www.sailcom.ch\/de\/wp-json\/wp\/v2\/product\/7576","targetHints":{"allow":["GET"]}}],"collection":[{"href":"https:\/\/www.sailcom.ch\/de\/wp-json\/wp\/v2\/product"}],"about":[{"href":"https:\/\/www.sailcom.ch\/de\/wp-json\/wp\/v2\/types\/product"}],"author":[{"embeddable":true,"href":"https:\/\/www.sailcom.ch\/de\/wp-json\/wp\/v2\/users\/5"}],"wp:featuredmedia":[{"embeddable":true,"href":"https:\/\/www.sailcom.ch\/de\/wp-json\/wp\/v2\/media\/7560"}],"wp:attachment":[{"href":"https:\/\/www.sailcom.ch\/de\/wp-json\/wp\/v2\/media?parent=7576"}],"wp:term":[{"taxonomy":"product_brand","embeddable":true,"href":"https:\/\/www.sailcom.ch\/de\/wp-json\/wp\/v2\/product_brand?post=7576"},{"taxonomy":"product_cat","embeddable":true,"href":"https:\/\/www.sailcom.ch\/de\/wp-json\/wp\/v2\/product_cat?post=7576"},{"taxonomy":"product_tag","embeddable":true,"href":"https:\/\/www.sailcom.ch\/de\/wp-json\/wp\/v2\/product_tag?post=7576"},{"taxonomy":"sailcom-capability","embeddable":true,"href":"https:\/\/www.sailcom.ch\/de\/wp-json\/wp\/v2\/sailcom-capability?post=7576"},{"taxonomy":"sailcom-location","embeddable":true,"href":"https:\/\/www.sailcom.ch\/de\/wp-json\/wp\/v2\/sailcom-location?post=7576"},{"taxonomy":"sailcom-event-type","embeddable":true,"href":"https:\/\/www.sailcom.ch\/de\/wp-json\/wp\/v2\/sailcom-event-type?post=7576"},{"taxonomy":"sailcom-boat-type","embeddable":true,"href":"https:\/\/www.sailcom.ch\/de\/wp-json\/wp\/v2\/sailcom-boat-type?post=7576"}],"curies":[{"name":"wp","href":"https:\/\/api.w.org\/{rel}","templated":true}]}}