{"id":62959,"date":"2026-05-03T18:58:52","date_gmt":"2026-05-03T16:58:52","guid":{"rendered":"https:\/\/www.sailcom.ch\/product\/product\/"},"modified":"2026-05-12T21:17:15","modified_gmt":"2026-05-12T19:17:15","slug":"event_62959","status":"publish","type":"product","link":"https:\/\/www.sailcom.ch\/de\/produkt\/event_62959\/","title":{"rendered":"Sailcom an der 3 ORE DI ASCONA"},"content":{"rendered":"","protected":false},"excerpt":{"rendered":"<p><strong>Die 3 Ore di Ascona ist DER Segelevent im Tessin und lockt j\u00e4hrlich dutzende Regatta, Plauschsegler und Sympathisanten mit bis zu 100 Booten zu einer dreist\u00fcndigen Plausch \u2013 Regatta an.<\/strong><\/p>\n<p>Wir als Sailcom werden mit zwei bis drei Booten vertreten sein und m\u00f6chten dich einladen im 2026 Teil dieser Community zu sein.<\/p>\n<p>Nebenbei hast Du, bei Bedarf, die M\u00f6glichkeit eine Einweisung f\u00fcr die beiden SailCom-Boote in Ronco zu bekommen.<\/p>\n<p>Dabei tauschen wir wichtige Informationen zum Heimathafen, die Hot Spots vom Lago Maggiore und weiteren lohnenden Ziele aus und lernen die Vorz\u00fcge und T\u00fccken vom See kennen.<\/p>\n<p>Am Samstag nehmen wir an der Regatta teil und geniessen das Segeln in dieser bunten Gruppe.<br \/>\nDabei steht das \u00abdabei sein\u00bb im Mittelpunkt.<\/p>\n<p>Am Abend steht gen\u00fcgend Zeit f\u00fcr ein St\u00fcck Dolce Vita unter Palmen zur Verf\u00fcgung.<\/p>\n<p><strong>Termin: Freitag. 05.06.2026 ab Mittag bis Sonntag 07.06.2026<\/strong><\/p>\n<p><strong>Provisorisches Programm:<\/strong><\/p>\n<p><strong>Freitag 05.06.2026<\/strong><\/p>\n<p>Zwischen 12 \u2013 12.30 Uhr Eintreffen der Teilnehmer in der Palm Beach Bar, dem Beizli im Hafen.<\/p>\n<p>Das Gep\u00e4ck wird in Fahrzeugen gelagert.<\/p>\n<p>Begr\u00fcssung und Vorstellen vom Nachmittagsgprogramm.<br \/>\nFreies Segeln in s\u00fcdlichem Ambiente.<br \/>\nNach dem Festmachen folgt dann die Creweinteilung f\u00fcr den n\u00e4chsten Segeltag und der Bezug der Kojen.<br \/>\nGemeinsames Apero und Abendessen in der Region.<\/p>\n<p>\u00dcbernachtung auf den Booten im Hafen Crodolo oder gem\u00e4ss eigener Organisation.<\/p>\n<p><strong>Samstag 06.06.2026<\/strong><\/p>\n<p>Ab 10 Uhr die Boote f\u00fcr die Regatta klar machen.<br \/>\nWir stechen zeitig in See, w\u00e4rmen uns f\u00fcr die Regatta auf und suchen eine geeigneten Startposition im Regattafeld.<br \/>\nMittagessen auf den Booten.<\/p>\n<p>Um 14 Uhr Massenstart, Ziel ist es in drei Stunden so viele Runden wie m\u00f6glich zu segeln.<\/p>\n<p>17 Uhr Regattaende. Wir kehren zum Hafen zur\u00fcck.<\/p>\n<p>Danach machen wir uns \u00abLandfein\u00bb.<\/p>\n<p>Fakultatives Abendessen und Party im Marina Edenroc mit den anderen Regattateilnehmern (Fr. 90.- inkl. Getr\u00e4nken sofern Pl\u00e4tze vorhanden) oder im Sailcomteam im Grotto Madonna della Fontana in Ascona.<\/p>\n<p>Gegen 18.30 Uhr \u00aboffizielles Programmende\u00bb und Verabschiedung der Heimreisenden.<\/p>\n<p><strong>Sonntag 07.06.2026<\/strong><\/p>\n<p>Freies Segeln und\/oder Einweisungen nach Absprache.<br \/>\nDie Boote stehen bis Sonntag Abend zur Verf\u00fcgung.<\/p>\n<p>Kosten f\u00fcr drei Tage Segeln: <strong>Nur CHF 90.00 pro Person<\/strong><\/p>\n<p>Versicherung ist Sache der Teilnehmer.<\/p>\n<p>Einweisungen nach Absprache m\u00f6glich ab Freitag 10h<\/p>\n<p>Wir vom Bootsteam freuen uns darauf, mit Dir zwei bis drei unvergessliche Tage auf dem wunderbaren Lago Maggiore zu verbringen.<\/p>\n<p>Hinweis: wir werden w\u00e4hrend des Events fotografieren. Die Bilder werden zum Teil von Sailcom f\u00fcr Marketingzwecke verwendet.<\/p>\n","protected":false},"author":2689,"featured_media":14124,"template":"","meta":{"_acf_changed":false,"publish_to_discourse":"0","publish_post_category":"1","wpdc_auto_publish_overridden":"","wpdc_topic_tags":"","wpdc_pin_topic":"","wpdc_pin_until":"","discourse_post_id":"","discourse_permalink":"","wpdc_publishing_response":"","wpdc_publishing_error":""},"product_brand":[],"product_cat":[15],"product_tag":[],"sailcom-capability":[],"sailcom-location":[343],"sailcom-event-type":[373,364,377],"sailcom-boat-type":[],"class_list":{"0":"post-62959","1":"product","2":"type-product","3":"status-publish","4":"has-post-thumbnail","6":"product_cat-uncategorised","7":"sailcom-location-lagomaggiore","8":"sailcom-event-type-einweisungen","9":"sailcom-event-type-sail-along","10":"sailcom-event-type-regatta-training","12":"first","13":"instock","14":"taxable","15":"shipping-taxable","16":"purchasable","17":"product-type-sc_event"},"acf":[],"_links":{"self":[{"href":"https:\/\/www.sailcom.ch\/de\/wp-json\/wp\/v2\/product\/62959","targetHints":{"allow":["GET"]}}],"collection":[{"href":"https:\/\/www.sailcom.ch\/de\/wp-json\/wp\/v2\/product"}],"about":[{"href":"https:\/\/www.sailcom.ch\/de\/wp-json\/wp\/v2\/types\/product"}],"author":[{"embeddable":true,"href":"https:\/\/www.sailcom.ch\/de\/wp-json\/wp\/v2\/users\/2689"}],"wp:featuredmedia":[{"embeddable":true,"href":"https:\/\/www.sailcom.ch\/de\/wp-json\/wp\/v2\/media\/14124"}],"wp:attachment":[{"href":"https:\/\/www.sailcom.ch\/de\/wp-json\/wp\/v2\/media?parent=62959"}],"wp:term":[{"taxonomy":"product_brand","embeddable":true,"href":"https:\/\/www.sailcom.ch\/de\/wp-json\/wp\/v2\/product_brand?post=62959"},{"taxonomy":"product_cat","embeddable":true,"href":"https:\/\/www.sailcom.ch\/de\/wp-json\/wp\/v2\/product_cat?post=62959"},{"taxonomy":"product_tag","embeddable":true,"href":"https:\/\/www.sailcom.ch\/de\/wp-json\/wp\/v2\/product_tag?post=62959"},{"taxonomy":"sailcom-capability","embeddable":true,"href":"https:\/\/www.sailcom.ch\/de\/wp-json\/wp\/v2\/sailcom-capability?post=62959"},{"taxonomy":"sailcom-location","embeddable":true,"href":"https:\/\/www.sailcom.ch\/de\/wp-json\/wp\/v2\/sailcom-location?post=62959"},{"taxonomy":"sailcom-event-type","embeddable":true,"href":"https:\/\/www.sailcom.ch\/de\/wp-json\/wp\/v2\/sailcom-event-type?post=62959"},{"taxonomy":"sailcom-boat-type","embeddable":true,"href":"https:\/\/www.sailcom.ch\/de\/wp-json\/wp\/v2\/sailcom-boat-type?post=62959"}],"curies":[{"name":"wp","href":"https:\/\/api.w.org\/{rel}","templated":true}]}}