{"id":62577,"date":"2026-04-23T22:18:07","date_gmt":"2026-04-23T20:18:07","guid":{"rendered":"https:\/\/www.sailcom.ch\/product\/product\/"},"modified":"2026-05-03T23:04:58","modified_gmt":"2026-05-03T21:04:58","slug":"event_62577","status":"publish","type":"product","link":"https:\/\/www.sailcom.ch\/de\/produkt\/event_62577\/","title":{"rendered":"GALATEA Einweisung Initiation"},"content":{"rendered":"","protected":false},"excerpt":{"rendered":"<p>Einweisung      GALATEA   (ca. 2 Stunden, je nach Anzahl Teilnehmer*innen )<\/p>\n<p>Du machst Bekanntschaft mit der Dufour 310 GALATEA und lernst dabei die Ausstattung und Fahreigenschaften des Bootes kennen, sowie die Besonderheiten beim Ablegen\/Anlegen in der Box (die Galatea hat 2 Steuerr\u00e4der und 2 Ruderbl\u00e4tter!). Nach dem Hafenman\u00f6ver gehts hinaus auf den See, wo wir die Segel setzen, reffen und bergen.<br \/>\nTreffpunkt: Hafen Ouchy, Mole Nord, Platz 8<br \/>\nBedingungen: F\u00fcr den Cruiser A ben\u00f6tigt man den A -Schein.<br \/>\nBesonderes: Die Einweisung ist in erster Linie f\u00fcr Anders Sj\u00f6rberg; er hat das Boot f\u00fcr das Weekend reserviert und wird gleich nach der Einweisung ablegen. Gerne sind jedoch zwei weitere Interessierte willkommen!<br \/>\nKosten: CHF  35.- (bei 2 Teilnehmenden)).  CHF  25.- (bei 3 Teilnehmenden)<br \/>\nBezahlung bar oder mit TWINT .<\/p>\n<p>Initiation \tGALATEA  (1.5 h \u2013 2.5 h, selon nombre des participants)<br \/>\nTu feras connaissance avec le Dufour 310 GALATEA et apprendras \u00e0 conna\u00eetre l&#039;\u00e9quipement et les caract\u00e9ristiques de navigation du bateau, ainsi que les particularit\u00e9s de l&#039;amarrage dans le box (le Galatea a deux gouvernails et deux safrans !). Apr\u00e8s les man\u0153uvres de port, nous sortirons sur le lac, o\u00f9 nous hisserons les voiles, prendrons des ris et affalons les voiles.<br \/>\nLieu de rendez-vous : Port d&#039;Ouchy, m\u00f4le nord, place 8<br \/>\nConditions : Pour le Cruiser A, il faut avoir le permis A.<br \/>\nRemarque: L&#039;Initiation est premi\u00e8rement pour Ander Sj\u00f6berg, qui a lou\u00e9 le bateau pour le week &#8211; end; il va prendre le large apr\u00e8s l&#039;initiation. Mais bien s\u00fbr des autres membres SC sont bienvenus!<br \/>\nLes co\u00fbts: CHF 35.- (2 participants).    CHF 25.-  (3 participants)<br \/>\nPayement possible par TWINT ou bar.<\/p>\n","protected":false},"author":2755,"featured_media":23729,"template":"","meta":{"_acf_changed":false,"publish_to_discourse":"","publish_post_category":"","wpdc_auto_publish_overridden":"","wpdc_topic_tags":"","wpdc_pin_topic":"","wpdc_pin_until":"","discourse_post_id":"","discourse_permalink":"","wpdc_publishing_response":"","wpdc_publishing_error":""},"product_brand":[],"product_cat":[15],"product_tag":[],"sailcom-capability":[],"sailcom-location":[340],"sailcom-event-type":[373],"sailcom-boat-type":[],"class_list":{"0":"post-62577","1":"product","2":"type-product","3":"status-publish","4":"has-post-thumbnail","6":"product_cat-uncategorised","7":"sailcom-location-genfersee","8":"sailcom-event-type-einweisungen","10":"first","11":"instock","12":"taxable","13":"shipping-taxable","14":"purchasable","15":"product-type-sc_event"},"acf":[],"_links":{"self":[{"href":"https:\/\/www.sailcom.ch\/de\/wp-json\/wp\/v2\/product\/62577","targetHints":{"allow":["GET"]}}],"collection":[{"href":"https:\/\/www.sailcom.ch\/de\/wp-json\/wp\/v2\/product"}],"about":[{"href":"https:\/\/www.sailcom.ch\/de\/wp-json\/wp\/v2\/types\/product"}],"author":[{"embeddable":true,"href":"https:\/\/www.sailcom.ch\/de\/wp-json\/wp\/v2\/users\/2755"}],"wp:featuredmedia":[{"embeddable":true,"href":"https:\/\/www.sailcom.ch\/de\/wp-json\/wp\/v2\/media\/23729"}],"wp:attachment":[{"href":"https:\/\/www.sailcom.ch\/de\/wp-json\/wp\/v2\/media?parent=62577"}],"wp:term":[{"taxonomy":"product_brand","embeddable":true,"href":"https:\/\/www.sailcom.ch\/de\/wp-json\/wp\/v2\/product_brand?post=62577"},{"taxonomy":"product_cat","embeddable":true,"href":"https:\/\/www.sailcom.ch\/de\/wp-json\/wp\/v2\/product_cat?post=62577"},{"taxonomy":"product_tag","embeddable":true,"href":"https:\/\/www.sailcom.ch\/de\/wp-json\/wp\/v2\/product_tag?post=62577"},{"taxonomy":"sailcom-capability","embeddable":true,"href":"https:\/\/www.sailcom.ch\/de\/wp-json\/wp\/v2\/sailcom-capability?post=62577"},{"taxonomy":"sailcom-location","embeddable":true,"href":"https:\/\/www.sailcom.ch\/de\/wp-json\/wp\/v2\/sailcom-location?post=62577"},{"taxonomy":"sailcom-event-type","embeddable":true,"href":"https:\/\/www.sailcom.ch\/de\/wp-json\/wp\/v2\/sailcom-event-type?post=62577"},{"taxonomy":"sailcom-boat-type","embeddable":true,"href":"https:\/\/www.sailcom.ch\/de\/wp-json\/wp\/v2\/sailcom-boat-type?post=62577"}],"curies":[{"name":"wp","href":"https:\/\/api.w.org\/{rel}","templated":true}]}}