{"id":61015,"date":"2026-03-11T23:40:03","date_gmt":"2026-03-11T22:40:03","guid":{"rendered":"https:\/\/www.sailcom.ch\/product\/product\/"},"modified":"2026-05-12T21:54:08","modified_gmt":"2026-05-12T19:54:08","slug":"event_61015","status":"publish","type":"product","link":"https:\/\/www.sailcom.ch\/de\/produkt\/event_61015\/","title":{"rendered":"Sail\u2019n Jazz \u2013 un week-end sur la Galatea"},"content":{"rendered":"","protected":false},"excerpt":{"rendered":"<p>Vom 4.7. ab 18.00 Uhr bis am 5.7. 18.00 Uhr, ev. bis 6.7.*<br \/>\nTreffpunkt: Um 18.00 Uhr beim Boot, Hafen Ouchy, Nordquai, Platz 8<\/p>\n<p>Wie bringe ich die beiden Leidenschaften Segeln und Musik unter einen Hut? Ganz einfach: Wir legen mit der Galatea am Samstagabend in Ouchy ab, segeln (oder motoren bei Flaute) nach Montreux, wo wir bis in die Nacht hinein die Ambiente und den Sound rund um das Jazzfestival geniessen. F\u00fcr die \u00dcbernachtung an Bord liegt unser Boot im sicheren Hafen von Clarens.<br \/>\nJe nach Wunsch der Crew setzen wir am Sonntag unter Segel (ev. Gennaker) unseren Minit\u00f6rn fort, sei es am Schloss Chillon vorbei nach Villeneuve und Le Bouveret oder direkt nach Westen in Richtung Evian &#8211; les \u2013 Bains oder \u2026.? Wer sich abk\u00fchlen will, nimmt nat\u00fcrlich ein erfrischendes Bad mitten auf dem L\u00e9man. Gegen Abend steuern wir den Hafen Ouchy an. Hier wird das Boot klar gemacht f\u00fcr den n\u00e4chsten Nutzer; also Tanks leeren, Frischwasser nachf\u00fcllen, aufr\u00e4umen, putzen.<br \/>\nEin Anlegetrunk beendet den Event.<\/p>\n<p>Mitnehmen:<br \/>\nDem Wetter angepasste Segelbekleidung, Fixleintuch, Schlafsack, Proviant f\u00fcr den Mittagslunch (Sonntg), Euros oder Card, ID f\u00fcr einen ev.Anleger in Evian\/FR<\/p>\n<p>Besonderes:<br \/>\n&#8211;\tDieser Event steht auch Leuten ohne Sailcom \u2013 Mitgliedschaft offen (Schnuppersegeln)<br \/>\n&#8211;\tF\u00fcr SC \u2013 Mitglieder gen\u00fcgt der D \u2013 Schein (Mitsegeln)<br \/>\n&#8211;\tF\u00fcr eine Einweisung braucht es den A \u2013 Schein*<br \/>\n&#8211;\tBei Dauerregen oder starken Gewittern findet der Event nicht statt (wird 2 Tage vorher bekanntgegeben)<\/p>\n<p>&#8211; Verl\u00e4ngerung des Events*: Es besteht die M\u00f6glichkeit, noch eine Nacht und einen ganzen Tag anzuh\u00e4ngen (falls du nicht am Sonntagabend nach Hause fahren musst\/willst), vorausgesetzt, dass zwei Teilnehmende mitmachen. Am Montag kann ich auf Wunsch auch eine Einweisung anbieten, mit Havenman\u00f6ver und allem drum und dran.<br \/>\nDie Zusatzkosten teilen wir uns dann am Montagabend um 18.00 Uhr.<\/p>\n<p>Kosten:<br \/>\nVon Samstag bis Sonntag \tbei 2 Teilnehmenden CHF 120.-<br \/>\n\t\t\t\t                bei 3 Teilnehmenden CHF   92.-<br \/>\nZusatzkosten Verl\u00e4ngerung\tdito, bar oder per TWINT<\/p>\n<p>Weitere Infos\/Details folgen nach der Anmeldung.<br \/>\nBei Fragen: Bitte Telefon an J\u00fcrgen K\u00f6hler, 079 643 26 11<\/p>\n<p>Sail\u2019n Jazz \u2013 un week-end sur la Galatea<br \/>\nDu 4 juillet \u00e0 18h au 5 juillet \u00e0 18h, et \u00e9ventuellement jusqu&#039;au 6 juillet*<br \/>\nRendez-vous : \u00e0 18.00 heures au port d&#039;Ouchy pr\u00e8s du bateau, quai nord, place 8.<\/p>\n<p>Comment allier mes deux passions, la voile et la musique ? C&#039;est tr\u00e8s simple : nous<br \/>\nlarguons les amarres \u00e0 bord du Galatea depuis Ouchy le samedi soir, puis nous naviguons \u00e0 la voile (ou au moteur en cas de faible vent) jusqu&#039;\u00e0 Montreux, o\u00f9 nous profiterons de l&#039;ambiance et des sons du Festival de Jazz jusqu&#039;\u00e0 tard dans la nuit. Pour la nuit \u00e0 bord, notre bateau sera amarr\u00e9 dans le port s\u00fbr de Clarens.<\/p>\n<p>Selon les envies de l&#039;\u00e9quipage, nous poursuivrons notre mini-croisi\u00e8re le dimanche \u00e0 la voile (\u00e9ventuellement avec le gennaker), soit en passant par le Ch\u00e2teau Chillon, vers Villeneuve et Le Bouveret, soit directement vers l&#039;ouest en direction d&#039;\u00c9vian-les-Bains, ou\u2026 ? Ceux qui souhaitent se rafra\u00eechir pourront bien prendre un bain au milieu du lac L\u00e9man. En fin de journ\u00e9e, nous retournerons au port d&#039;Ouchy. Le bateau sera alors pr\u00e9par\u00e9 pour le prochain utilisateur. Videz les r\u00e9servoirs, remplissez les r\u00e9servoirs d&#039;eau douce, rangez et nettoyez.<br \/>\nUn verre cl\u00f4turera l&#039;\u00e9v\u00e9nement.<\/p>\n<p>\u00c0 apporter :<br \/>\n\u00c9quipement de voile adapt\u00e9 aux conditions m\u00e9t\u00e9orologiques, un drap-housse, un sac de couchage, de quoi d\u00e9jeuner (dimanche), des euros ou une carte bancaire, et une cart d&#039;identit\u00e9 pour une \u00e9ventuelle place \u00e0 quai \u00e0 \u00c9vian, en France.<\/p>\n<p>Remarques importantes :<br \/>\n&#8211; Cet \u00e9v\u00e9nement est \u00e9galement ouvert aux personnes non membres de Sailcom .<br \/>\n&#8211; Pour les membres de Sailcom, un brevet D suffit<br \/>\n&#8211; Un brevet A est requis pour une initiations*<br \/>\n&#8211; L&#039;\u00e9v\u00e9nement n&#039;aura pas lieu en cas de pluie continue ou d&#039;orages violents (annonce<br \/>\n  faite 2 jours \u00e0 l&#039;avance).<\/p>\n<p>&#8211; Prolongation de l&#039;\u00e9v\u00e9nement* : Il est possible d&#039;ajouter une nuit et une journ\u00e9e compl\u00e8tes (si vous ne souhaitez pas rentrer dimanche soir), sous r\u00e9serve de la pr\u00e9sence de deux participants. Le lundi, je peux \u00e9galement offre une initiation sur demande, y compris les man\u0153uvres portuaires et autres.<\/p>\n<p>Nous partagerons les frais suppl\u00e9mentaires le lundi soir \u00e0 18h00.<br \/>\nTarifs :<br \/>\nDu samedi au dimanche : 120 CHF pour 2 participants<br \/>\n\t\t\t                       92 CHF pour 3 participants<br \/>\nDes frais suppl\u00e9mentaires sont les m\u00eames comme samedi \u2013 dimanches, bar ou par TWINT<\/p>\n<p>Des infos\/details suivent apr\u00e8s l\u2019inscription.<br \/>\nN&#039;hesite pas m&#039;appeller en cas des questions: 079 643 26 11<br \/>\nSalutations J\u00fcrgen BC Galatea<\/p>\n","protected":false},"author":2755,"featured_media":23729,"template":"","meta":{"_acf_changed":false,"publish_to_discourse":"","publish_post_category":"","wpdc_auto_publish_overridden":"","wpdc_topic_tags":"","wpdc_pin_topic":"","wpdc_pin_until":"","discourse_post_id":"","discourse_permalink":"","wpdc_publishing_response":"","wpdc_publishing_error":""},"product_brand":[],"product_cat":[15],"product_tag":[],"sailcom-capability":[],"sailcom-location":[340],"sailcom-event-type":[364],"sailcom-boat-type":[],"class_list":{"0":"post-61015","1":"product","2":"type-product","3":"status-publish","4":"has-post-thumbnail","6":"product_cat-uncategorised","7":"sailcom-location-genfersee","8":"sailcom-event-type-sail-along","10":"first","11":"instock","12":"taxable","13":"shipping-taxable","14":"purchasable","15":"product-type-sc_event"},"acf":[],"_links":{"self":[{"href":"https:\/\/www.sailcom.ch\/de\/wp-json\/wp\/v2\/product\/61015","targetHints":{"allow":["GET"]}}],"collection":[{"href":"https:\/\/www.sailcom.ch\/de\/wp-json\/wp\/v2\/product"}],"about":[{"href":"https:\/\/www.sailcom.ch\/de\/wp-json\/wp\/v2\/types\/product"}],"author":[{"embeddable":true,"href":"https:\/\/www.sailcom.ch\/de\/wp-json\/wp\/v2\/users\/2755"}],"wp:featuredmedia":[{"embeddable":true,"href":"https:\/\/www.sailcom.ch\/de\/wp-json\/wp\/v2\/media\/23729"}],"wp:attachment":[{"href":"https:\/\/www.sailcom.ch\/de\/wp-json\/wp\/v2\/media?parent=61015"}],"wp:term":[{"taxonomy":"product_brand","embeddable":true,"href":"https:\/\/www.sailcom.ch\/de\/wp-json\/wp\/v2\/product_brand?post=61015"},{"taxonomy":"product_cat","embeddable":true,"href":"https:\/\/www.sailcom.ch\/de\/wp-json\/wp\/v2\/product_cat?post=61015"},{"taxonomy":"product_tag","embeddable":true,"href":"https:\/\/www.sailcom.ch\/de\/wp-json\/wp\/v2\/product_tag?post=61015"},{"taxonomy":"sailcom-capability","embeddable":true,"href":"https:\/\/www.sailcom.ch\/de\/wp-json\/wp\/v2\/sailcom-capability?post=61015"},{"taxonomy":"sailcom-location","embeddable":true,"href":"https:\/\/www.sailcom.ch\/de\/wp-json\/wp\/v2\/sailcom-location?post=61015"},{"taxonomy":"sailcom-event-type","embeddable":true,"href":"https:\/\/www.sailcom.ch\/de\/wp-json\/wp\/v2\/sailcom-event-type?post=61015"},{"taxonomy":"sailcom-boat-type","embeddable":true,"href":"https:\/\/www.sailcom.ch\/de\/wp-json\/wp\/v2\/sailcom-boat-type?post=61015"}],"curies":[{"name":"wp","href":"https:\/\/api.w.org\/{rel}","templated":true}]}}