{"id":60968,"date":"2026-03-09T21:04:45","date_gmt":"2026-03-09T20:04:45","guid":{"rendered":"https:\/\/www.sailcom.ch\/product\/product\/"},"modified":"2026-03-09T21:04:45","modified_gmt":"2026-03-09T20:04:45","slug":"event_60968","status":"publish","type":"product","link":"https:\/\/www.sailcom.ch\/de\/produkt\/event_60968\/","title":{"rendered":"Auswintern der Galatea Pr\u00e9paration du Galatea pour la saison 2026"},"content":{"rendered":"","protected":false},"excerpt":{"rendered":"<p>Arbeiten:<br \/>\nRumpf reinigen und Wasserlinie mit Tape abdecken, Antifouling auftragen, Boot wird von der Werft zu Wasser gelassen (ev. assistieren), Sprayhood montieren, Boot in den Hafen Ouchy \u00fcberf\u00fchren, Frischwassertank sp\u00fclen und f\u00fcllen, ev. noch Gross und Fock anschlagen, Leinen klarieren (je nach verbleibender Zeit.<br \/>\nWann:\tDonnerstag, 19.M\u00e4rz 2026 von 11.00 Uhr bis 17.00 Uhr<br \/>\n\t\t Inkl. Mittagspause.<br \/>\nOrt:\t\tHafen Vidy, beim Boot\/Trailerparkplatz<br \/>\nMitnehmen:  \tArbeitskleidung, Handschuhe, ev. Zwischenverpflegung (f\u00fcrs<br \/>\n\t                Mittagessen gehen wir ins Restaurant Tha\u00ef au Lac nebenan).<\/p>\n<p>Bitte nimm vor oder nach der Anmeldung Kontakt mit mir auf, damit wir die Details besprechen k\u00f6nnen \u2013 merci!  079 643 26 11<\/p>\n<p>Ein Riesen Dankesch\u00f6n im Voraus f\u00fcr deine  Mithilfe!<br \/>\nJ\u00fcrgen mit Team Galatea<\/p>\n<p>T\u00e2ches :<br \/>\nNettoyage de la coque et application d&#039;un ruban adh\u00e9sif sur la ligne de flottaison, application d&#039;antifouling, mise \u00e0 l&#039;eau du bateau par le chantier naval (une assistance pourrait \u00eatre n\u00e9cessaire), installation du sprayhood, d\u00e9placement du bateau jusqu&#039;au port d&#039;Ouchy, rincer le r\u00e9ervoir de l\u2019eau fraiche\/remplir et, \u00e9ventuellement, monter la grand-voile et le voc (selon le temps disponible).<\/p>\n<p>Date : \tJeudi 19 mars 2026, de 11h00 \u00e0 17h00<br \/>\n\tPause d\u00e9jeuner incluse.<br \/>\nLieu : Port de Vidy, pr\u00e8s du parking bateaux\/remorques.<\/p>\n<p>\u00c0 apporter : \tV\u00eatements de travail, gants et \u00e9ventuellement un snack\/\u00e0 boire (pour<br \/>\n\t      \tmanger \u00e0 midi, nous irons au restaurant Tha\u00ef au Lac, juste \u00e0 c\u00f4t\u00e9).<\/p>\n<p>Merci de me contacter avant ou apr\u00e8s votre inscription afin que nous puissions discuter des d\u00e9tails. 079 643 26 11<\/p>\n<p>Un grand merci d&#039;avance pour ton aide !<br \/>\nJ\u00fcrgen et Team Galatea<\/p>\n","protected":false},"author":2755,"featured_media":23729,"template":"","meta":{"_acf_changed":false,"publish_to_discourse":"","publish_post_category":"","wpdc_auto_publish_overridden":"","wpdc_topic_tags":"","wpdc_pin_topic":"","wpdc_pin_until":"","discourse_post_id":"","discourse_permalink":"","wpdc_publishing_response":"","wpdc_publishing_error":""},"product_brand":[],"product_cat":[15],"product_tag":[],"sailcom-capability":[],"sailcom-location":[340],"sailcom-event-type":[380],"sailcom-boat-type":[],"class_list":{"0":"post-60968","1":"product","2":"type-product","3":"status-publish","4":"has-post-thumbnail","6":"product_cat-uncategorised","7":"sailcom-location-genfersee","8":"sailcom-event-type-maintenance","10":"first","11":"instock","12":"taxable","13":"shipping-taxable","14":"product-type-sc_event"},"acf":[],"_links":{"self":[{"href":"https:\/\/www.sailcom.ch\/de\/wp-json\/wp\/v2\/product\/60968","targetHints":{"allow":["GET"]}}],"collection":[{"href":"https:\/\/www.sailcom.ch\/de\/wp-json\/wp\/v2\/product"}],"about":[{"href":"https:\/\/www.sailcom.ch\/de\/wp-json\/wp\/v2\/types\/product"}],"author":[{"embeddable":true,"href":"https:\/\/www.sailcom.ch\/de\/wp-json\/wp\/v2\/users\/2755"}],"wp:featuredmedia":[{"embeddable":true,"href":"https:\/\/www.sailcom.ch\/de\/wp-json\/wp\/v2\/media\/23729"}],"wp:attachment":[{"href":"https:\/\/www.sailcom.ch\/de\/wp-json\/wp\/v2\/media?parent=60968"}],"wp:term":[{"taxonomy":"product_brand","embeddable":true,"href":"https:\/\/www.sailcom.ch\/de\/wp-json\/wp\/v2\/product_brand?post=60968"},{"taxonomy":"product_cat","embeddable":true,"href":"https:\/\/www.sailcom.ch\/de\/wp-json\/wp\/v2\/product_cat?post=60968"},{"taxonomy":"product_tag","embeddable":true,"href":"https:\/\/www.sailcom.ch\/de\/wp-json\/wp\/v2\/product_tag?post=60968"},{"taxonomy":"sailcom-capability","embeddable":true,"href":"https:\/\/www.sailcom.ch\/de\/wp-json\/wp\/v2\/sailcom-capability?post=60968"},{"taxonomy":"sailcom-location","embeddable":true,"href":"https:\/\/www.sailcom.ch\/de\/wp-json\/wp\/v2\/sailcom-location?post=60968"},{"taxonomy":"sailcom-event-type","embeddable":true,"href":"https:\/\/www.sailcom.ch\/de\/wp-json\/wp\/v2\/sailcom-event-type?post=60968"},{"taxonomy":"sailcom-boat-type","embeddable":true,"href":"https:\/\/www.sailcom.ch\/de\/wp-json\/wp\/v2\/sailcom-boat-type?post=60968"}],"curies":[{"name":"wp","href":"https:\/\/api.w.org\/{rel}","templated":true}]}}