{"id":59922,"date":"2026-01-26T17:24:20","date_gmt":"2026-01-26T16:24:20","guid":{"rendered":"https:\/\/www.sailcom.ch\/product\/product\/"},"modified":"2026-02-02T22:13:16","modified_gmt":"2026-02-02T21:13:16","slug":"event_59922","status":"publish","type":"product","link":"https:\/\/www.sailcom.ch\/de\/produkt\/event_59922\/","title":{"rendered":"1000 Seemeilen-T\u00f6rn f\u00fcr den Hochseeschein"},"content":{"rendered":"","protected":false},"excerpt":{"rendered":"<p>3-Wochen Ausbildungsprogramm f\u00fcr den Hochseeschein. Nach diesen 3 Wochen hast du deine 1000 Seemeilen und die 18 Tage auf See in der Tasche.<\/p>\n<p>Voraussetzung: bestandene Theoriepr\u00fcfung Hochseeschein<\/p>\n<p>1. Woche: Schwerpunkt Man\u00f6vertraining, Korfu, Ionisches Meer<br \/>\n2. &#8211; 3. Woche: Schwerpunkt Strecke Segeln, ab Korfu um den Peloponnes in die \u00c4g\u00e4is und wieder zur\u00fcck nach Korfu<\/p>\n<p>1000nm + Man\u00f6vertraining<br \/>\nSegeln auf allen Kursen, Segeltrimm, Reffen\/Ausreffen, Ankerman\u00f6ver, Ankern mit Landleine, \u201cR\u00f6misch-katholisches\u201d-Anlegeman\u00f6ver, Anlegen am Steg mit Muringleinen, Man-\u00fcber-Bord-Man\u00f6ver, mehrere Nachtfahrten, Passagenplanung, Navigation mit elektronischen Hilfsmitteln, Analoge Navigation mit dem Handpeilkompass, ev. Segeln unter Gennaker<\/p>\n<p>Nach diesem T\u00f6rn hast du alle praktischen Anforderungen f\u00fcr den Hochseeschein erf\u00fcllt.<\/p>\n<p>Jacht: Bavaria 46<\/p>\n<p>Ausbildner: Andy Stifter und Christoph Naef + Co-Skipper<\/p>\n<p>Crew-Gr\u00f6sse: 4-5 Teilnehmende = intensives Lernerlebnis<\/p>\n<p>Kosten f\u00fcr SAILCOM-Mitglieder f\u00fcr 3 Wochen:<br \/>\n&#8211; Koje in Doppelkabine: 3250 Fr. (statt 3650 Fr.)<br \/>\n&#8211; Einzelkabine: 5050 Fr. (statt 5450 Fr.)<\/p>\n<p>im Preis enthalten sind:<br \/>\n\u00dcbernachtungen auf der gebuchten Jacht vom 11. April &#8211; 2. Mai<br \/>\nintensives Segelerlebnis und Ausbildung in kleiner Crew<br \/>\nBest\u00e4tigung der Seemeilen f\u00fcr den CH-Hochseeschein (oder f\u00fcr andere Segelscheine)<br \/>\n2x Bettw\u00e4sche inkl. Badetuch<br \/>\n2x Reinigung des Schiffes<\/p>\n<p>nicht enthalten sind:<br \/>\nBordkasse (Essen und Trinken an Bord, Hafengeb\u00fchren, Diesel)<br \/>\nReisekosten nach und von Korfu<br \/>\npers\u00f6nliche Ausgaben an Land, ausw\u00e4rts essen an Land<\/p>\n<p>Bei Fragen wende dich an Andy unter: admin@hochamwind.ch<\/p>\n<p>Nach Anmeldung werde ich mit dir Kontakt aufnehmen. Anschliessend Bezahlung des T\u00f6rns per Bank\u00fcberweisung bis sp\u00e4testens 30 Tage nach der Anmeldung.<\/p>\n","protected":false},"author":3545,"featured_media":46054,"template":"","meta":{"_acf_changed":false,"publish_to_discourse":"","publish_post_category":"","wpdc_auto_publish_overridden":"","wpdc_topic_tags":"","wpdc_pin_topic":"","wpdc_pin_until":"","discourse_post_id":"","discourse_permalink":"","wpdc_publishing_response":"","wpdc_publishing_error":""},"product_brand":[],"product_cat":[15],"product_tag":[],"sailcom-capability":[],"sailcom-location":[532],"sailcom-event-type":[374],"sailcom-boat-type":[],"class_list":{"0":"post-59922","1":"product","2":"type-product","3":"status-publish","4":"has-post-thumbnail","6":"product_cat-uncategorised","7":"sailcom-location-sailcom-offshore","8":"sailcom-event-type-skippertraining","10":"first","11":"instock","12":"taxable","13":"shipping-taxable","14":"product-type-sc_event"},"acf":[],"_links":{"self":[{"href":"https:\/\/www.sailcom.ch\/de\/wp-json\/wp\/v2\/product\/59922","targetHints":{"allow":["GET"]}}],"collection":[{"href":"https:\/\/www.sailcom.ch\/de\/wp-json\/wp\/v2\/product"}],"about":[{"href":"https:\/\/www.sailcom.ch\/de\/wp-json\/wp\/v2\/types\/product"}],"author":[{"embeddable":true,"href":"https:\/\/www.sailcom.ch\/de\/wp-json\/wp\/v2\/users\/3545"}],"wp:featuredmedia":[{"embeddable":true,"href":"https:\/\/www.sailcom.ch\/de\/wp-json\/wp\/v2\/media\/46054"}],"wp:attachment":[{"href":"https:\/\/www.sailcom.ch\/de\/wp-json\/wp\/v2\/media?parent=59922"}],"wp:term":[{"taxonomy":"product_brand","embeddable":true,"href":"https:\/\/www.sailcom.ch\/de\/wp-json\/wp\/v2\/product_brand?post=59922"},{"taxonomy":"product_cat","embeddable":true,"href":"https:\/\/www.sailcom.ch\/de\/wp-json\/wp\/v2\/product_cat?post=59922"},{"taxonomy":"product_tag","embeddable":true,"href":"https:\/\/www.sailcom.ch\/de\/wp-json\/wp\/v2\/product_tag?post=59922"},{"taxonomy":"sailcom-capability","embeddable":true,"href":"https:\/\/www.sailcom.ch\/de\/wp-json\/wp\/v2\/sailcom-capability?post=59922"},{"taxonomy":"sailcom-location","embeddable":true,"href":"https:\/\/www.sailcom.ch\/de\/wp-json\/wp\/v2\/sailcom-location?post=59922"},{"taxonomy":"sailcom-event-type","embeddable":true,"href":"https:\/\/www.sailcom.ch\/de\/wp-json\/wp\/v2\/sailcom-event-type?post=59922"},{"taxonomy":"sailcom-boat-type","embeddable":true,"href":"https:\/\/www.sailcom.ch\/de\/wp-json\/wp\/v2\/sailcom-boat-type?post=59922"}],"curies":[{"name":"wp","href":"https:\/\/api.w.org\/{rel}","templated":true}]}}