{"id":59921,"date":"2026-01-26T16:50:14","date_gmt":"2026-01-26T15:50:14","guid":{"rendered":"https:\/\/www.sailcom.ch\/product\/product\/"},"modified":"2026-02-25T12:57:20","modified_gmt":"2026-02-25T11:57:20","slug":"event_59921","status":"publish","type":"product","link":"https:\/\/www.sailcom.ch\/de\/produkt\/event_59921\/","title":{"rendered":"Katamaran Ausbildungst\u00f6rn, Korfu"},"content":{"rendered":"","protected":false},"excerpt":{"rendered":"<p>Programm<br \/>\n04. April: individuelle Anreise nach Gouvia\/ Korfu, Ankunft auf dem Schiff um 17.00 Uhr<br \/>\n05. \u2013 10. April: Sechs intensive Segel- und Ausbildungstage<br \/>\n11. April: individuelle Abreise ab Gouvia\/ Korfu<\/p>\n<p>250 \u2013 300nm + Man\u00f6vertraining<br \/>\nSegeln auf allen Kursen, Segeltrimm, Reffen\/Ausreffen, Ankerman\u00f6ver, Ankern mit Landleine, \u201cR\u00f6misch-katholisches\u201d-Anlegeman\u00f6ver, Anlegen am Steg mit Muringleinen, Man-\u00fcber-Bord-Man\u00f6ver, Nachtfahrt, Passagenplanung, Navigation mit elektronischen Hilfsmitteln, Analoge Navigation mit dem Handpeilkompass<\/p>\n<p>Du wirst mit einem reichen Erfahrungsschatz und neuen Kompetenzen nach Hause zur\u00fcckkehren.<\/p>\n<p>Jacht: Katamaran Lagoon 46 Fly<br \/>\nEinen Tag kannst du w\u00e4hrend dieser Woche auf einem Mono schnupper-segeln (Bavaria 51). <\/p>\n<p>Ausbildner: Daniel Sonderegger, Hochseeschein, hochamwind Katamaran-Ausbildner <\/p>\n<p>Crew-Gr\u00f6sse: 5 Teilnehmende = intensives Lernerlebnis<\/p>\n<p>Kosten f\u00fcr SAILCOM-Mitglieder<br \/>\nKoje in grosser Doppelkabine: 1290 Fr. (statt 1490 Fr)<br \/>\ngrosse Einzelkabine mit eigenem WC und Dusche: 1890 Fr. (statt 2090 Fr.)<\/p>\n<p>im Preis enthalten sind:<br \/>\n7 \u00dcbernachtungen auf der gebuchten Jacht<br \/>\nintensives Segelerlebnis und Ausbildung in kleiner Crew<br \/>\nBest\u00e4tigung der Seemeilen f\u00fcr den CH-Hochseeschein (oder f\u00fcr andere Segelscheine)<br \/>\nBettw\u00e4sche inkl. Badetuch<br \/>\nEndreinigung<\/p>\n<p>nicht enthalten sind:<br \/>\nBordkasse (Essen und Trinken an Bord, Hafengeb\u00fchren, Diesel)<br \/>\nReisekosten nach und von Korfu<br \/>\npers\u00f6nliche Ausgaben an Land, ausw\u00e4rts essen an Land<\/p>\n<p>Bei Fragen wende dich an: admin@hochamwind.ch<\/p>\n<p>Nach Anmeldung kl\u00e4ren wir, in welcher Kabine du schlafen willst. Anschliessend Bezahlung des T\u00f6rns per Bank\u00fcberweisung bis sp\u00e4testens 30 Tage nach der Anmeldung.<\/p>\n","protected":false},"author":3545,"featured_media":46054,"template":"","meta":{"_acf_changed":false,"publish_to_discourse":"","publish_post_category":"","wpdc_auto_publish_overridden":"","wpdc_topic_tags":"","wpdc_pin_topic":"","wpdc_pin_until":"","discourse_post_id":"","discourse_permalink":"","wpdc_publishing_response":"","wpdc_publishing_error":""},"product_brand":[],"product_cat":[15],"product_tag":[],"sailcom-capability":[],"sailcom-location":[532],"sailcom-event-type":[374],"sailcom-boat-type":[],"class_list":{"0":"post-59921","1":"product","2":"type-product","3":"status-publish","4":"has-post-thumbnail","6":"product_cat-uncategorised","7":"sailcom-location-sailcom-offshore","8":"sailcom-event-type-skippertraining","10":"first","11":"instock","12":"taxable","13":"shipping-taxable","14":"product-type-sc_event"},"acf":[],"_links":{"self":[{"href":"https:\/\/www.sailcom.ch\/de\/wp-json\/wp\/v2\/product\/59921","targetHints":{"allow":["GET"]}}],"collection":[{"href":"https:\/\/www.sailcom.ch\/de\/wp-json\/wp\/v2\/product"}],"about":[{"href":"https:\/\/www.sailcom.ch\/de\/wp-json\/wp\/v2\/types\/product"}],"author":[{"embeddable":true,"href":"https:\/\/www.sailcom.ch\/de\/wp-json\/wp\/v2\/users\/3545"}],"wp:featuredmedia":[{"embeddable":true,"href":"https:\/\/www.sailcom.ch\/de\/wp-json\/wp\/v2\/media\/46054"}],"wp:attachment":[{"href":"https:\/\/www.sailcom.ch\/de\/wp-json\/wp\/v2\/media?parent=59921"}],"wp:term":[{"taxonomy":"product_brand","embeddable":true,"href":"https:\/\/www.sailcom.ch\/de\/wp-json\/wp\/v2\/product_brand?post=59921"},{"taxonomy":"product_cat","embeddable":true,"href":"https:\/\/www.sailcom.ch\/de\/wp-json\/wp\/v2\/product_cat?post=59921"},{"taxonomy":"product_tag","embeddable":true,"href":"https:\/\/www.sailcom.ch\/de\/wp-json\/wp\/v2\/product_tag?post=59921"},{"taxonomy":"sailcom-capability","embeddable":true,"href":"https:\/\/www.sailcom.ch\/de\/wp-json\/wp\/v2\/sailcom-capability?post=59921"},{"taxonomy":"sailcom-location","embeddable":true,"href":"https:\/\/www.sailcom.ch\/de\/wp-json\/wp\/v2\/sailcom-location?post=59921"},{"taxonomy":"sailcom-event-type","embeddable":true,"href":"https:\/\/www.sailcom.ch\/de\/wp-json\/wp\/v2\/sailcom-event-type?post=59921"},{"taxonomy":"sailcom-boat-type","embeddable":true,"href":"https:\/\/www.sailcom.ch\/de\/wp-json\/wp\/v2\/sailcom-boat-type?post=59921"}],"curies":[{"name":"wp","href":"https:\/\/api.w.org\/{rel}","templated":true}]}}