{"id":59862,"date":"2026-01-18T18:37:34","date_gmt":"2026-01-18T17:37:34","guid":{"rendered":"https:\/\/www.sailcom.ch\/product\/product\/"},"modified":"2026-02-13T12:14:56","modified_gmt":"2026-02-13T11:14:56","slug":"event_59862","status":"publish","type":"product","link":"https:\/\/www.sailcom.ch\/de\/produkt\/event_59862\/","title":{"rendered":"Mithilfe beim Einwassern der Jojo (J70) im Hafen Wollishofen, Z\u00fcrich"},"content":{"rendered":"","protected":false},"excerpt":{"rendered":"<p>Wir suchen 1-2 motivierte Helfer-\/innen (Sailcom-Mitglieder) f\u00fcr die Mithilfe beim Einwassern der Jojo im Hafen Wollishofen. F\u00fcr Snacks ist gesorgt :-). <\/p>\n<p>Treffpunkt: Hafen Wollishofen, Z\u00fcrich, beim Parkplatz. Zeit: 09:00 Uhr. Adresse: Forellenweg 9, 8038 Z\u00fcrich<\/p>\n<p>Benefits:<br \/>\n&#8211; Du eignest dir wertvolle Kenntnisse an wie man ein Boot einwassert, aufriggt etc.<br \/>\n&#8211; Die Arbeitsstunden k\u00f6nnen dem B-Status angerechnet werden. <\/p>\n<p>Dauer: 09 Uhr bis sp\u00e4testens 17 Uhr. Es w\u00e4re gut, wenn du mind. 1 halben Tag Zeit h\u00e4ttest.<\/p>\n<p>Mitbringen: Wetterfeste und robuste Kleidung, zus\u00e4tzliche Verpflegung, Getr\u00e4nke. <\/p>\n<p>Bei Fragen, wende Dich an: Carlos Mora (Bootschef), cmora@gmx.ch, 079 266 53 39<\/p>\n","protected":false},"author":1974,"featured_media":1534,"template":"","meta":{"_acf_changed":false,"publish_to_discourse":"","publish_post_category":"","wpdc_auto_publish_overridden":"","wpdc_topic_tags":"","wpdc_pin_topic":"","wpdc_pin_until":"","discourse_post_id":"","discourse_permalink":"","wpdc_publishing_response":"","wpdc_publishing_error":""},"product_brand":[],"product_cat":[15],"product_tag":[],"sailcom-capability":[],"sailcom-location":[348],"sailcom-event-type":[380],"sailcom-boat-type":[],"class_list":{"0":"post-59862","1":"product","2":"type-product","3":"status-publish","4":"has-post-thumbnail","6":"product_cat-uncategorised","7":"sailcom-location-zurichsee","8":"sailcom-event-type-maintenance","10":"first","11":"outofstock","12":"taxable","13":"shipping-taxable","14":"product-type-sc_event"},"acf":[],"_links":{"self":[{"href":"https:\/\/www.sailcom.ch\/de\/wp-json\/wp\/v2\/product\/59862","targetHints":{"allow":["GET"]}}],"collection":[{"href":"https:\/\/www.sailcom.ch\/de\/wp-json\/wp\/v2\/product"}],"about":[{"href":"https:\/\/www.sailcom.ch\/de\/wp-json\/wp\/v2\/types\/product"}],"author":[{"embeddable":true,"href":"https:\/\/www.sailcom.ch\/de\/wp-json\/wp\/v2\/users\/1974"}],"wp:featuredmedia":[{"embeddable":true,"href":"https:\/\/www.sailcom.ch\/de\/wp-json\/wp\/v2\/media\/1534"}],"wp:attachment":[{"href":"https:\/\/www.sailcom.ch\/de\/wp-json\/wp\/v2\/media?parent=59862"}],"wp:term":[{"taxonomy":"product_brand","embeddable":true,"href":"https:\/\/www.sailcom.ch\/de\/wp-json\/wp\/v2\/product_brand?post=59862"},{"taxonomy":"product_cat","embeddable":true,"href":"https:\/\/www.sailcom.ch\/de\/wp-json\/wp\/v2\/product_cat?post=59862"},{"taxonomy":"product_tag","embeddable":true,"href":"https:\/\/www.sailcom.ch\/de\/wp-json\/wp\/v2\/product_tag?post=59862"},{"taxonomy":"sailcom-capability","embeddable":true,"href":"https:\/\/www.sailcom.ch\/de\/wp-json\/wp\/v2\/sailcom-capability?post=59862"},{"taxonomy":"sailcom-location","embeddable":true,"href":"https:\/\/www.sailcom.ch\/de\/wp-json\/wp\/v2\/sailcom-location?post=59862"},{"taxonomy":"sailcom-event-type","embeddable":true,"href":"https:\/\/www.sailcom.ch\/de\/wp-json\/wp\/v2\/sailcom-event-type?post=59862"},{"taxonomy":"sailcom-boat-type","embeddable":true,"href":"https:\/\/www.sailcom.ch\/de\/wp-json\/wp\/v2\/sailcom-boat-type?post=59862"}],"curies":[{"name":"wp","href":"https:\/\/api.w.org\/{rel}","templated":true}]}}