{"id":55192,"date":"2025-10-23T12:03:47","date_gmt":"2025-10-23T10:03:47","guid":{"rendered":"https:\/\/www.sailcom.ch\/product\/produkt\/"},"modified":"2026-03-07T03:40:04","modified_gmt":"2026-03-07T02:40:04","slug":"event_55192","status":"publish","type":"product","link":"https:\/\/www.sailcom.ch\/de\/produkt\/event_55192\/","title":{"rendered":"Meilent\u00f6rn Schottland: Gezeiten Segeln durch die inneren und \u00e4usseren Hebriden."},"content":{"rendered":"","protected":false},"excerpt":{"rendered":"<p>Die zerkl\u00fcftete K\u00fcste in Schottlands Westen mit ihren vielen tiefen Fjorden und unz\u00e4hligen sch\u00f6nen Ankerbuchten ist f\u00fcr alle naturbegeisterten Seglerinnen und Segler ein Paradies und Traumrevier.<br \/>\nAuf dem Foto links oben siehst du unsere bereits gecharterte Yacht, die Elan Impression 434 &quot;Cloud 9&quot;, unter Segeln in diesem wunderbaren Revier.<\/p>\n<p>Infos zur Yacht: https:\/\/www.cloudninecharters.co.uk\/<\/p>\n<p>Wir starten den T\u00f6rn in der gut erreichbaren Hafenstadt Oban, wo wir auch nach zwei erlebnisreichen Wochen wieder an Land zur\u00fcckkehren werden.<br \/>\nDer hier publizierte, g\u00fcnstige T\u00f6rnpreis gilt exklusiv f\u00fcr SailCom-Mitglieder und umfasst eine Koje in der Doppelkabine in Belegung mit einer anderen Person gleichen Geschlechts.<br \/>\nWenn du eine ganze Kabine f\u00fcr dich allein oder f\u00fcr dich und deine Begleitung m\u00f6chtest, reserviere einfach zwei Pl\u00e4tze.<br \/>\nDieser Meilent\u00f6rn in Schottland ist genau richtig f\u00fcr dich, wenn du gezielt Seemeilen sammeln und dabei das Gezeitensegeln von Grund auf verstehen willst. Wir segeln in einem der spannendsten Tidenreviere Europas und trainieren t\u00e4glich den Umgang mit Str\u00f6mung, Tidenhub und Wetterwechseln. Schottland bietet dir enge Sunde, weite Lochs und offene See. Genau dort lernst du effektiv, wie du ein Schiff sicher auch durch Gezeitengew\u00e4sser f\u00fchrst.<\/p>\n<p>Warum ein Meilent\u00f6rn in Schottland?<br \/>\nIn vielen Revieren Europas spielen Gezeiten kaum eine Rolle. In Schottland bestimmen sie deinen gesamten T\u00f6rn. Der Tidenhub erreicht je nach Gebiet zwei bis vier Meter. In Engstellen entstehen Str\u00f6mungen von zwei bis vier Knoten. Du planst deine Abfahrt nach Stromatlas und Tidentabelle. Du berechnest Kurs \u00fcber Grund und Versatz. Du erlebst unmittelbar, was Gezeitensegeln in der Praxis bedeutet.<br \/>\nDieser Meilent\u00f6rn verbindet Ausbildung und echte Seemannschaft.<br \/>\nAm Ende des T\u00f6rns resultieren neben vielen wertvollen Seemeilen f\u00fcr den Hochseeausweis auch wirklich wertvolle Skills in Seemannschaft und Schifffs\u00fchrung f\u00fcr Dich!<br \/>\nAuf diesem T\u00f6rn \u00fcbernimmst du als Tagesskipper:in aktiv Verantwortung und planst Teilstrecken, f\u00fchrst Wachg\u00e4nge, triffst Entscheidungen.<br \/>\nDas immer unter dem wachsamen Auge von Dan, der als Skipper dieses Revier seit Jahren wie seine Westentasche kennt und der Dir jederzeit wertsch\u00e4tzend als Coach zur Verf\u00fcgung steht und als Skipper an Bord die Verantworung tr\u00e4gt.<br \/>\nSo festigst Du t\u00e4glich die Routine auf einem Gezeitent\u00f6rn in spannenden Gew\u00e4ssern:<br \/>\n\u2022 Tidenplanung mit Reeds oder vergleichbaren Revierf\u00fchrern\u2022 Arbeiten mit Tidenkalender und Stromatlas\u2022 Berechnung von Stromdreieck und Kurs \u00fcber Grund\u2022 Timing von Engstellen und Sunden\u2022 Ansteuerung von H\u00e4fen mit Tidenfenster\u2022 Ankern unter Einfluss von Gezeiten\u2022 Wetteranalyse im Nordatlantik<\/p>\n<p>Revier Schottland. Anspruchsvoll, wundersch\u00f6n und faszinierend.<br \/>\nDie Westk\u00fcste Schottlands gilt als eines der sch\u00f6nsten Segelreviere Europas.<br \/>\nZerkl\u00fcftete K\u00fcsten, gr\u00fcne H\u00fcgel, einsame Ankerbuchten. Gleichzeitig fordern dich Untiefen, Tidenstr\u00f6me und wechselhafte Tiefdrucklagen.<br \/>\nTypische Elemente eines Meilent\u00f6rns in Schottland:<br \/>\n\u2022 Lange Schl\u00e4ge zwischen Inseln und Festland\u2022 Passagen durch tidegepr\u00e4gte Sunde\u2022 Nachtfahrten zur Meilensammlung\u2022 Hafenman\u00f6ver bei Seitenstrom\u2022 Ankern mit ausreichend Kette bei Tidenhub<br \/>\nEin Segelt\u00f6rn in Schottland bedeutet aber auch:<\/p>\n<p>\u2022 Gem\u00fctliche Pubs mit typisch Schottischer Pubk\u00fcche.\u2022 Whiskeydestilleries auf unserem Weg, die besucht werden wollen.\u00a0\u2022 Einsame Natur, wundersch\u00f6ne Ankerpl\u00e4tze.\u2022 Die Faszination des Nordens mit seiner Tierwelt.\u2022 Gem\u00fctliches Bordleben.<br \/>\nF\u00fcr wen eignet sich dieser Meilent\u00f6rn?<br \/>\n\u2022 Segler:innen\u00a0 mit guter Binnen- oder K\u00fcstenerfahrung\u2022 Hochseeschein-Anw\u00e4rter:innen und Absolventen.\u2022 RYA Day Skipper mit Ambition auf Yachtmaster.\u2022 Crewmitglieder, die das (Gezeiten-) Segeln systematisch lernen wollen und die tolle Natur von Schottland erleben m\u00f6chten.<\/p>\n<p>Infos zum Schottland-T\u00f6rn<br \/>\nDie Anreise nach Oban ist problemlos z.B. mit Easyjet nach Glasgow und dann mit dem Zug nach Oban m\u00f6glich und wird individuell organisiert, kann aber mit der Crew abgestimmt werden.<br \/>\nDan steht Dir jederzeit gern auch vor dem t\u00f6rn mit Tipps z.B. zur Anreise zur Verf\u00fcgung.<br \/>\nWir ersegeln auf diesem T\u00f6rn viele wertvolle Gezeitenmeilen, die sowohl f\u00fcr den Schweizer Hochseeschein wie auch f\u00fcr den englischen Yachtmaster anrechenbar sind.<br \/>\nSkipper Dan Sennhauser ist SailCom-Mitglied, ein ausgewiesener Revierkenner und j\u00e4hrlich in diesem eindrucksvollen Segelgebiet unterwegs.<br \/>\nDu findest einige seiner T\u00f6rnberichte der letzten Jahre hier: https:\/\/www.sailteam.ch\/toernbericht<br \/>\nAls RYA Yachtmaster und CH-Hochseescheininstruktor (auch als Tutor f\u00fcr den auf SailCom.ch angebotenen Hochseeschein-Kurs t\u00e4tig) bietet er interessierten SailCom-Mitgliedern die M\u00f6glichkeit, neben Seemeilen auch von viel Erfahrung zu profitieren.<br \/>\nEr geht auf dem T\u00f6rn gern auf Fragen ein und bezieht alle Mitsegelnden entsprechend der Vorgaben der Hochseescheinverordnung aktiv in die Schiffsf\u00fchrung ein.<\/p>\n<p>Auf Anfrage und bei Verf\u00fcgbarkeit sind auch Teilstrecken und einw\u00f6chige Routen m\u00f6glich, bitte melde Dich dazu aber vorg\u00e4ngig bei Dan per Mail unter dan@sailteam.ch\u00a0<\/p>\n","protected":false},"author":3544,"featured_media":55437,"template":"","meta":{"_acf_changed":false,"publish_to_discourse":"","publish_post_category":"","wpdc_auto_publish_overridden":"","wpdc_topic_tags":"","wpdc_pin_topic":"","wpdc_pin_until":"","discourse_post_id":"","discourse_permalink":"","wpdc_publishing_response":"","wpdc_publishing_error":""},"product_brand":[],"product_cat":[15],"product_tag":[],"sailcom-capability":[],"sailcom-location":[532],"sailcom-event-type":[364,374],"sailcom-boat-type":[],"class_list":{"0":"post-55192","1":"product","2":"type-product","3":"status-publish","4":"has-post-thumbnail","6":"product_cat-uncategorised","7":"sailcom-location-sailcom-offshore","8":"sailcom-event-type-sail-along","9":"sailcom-event-type-skippertraining","11":"first","12":"outofstock","13":"taxable","14":"shipping-taxable","15":"purchasable","16":"product-type-sc_event"},"acf":[],"_links":{"self":[{"href":"https:\/\/www.sailcom.ch\/de\/wp-json\/wp\/v2\/product\/55192","targetHints":{"allow":["GET"]}}],"collection":[{"href":"https:\/\/www.sailcom.ch\/de\/wp-json\/wp\/v2\/product"}],"about":[{"href":"https:\/\/www.sailcom.ch\/de\/wp-json\/wp\/v2\/types\/product"}],"author":[{"embeddable":true,"href":"https:\/\/www.sailcom.ch\/de\/wp-json\/wp\/v2\/users\/3544"}],"wp:featuredmedia":[{"embeddable":true,"href":"https:\/\/www.sailcom.ch\/de\/wp-json\/wp\/v2\/media\/55437"}],"wp:attachment":[{"href":"https:\/\/www.sailcom.ch\/de\/wp-json\/wp\/v2\/media?parent=55192"}],"wp:term":[{"taxonomy":"product_brand","embeddable":true,"href":"https:\/\/www.sailcom.ch\/de\/wp-json\/wp\/v2\/product_brand?post=55192"},{"taxonomy":"product_cat","embeddable":true,"href":"https:\/\/www.sailcom.ch\/de\/wp-json\/wp\/v2\/product_cat?post=55192"},{"taxonomy":"product_tag","embeddable":true,"href":"https:\/\/www.sailcom.ch\/de\/wp-json\/wp\/v2\/product_tag?post=55192"},{"taxonomy":"sailcom-capability","embeddable":true,"href":"https:\/\/www.sailcom.ch\/de\/wp-json\/wp\/v2\/sailcom-capability?post=55192"},{"taxonomy":"sailcom-location","embeddable":true,"href":"https:\/\/www.sailcom.ch\/de\/wp-json\/wp\/v2\/sailcom-location?post=55192"},{"taxonomy":"sailcom-event-type","embeddable":true,"href":"https:\/\/www.sailcom.ch\/de\/wp-json\/wp\/v2\/sailcom-event-type?post=55192"},{"taxonomy":"sailcom-boat-type","embeddable":true,"href":"https:\/\/www.sailcom.ch\/de\/wp-json\/wp\/v2\/sailcom-boat-type?post=55192"}],"curies":[{"name":"wp","href":"https:\/\/api.w.org\/{rel}","templated":true}]}}