{"id":52326,"date":"2025-08-03T17:35:36","date_gmt":"2025-08-03T15:35:36","guid":{"rendered":"https:\/\/www.sailcom.ch\/product\/product\/"},"modified":"2025-08-29T18:35:32","modified_gmt":"2025-08-29T16:35:32","slug":"event_52326","status":"publish","type":"product","link":"https:\/\/www.sailcom.ch\/de\/produkt\/event_52326\/","title":{"rendered":"Schiffstaufe Viko s30 in Neuenburg \/ Bapt\u00eame du Viko s30 \u00e0 Neuch\u00e2tel"},"content":{"rendered":"","protected":false},"excerpt":{"rendered":"<p>Ab 10.00 Uhr sind die Boote des Neuenburgersees im Hafen Jeunes-Rives und jeder kann auf eine kleine Rundfahrt auf einem dieser Schiffe mitkommen.<\/p>\n<p>Um 11.30 Uhr findet die offizielle Schiffstaufe statt, mit anschliessendem Umtrunk und Snacks.<\/p>\n<p>Am Nachmittag sind die Bootsteams der verschiedenen Schiffe wieder zu Verf\u00fcgung f\u00fcr eine kleine Ausfahrt.<\/p>\n<p>Je nach Lust und Laune der Bootsteams und der Anzahl der der G\u00e4ste k\u00f6nnen am Nachmittag mehrere oder l\u00e4ngere Ausfahrten gemacht werden.<\/p>\n<p>F\u00fcr die Anreise, Bitte das Handbuch der Viko konsultieren.<\/p>\n<p>D\u00e8s 10.00 heures, les bateaux du Lac de Neuch\u00e2tel seront au port des Jeunes-Rives et tous peuvent faire un petit tour sur un des bateaux.<\/p>\n<p>A 11.30 heures, nous proc\u00e9deront au bapt\u00eame officiel, suivi d&#039;un ap\u00e9ro et d&#039;une petite agape.<\/p>\n<p>L&#039;apr\u00e8s-midi, les \u00e9quipes seront \u00e0 nouveau pr\u00eats pour vous amener sur le lac. Suivant l&#039;humeur des \u00e9quipes et du nombre d&#039;int\u00e9ress\u00e9s, les sorties seront plus nombreuses ou peuvent \u00eatre prolong\u00e9es.<\/p>\n<p>Pour venir au port, veuillez consulter le manuel du Viko.<\/p>\n","protected":false},"author":1840,"featured_media":49098,"template":"","meta":{"_acf_changed":false,"publish_to_discourse":"","publish_post_category":"","wpdc_auto_publish_overridden":"","wpdc_topic_tags":"","wpdc_pin_topic":"","wpdc_pin_until":"","discourse_post_id":"","discourse_permalink":"","wpdc_publishing_response":"","wpdc_publishing_error":""},"product_brand":[],"product_cat":[15],"product_tag":[],"sailcom-capability":[],"sailcom-location":[344],"sailcom-event-type":[371],"sailcom-boat-type":[],"class_list":{"0":"post-52326","1":"product","2":"type-product","3":"status-publish","4":"has-post-thumbnail","6":"product_cat-uncategorised","7":"sailcom-location-neuenburgersee","8":"sailcom-event-type-events-an-land","10":"first","11":"instock","12":"taxable","13":"shipping-taxable","14":"product-type-sc_event"},"acf":[],"_links":{"self":[{"href":"https:\/\/www.sailcom.ch\/de\/wp-json\/wp\/v2\/product\/52326","targetHints":{"allow":["GET"]}}],"collection":[{"href":"https:\/\/www.sailcom.ch\/de\/wp-json\/wp\/v2\/product"}],"about":[{"href":"https:\/\/www.sailcom.ch\/de\/wp-json\/wp\/v2\/types\/product"}],"author":[{"embeddable":true,"href":"https:\/\/www.sailcom.ch\/de\/wp-json\/wp\/v2\/users\/1840"}],"wp:featuredmedia":[{"embeddable":true,"href":"https:\/\/www.sailcom.ch\/de\/wp-json\/wp\/v2\/media\/49098"}],"wp:attachment":[{"href":"https:\/\/www.sailcom.ch\/de\/wp-json\/wp\/v2\/media?parent=52326"}],"wp:term":[{"taxonomy":"product_brand","embeddable":true,"href":"https:\/\/www.sailcom.ch\/de\/wp-json\/wp\/v2\/product_brand?post=52326"},{"taxonomy":"product_cat","embeddable":true,"href":"https:\/\/www.sailcom.ch\/de\/wp-json\/wp\/v2\/product_cat?post=52326"},{"taxonomy":"product_tag","embeddable":true,"href":"https:\/\/www.sailcom.ch\/de\/wp-json\/wp\/v2\/product_tag?post=52326"},{"taxonomy":"sailcom-capability","embeddable":true,"href":"https:\/\/www.sailcom.ch\/de\/wp-json\/wp\/v2\/sailcom-capability?post=52326"},{"taxonomy":"sailcom-location","embeddable":true,"href":"https:\/\/www.sailcom.ch\/de\/wp-json\/wp\/v2\/sailcom-location?post=52326"},{"taxonomy":"sailcom-event-type","embeddable":true,"href":"https:\/\/www.sailcom.ch\/de\/wp-json\/wp\/v2\/sailcom-event-type?post=52326"},{"taxonomy":"sailcom-boat-type","embeddable":true,"href":"https:\/\/www.sailcom.ch\/de\/wp-json\/wp\/v2\/sailcom-boat-type?post=52326"}],"curies":[{"name":"wp","href":"https:\/\/api.w.org\/{rel}","templated":true}]}}