{"id":49552,"date":"2025-05-26T13:24:31","date_gmt":"2025-05-26T11:24:31","guid":{"rendered":"https:\/\/www.sailcom.ch\/product\/product\/"},"modified":"2025-05-28T14:38:53","modified_gmt":"2025-05-28T12:38:53","slug":"event_49552","status":"publish","type":"product","link":"https:\/\/www.sailcom.ch\/de\/produkt\/event_49552\/","title":{"rendered":"Start ins fr\u00fche Wochenende mit Man\u00f6vern und gem\u00fctlichem Beisammensein"},"content":{"rendered":"","protected":false},"excerpt":{"rendered":"<p>Start ins fr\u00fche Wochenende mit Man\u00f6vern und gem\u00fctlichem Beisammensein<\/p>\n<p>Gerade rechtzeitig f\u00fcr Auffahrt gibt es eine Gelegenheit, das gem\u00fctlichste Boot in Z\u00fcrich kennenzulernen. Je nach Wetter, Lust und Laune<br \/>\n&#8211; Ein paar Hafenman\u00f6ver (auch in verschiedenen H\u00e4fen)<br \/>\n&#8211; Einweisung in das Boot<br \/>\n&#8211; Gem\u00fctliches Segeln<\/p>\n<p>Snacks bringe ich mit, falls wir wollen k\u00f6nnen wir auch noch im M\u00f6nchhof oder in der Roten Fabrik einen Zwischenstop machen.<\/p>\n<p>Event findet bei mindestens zwei Anmeldungen bei jedem Wetter statt.<\/p>\n","protected":false},"author":3408,"featured_media":1515,"template":"","meta":{"_acf_changed":false,"publish_to_discourse":"","publish_post_category":"","wpdc_auto_publish_overridden":"","wpdc_topic_tags":"","wpdc_pin_topic":"","wpdc_pin_until":"","discourse_post_id":"","discourse_permalink":"","wpdc_publishing_response":"","wpdc_publishing_error":""},"product_brand":[],"product_cat":[15],"product_tag":[],"sailcom-capability":[],"sailcom-location":[348],"sailcom-event-type":[373,375,364],"sailcom-boat-type":[],"class_list":{"0":"post-49552","1":"product","2":"type-product","3":"status-publish","4":"has-post-thumbnail","6":"product_cat-uncategorised","7":"sailcom-location-zurichsee","8":"sailcom-event-type-einweisungen","9":"sailcom-event-type-hafen","10":"sailcom-event-type-sail-along","12":"first","13":"instock","14":"taxable","15":"shipping-taxable","16":"product-type-sc_event"},"acf":[],"_links":{"self":[{"href":"https:\/\/www.sailcom.ch\/de\/wp-json\/wp\/v2\/product\/49552","targetHints":{"allow":["GET"]}}],"collection":[{"href":"https:\/\/www.sailcom.ch\/de\/wp-json\/wp\/v2\/product"}],"about":[{"href":"https:\/\/www.sailcom.ch\/de\/wp-json\/wp\/v2\/types\/product"}],"author":[{"embeddable":true,"href":"https:\/\/www.sailcom.ch\/de\/wp-json\/wp\/v2\/users\/3408"}],"wp:featuredmedia":[{"embeddable":true,"href":"https:\/\/www.sailcom.ch\/de\/wp-json\/wp\/v2\/media\/1515"}],"wp:attachment":[{"href":"https:\/\/www.sailcom.ch\/de\/wp-json\/wp\/v2\/media?parent=49552"}],"wp:term":[{"taxonomy":"product_brand","embeddable":true,"href":"https:\/\/www.sailcom.ch\/de\/wp-json\/wp\/v2\/product_brand?post=49552"},{"taxonomy":"product_cat","embeddable":true,"href":"https:\/\/www.sailcom.ch\/de\/wp-json\/wp\/v2\/product_cat?post=49552"},{"taxonomy":"product_tag","embeddable":true,"href":"https:\/\/www.sailcom.ch\/de\/wp-json\/wp\/v2\/product_tag?post=49552"},{"taxonomy":"sailcom-capability","embeddable":true,"href":"https:\/\/www.sailcom.ch\/de\/wp-json\/wp\/v2\/sailcom-capability?post=49552"},{"taxonomy":"sailcom-location","embeddable":true,"href":"https:\/\/www.sailcom.ch\/de\/wp-json\/wp\/v2\/sailcom-location?post=49552"},{"taxonomy":"sailcom-event-type","embeddable":true,"href":"https:\/\/www.sailcom.ch\/de\/wp-json\/wp\/v2\/sailcom-event-type?post=49552"},{"taxonomy":"sailcom-boat-type","embeddable":true,"href":"https:\/\/www.sailcom.ch\/de\/wp-json\/wp\/v2\/sailcom-boat-type?post=49552"}],"curies":[{"name":"wp","href":"https:\/\/api.w.org\/{rel}","templated":true}]}}