{"id":47397,"date":"2025-04-06T15:35:58","date_gmt":"2025-04-06T13:35:58","guid":{"rendered":"https:\/\/www.sailcom.ch\/product\/product\/"},"modified":"2025-04-24T10:08:52","modified_gmt":"2025-04-24T08:08:52","slug":"event_47397","status":"publish","type":"product","link":"https:\/\/www.sailcom.ch\/de\/produkt\/event_47397\/","title":{"rendered":"Einweisung und Segeln der neuen Sunbeam 22.1 in Thalwil mit Niclas"},"content":{"rendered":"","protected":false},"excerpt":{"rendered":"<p>Die Gelegenheit, eine moderne Sunbeam 22.1 am attraktiven Standort Thalwil kennenzulernen. Ich werde euch mit dem Schiff vertraut machen (Sicherheit, Ausstattung, Bordtechnik), das sichere und stressfreie ablegen und anlegen \u00fcben. Und anschliessend geht es hinaus zum Segeln.<\/p>\n<p>Wer: Sailcom-Mitglieder die das neue Boot und Standort kennenlernen m\u00f6chte und den man\u00f6vern \u00fcben m\u00f6chte. Eine Einweisung ist nicht mehr erfordelich um das Boot zu nutzen, wir empfelen aber f\u00fcr leute die das Boot oder Standort nicht gut kennt. Wir bieten auch Regelnm\u00e4ssig Plausch-Segeln am Abend an. <\/p>\n<p>Kosten: Richtet sich je nach Anzahl Teilnehmer*innen (25-35CHF\/Person)<\/p>\n<p>Wann\/Treffpunkt: Hafensteg Thalwil \u2013 Hafen Farbsteig (direkt beim Schiff, Platz 131)<\/p>\n<p>Was erwartet dich?<br \/>\n\u2022\tKennenlernen von das Sunbeam 22.1 Aurora<br \/>\n\u2022\tEinweisung zum Standort Thalwil und der Hafen<br \/>\n\u2022\t\u00dcbung vom Hafenman\u00f6ver etc.<\/p>\n<p>Wichtig:<br \/>\n\u2022\tBitte saubere (rutschfeste) Schuhe mitbringen<br \/>\n\u2022\tZahlung vor Ort in bar oder per Twint<br \/>\n\u2022\tBei Absage bitte mindestens 48 Stunden vorher per WhatsApp Bescheid geben. Kurzfristige Absagen oder Nichterscheinen werden vollst\u00e4ndig verrechnet.<br \/>\n\u2022\tDie Einweisung findet nur bei 2 oder mehr Teilnehmern statt.<\/p>\n","protected":false},"author":1396,"featured_media":27969,"template":"","meta":{"_acf_changed":false,"publish_to_discourse":"","publish_post_category":"","wpdc_auto_publish_overridden":"","wpdc_topic_tags":"","wpdc_pin_topic":"","wpdc_pin_until":"","discourse_post_id":"","discourse_permalink":"","wpdc_publishing_response":"","wpdc_publishing_error":""},"product_brand":[],"product_cat":[15],"product_tag":[],"sailcom-capability":[],"sailcom-location":[348],"sailcom-event-type":[373],"sailcom-boat-type":[],"class_list":{"0":"post-47397","1":"product","2":"type-product","3":"status-publish","4":"has-post-thumbnail","6":"product_cat-uncategorised","7":"sailcom-location-zurichsee","8":"sailcom-event-type-einweisungen","10":"first","11":"outofstock","12":"taxable","13":"shipping-taxable","14":"product-type-sc_event"},"acf":[],"_links":{"self":[{"href":"https:\/\/www.sailcom.ch\/de\/wp-json\/wp\/v2\/product\/47397","targetHints":{"allow":["GET"]}}],"collection":[{"href":"https:\/\/www.sailcom.ch\/de\/wp-json\/wp\/v2\/product"}],"about":[{"href":"https:\/\/www.sailcom.ch\/de\/wp-json\/wp\/v2\/types\/product"}],"author":[{"embeddable":true,"href":"https:\/\/www.sailcom.ch\/de\/wp-json\/wp\/v2\/users\/1396"}],"wp:featuredmedia":[{"embeddable":true,"href":"https:\/\/www.sailcom.ch\/de\/wp-json\/wp\/v2\/media\/27969"}],"wp:attachment":[{"href":"https:\/\/www.sailcom.ch\/de\/wp-json\/wp\/v2\/media?parent=47397"}],"wp:term":[{"taxonomy":"product_brand","embeddable":true,"href":"https:\/\/www.sailcom.ch\/de\/wp-json\/wp\/v2\/product_brand?post=47397"},{"taxonomy":"product_cat","embeddable":true,"href":"https:\/\/www.sailcom.ch\/de\/wp-json\/wp\/v2\/product_cat?post=47397"},{"taxonomy":"product_tag","embeddable":true,"href":"https:\/\/www.sailcom.ch\/de\/wp-json\/wp\/v2\/product_tag?post=47397"},{"taxonomy":"sailcom-capability","embeddable":true,"href":"https:\/\/www.sailcom.ch\/de\/wp-json\/wp\/v2\/sailcom-capability?post=47397"},{"taxonomy":"sailcom-location","embeddable":true,"href":"https:\/\/www.sailcom.ch\/de\/wp-json\/wp\/v2\/sailcom-location?post=47397"},{"taxonomy":"sailcom-event-type","embeddable":true,"href":"https:\/\/www.sailcom.ch\/de\/wp-json\/wp\/v2\/sailcom-event-type?post=47397"},{"taxonomy":"sailcom-boat-type","embeddable":true,"href":"https:\/\/www.sailcom.ch\/de\/wp-json\/wp\/v2\/sailcom-boat-type?post=47397"}],"curies":[{"name":"wp","href":"https:\/\/api.w.org\/{rel}","templated":true}]}}