{"id":47148,"date":"2025-03-30T17:54:53","date_gmt":"2025-03-30T15:54:53","guid":{"rendered":"https:\/\/www.sailcom.ch\/product\/product\/"},"modified":"2025-04-24T06:30:55","modified_gmt":"2025-04-24T04:30:55","slug":"event_47148","status":"publish","type":"product","link":"https:\/\/www.sailcom.ch\/de\/produkt\/event_47148\/","title":{"rendered":"Sundowner auf der First 27 SE (Romanshorn)"},"content":{"rendered":"","protected":false},"excerpt":{"rendered":"<p>Mit dem Sundowner erlebst du das perfekte Feierabendsegeln. Du segelst mit einer Gruppe von Gleichgesinnten direkt in den Sonnenuntergang. Das gemeinsame Segelerlebnis steht im Vordergrund. Auch wenn die Sonne mal nicht scheint, sind gem\u00fctliche Stunden auf dem See angesagt.<br \/>\nEs stehen f\u00fcnf Pl\u00e4tze auf der sportlich-sicheren First 27 SE zur Verf\u00fcgung, begleitet von einem erfahrenen Skipper.<br \/>\nTreffpunkt direkt auf dem Schiff, Gemeindehafen, Platz G14<\/p>\n","protected":false},"author":2804,"featured_media":1530,"template":"","meta":{"_acf_changed":false,"publish_to_discourse":"","publish_post_category":"","wpdc_auto_publish_overridden":"","wpdc_topic_tags":"","wpdc_pin_topic":"","wpdc_pin_until":"","discourse_post_id":"","discourse_permalink":"","wpdc_publishing_response":"","wpdc_publishing_error":""},"product_brand":[],"product_cat":[15],"product_tag":[],"sailcom-capability":[],"sailcom-location":[339],"sailcom-event-type":[531,364,374],"sailcom-boat-type":[],"class_list":{"0":"post-47148","1":"product","2":"type-product","3":"status-publish","4":"has-post-thumbnail","6":"product_cat-uncategorised","7":"sailcom-location-bodensee","8":"sailcom-event-type-kurse-bootsteams","9":"sailcom-event-type-sail-along","10":"sailcom-event-type-skippertraining","12":"first","13":"instock","14":"taxable","15":"shipping-taxable","16":"product-type-sc_event"},"acf":[],"_links":{"self":[{"href":"https:\/\/www.sailcom.ch\/de\/wp-json\/wp\/v2\/product\/47148","targetHints":{"allow":["GET"]}}],"collection":[{"href":"https:\/\/www.sailcom.ch\/de\/wp-json\/wp\/v2\/product"}],"about":[{"href":"https:\/\/www.sailcom.ch\/de\/wp-json\/wp\/v2\/types\/product"}],"author":[{"embeddable":true,"href":"https:\/\/www.sailcom.ch\/de\/wp-json\/wp\/v2\/users\/2804"}],"wp:featuredmedia":[{"embeddable":true,"href":"https:\/\/www.sailcom.ch\/de\/wp-json\/wp\/v2\/media\/1530"}],"wp:attachment":[{"href":"https:\/\/www.sailcom.ch\/de\/wp-json\/wp\/v2\/media?parent=47148"}],"wp:term":[{"taxonomy":"product_brand","embeddable":true,"href":"https:\/\/www.sailcom.ch\/de\/wp-json\/wp\/v2\/product_brand?post=47148"},{"taxonomy":"product_cat","embeddable":true,"href":"https:\/\/www.sailcom.ch\/de\/wp-json\/wp\/v2\/product_cat?post=47148"},{"taxonomy":"product_tag","embeddable":true,"href":"https:\/\/www.sailcom.ch\/de\/wp-json\/wp\/v2\/product_tag?post=47148"},{"taxonomy":"sailcom-capability","embeddable":true,"href":"https:\/\/www.sailcom.ch\/de\/wp-json\/wp\/v2\/sailcom-capability?post=47148"},{"taxonomy":"sailcom-location","embeddable":true,"href":"https:\/\/www.sailcom.ch\/de\/wp-json\/wp\/v2\/sailcom-location?post=47148"},{"taxonomy":"sailcom-event-type","embeddable":true,"href":"https:\/\/www.sailcom.ch\/de\/wp-json\/wp\/v2\/sailcom-event-type?post=47148"},{"taxonomy":"sailcom-boat-type","embeddable":true,"href":"https:\/\/www.sailcom.ch\/de\/wp-json\/wp\/v2\/sailcom-boat-type?post=47148"}],"curies":[{"name":"wp","href":"https:\/\/api.w.org\/{rel}","templated":true}]}}