{"id":46528,"date":"2025-03-17T19:12:57","date_gmt":"2025-03-17T18:12:57","guid":{"rendered":"https:\/\/www.sailcom.ch\/product\/produkt\/"},"modified":"2025-05-19T08:09:38","modified_gmt":"2025-05-19T06:09:38","slug":"event_46528","status":"publish","type":"product","link":"https:\/\/www.sailcom.ch\/de\/produkt\/event_46528\/","title":{"rendered":"Dufour 310 Segeltag an Bord der GALATEA \/ Une journ\u00e9e de navigation \u00e0 bord de GALATEA"},"content":{"rendered":"","protected":false},"excerpt":{"rendered":"<p>M\u00f6chtest du am Pfingstwochenende einen Segeltag auf dem L\u00e9man verbringen, dann bist du herzlich willkommen an Bord der GALATEA, egal als Mitglied von Sailcom oder nicht. Du brauchst auch keinen Segelschein.<br \/>\nDieser Tagesausflug ist Teil des dreit\u00e4gigen Pfingst &#8211; T\u00f6rns, einfach OHNE \u00dcbernachtung (siehe Events &quot;Genfersee &#8211; Galatea&quot;).<br \/>\nM\u00f6gliche Zustiegsorte sind: La Tour &#8211; de &#8211; Peilz, Clarens,  Le Bouveret, Evian &#8211; les &#8211; Bains oder Morges.  Ich werde dich am Vorabend informieren, in welchem Hafen das Boot steht.<br \/>\nAchtung: Der Zielhafen ist ein anderer als der Starthafen! Also mit dem \u00f6ffentlichen Verkehrsmittel an &#8211; und abreisen!<br \/>\nMitnehmen: Dem Wetter angepasste Segelbekleidung, Mittagslunch<br \/>\nBei Fragen: Bitte Telefon an J\u00fcrgen  079 643 26 11<\/p>\n<p>Si tu souhaites passer une journ\u00e9e de voile sur le L\u00e9man pendant le week-end de Pentec\u00f4te, tu es le bienvenu \u00e0 bord de GALATEA, que tu sois membre de Sailcom ou non. Tu n&#039;as pas non plus besoin d&#039;un permis de voile.<br \/>\nCette excursion d&#039;une journ\u00e9e fait partie d&#039;une croisi\u00e8re de trois jours \u00e0 la Pentec\u00f4te, simplement SANS passer la nuit (voir \u00e9v\u00e9nements \u00ab Lac L\u00e9man &#8211; Galatea \u00bb).<br \/>\nLes lieux d&#039;embarquement possibles sont : La Tour &#8211; de &#8211; Peilz, Clarens, Le Bouveret, Evian &#8211; les &#8211; Bains ou Morges.  Je t&#039;informerai le soir avant dans quel  port o\u00f9 se trouve le bateau.<br \/>\nAttention : le port d&#039;arriv\u00e9e est diff\u00e9rent du port de d\u00e9part ! Il faut donc arriver &#8211; et repartir &#8211; avec les transports publics !<br \/>\nEmporter: Des  v\u00eatements de voile selon la m\u00e9t\u00e9o, lunch de midi.<\/p>\n<p>N&#039;hesite pas m&#039;appeller en cas des questions:  079 643 26 11<br \/>\nSalutations   J\u00fcrgen  BC Galatea<\/p>\n","protected":false},"author":2755,"featured_media":23729,"template":"","meta":{"_acf_changed":false,"publish_to_discourse":"","publish_post_category":"","wpdc_auto_publish_overridden":"","wpdc_topic_tags":"","wpdc_pin_topic":"","wpdc_pin_until":"","discourse_post_id":"","discourse_permalink":"","wpdc_publishing_response":"","wpdc_publishing_error":""},"product_brand":[],"product_cat":[15],"product_tag":[],"sailcom-capability":[],"sailcom-location":[340],"sailcom-event-type":[364],"sailcom-boat-type":[],"class_list":{"0":"post-46528","1":"product","2":"type-product","3":"status-publish","4":"has-post-thumbnail","6":"product_cat-uncategorised","7":"sailcom-location-genfersee","8":"sailcom-event-type-sail-along","10":"first","11":"instock","12":"taxable","13":"shipping-taxable","14":"product-type-sc_event"},"acf":[],"_links":{"self":[{"href":"https:\/\/www.sailcom.ch\/de\/wp-json\/wp\/v2\/product\/46528","targetHints":{"allow":["GET"]}}],"collection":[{"href":"https:\/\/www.sailcom.ch\/de\/wp-json\/wp\/v2\/product"}],"about":[{"href":"https:\/\/www.sailcom.ch\/de\/wp-json\/wp\/v2\/types\/product"}],"author":[{"embeddable":true,"href":"https:\/\/www.sailcom.ch\/de\/wp-json\/wp\/v2\/users\/2755"}],"wp:featuredmedia":[{"embeddable":true,"href":"https:\/\/www.sailcom.ch\/de\/wp-json\/wp\/v2\/media\/23729"}],"wp:attachment":[{"href":"https:\/\/www.sailcom.ch\/de\/wp-json\/wp\/v2\/media?parent=46528"}],"wp:term":[{"taxonomy":"product_brand","embeddable":true,"href":"https:\/\/www.sailcom.ch\/de\/wp-json\/wp\/v2\/product_brand?post=46528"},{"taxonomy":"product_cat","embeddable":true,"href":"https:\/\/www.sailcom.ch\/de\/wp-json\/wp\/v2\/product_cat?post=46528"},{"taxonomy":"product_tag","embeddable":true,"href":"https:\/\/www.sailcom.ch\/de\/wp-json\/wp\/v2\/product_tag?post=46528"},{"taxonomy":"sailcom-capability","embeddable":true,"href":"https:\/\/www.sailcom.ch\/de\/wp-json\/wp\/v2\/sailcom-capability?post=46528"},{"taxonomy":"sailcom-location","embeddable":true,"href":"https:\/\/www.sailcom.ch\/de\/wp-json\/wp\/v2\/sailcom-location?post=46528"},{"taxonomy":"sailcom-event-type","embeddable":true,"href":"https:\/\/www.sailcom.ch\/de\/wp-json\/wp\/v2\/sailcom-event-type?post=46528"},{"taxonomy":"sailcom-boat-type","embeddable":true,"href":"https:\/\/www.sailcom.ch\/de\/wp-json\/wp\/v2\/sailcom-boat-type?post=46528"}],"curies":[{"name":"wp","href":"https:\/\/api.w.org\/{rel}","templated":true}]}}