{"id":45891,"date":"2025-03-07T23:12:35","date_gmt":"2025-03-07T22:12:35","guid":{"rendered":"https:\/\/www.sailcom.ch\/product\/produkt\/"},"modified":"2025-03-18T18:14:27","modified_gmt":"2025-03-18T17:14:27","slug":"event_45891","status":"publish","type":"product","link":"https:\/\/www.sailcom.ch\/de\/produkt\/event_45891\/","title":{"rendered":"Initiation Bonita | Introduction to Bonita | Einf\u00fchrung in Bonita."},"content":{"rendered":"","protected":false},"excerpt":{"rendered":"<p>Souhaitez-vous r\u00e9server vos vacances au lac L\u00e9man ou organiser une petite sortie apr\u00e8s le travail ? Mais pour faire le pas, pr\u00e9f\u00e9rez-vous avoir une br\u00e8ve introduction avec l&#039;\u00e9quipe de Bonita, m\u00eame si ce n&#039;est plus n\u00e9cessaire?<br \/>\nParfait, rejoignez-nous !<br \/>\n&#8212;<br \/>\n(automatic translation)<br \/>\nM\u00f6chten Sie Ihren Urlaub am Genfersee buchen oder nach der Arbeit einen kleinen Ausflug organisieren? Aber um den n\u00e4chsten Schritt zu machen, m\u00f6chten Sie lieber eine kurze Einf\u00fchrung mit dem Bonita-Team, auch wenn es nicht mehr notwendig ist? Perfekt, schlie\u00dfen Sie sich uns an!<\/p>\n<p>&#8212;<\/p>\n<p>Would you like to book your vacation at Lake Geneva or organize a small after work sailing? But to take the next step, you would rather have a brief introduction with the Bonita team, even if it&#039;s no longer necessary? Perfect, join us!<\/p>\n","protected":false},"author":3440,"featured_media":10396,"template":"","meta":{"_acf_changed":false,"publish_to_discourse":"","publish_post_category":"","wpdc_auto_publish_overridden":"","wpdc_topic_tags":"","wpdc_pin_topic":"","wpdc_pin_until":"","discourse_post_id":"","discourse_permalink":"","wpdc_publishing_response":"","wpdc_publishing_error":""},"product_brand":[],"product_cat":[15],"product_tag":[],"sailcom-capability":[],"sailcom-location":[340],"sailcom-event-type":[373],"sailcom-boat-type":[],"class_list":{"0":"post-45891","1":"product","2":"type-product","3":"status-publish","4":"has-post-thumbnail","6":"product_cat-uncategorised","7":"sailcom-location-genfersee","8":"sailcom-event-type-einweisungen","10":"first","11":"instock","12":"taxable","13":"shipping-taxable","14":"product-type-sc_event"},"acf":[],"_links":{"self":[{"href":"https:\/\/www.sailcom.ch\/de\/wp-json\/wp\/v2\/product\/45891","targetHints":{"allow":["GET"]}}],"collection":[{"href":"https:\/\/www.sailcom.ch\/de\/wp-json\/wp\/v2\/product"}],"about":[{"href":"https:\/\/www.sailcom.ch\/de\/wp-json\/wp\/v2\/types\/product"}],"author":[{"embeddable":true,"href":"https:\/\/www.sailcom.ch\/de\/wp-json\/wp\/v2\/users\/3440"}],"wp:featuredmedia":[{"embeddable":true,"href":"https:\/\/www.sailcom.ch\/de\/wp-json\/wp\/v2\/media\/10396"}],"wp:attachment":[{"href":"https:\/\/www.sailcom.ch\/de\/wp-json\/wp\/v2\/media?parent=45891"}],"wp:term":[{"taxonomy":"product_brand","embeddable":true,"href":"https:\/\/www.sailcom.ch\/de\/wp-json\/wp\/v2\/product_brand?post=45891"},{"taxonomy":"product_cat","embeddable":true,"href":"https:\/\/www.sailcom.ch\/de\/wp-json\/wp\/v2\/product_cat?post=45891"},{"taxonomy":"product_tag","embeddable":true,"href":"https:\/\/www.sailcom.ch\/de\/wp-json\/wp\/v2\/product_tag?post=45891"},{"taxonomy":"sailcom-capability","embeddable":true,"href":"https:\/\/www.sailcom.ch\/de\/wp-json\/wp\/v2\/sailcom-capability?post=45891"},{"taxonomy":"sailcom-location","embeddable":true,"href":"https:\/\/www.sailcom.ch\/de\/wp-json\/wp\/v2\/sailcom-location?post=45891"},{"taxonomy":"sailcom-event-type","embeddable":true,"href":"https:\/\/www.sailcom.ch\/de\/wp-json\/wp\/v2\/sailcom-event-type?post=45891"},{"taxonomy":"sailcom-boat-type","embeddable":true,"href":"https:\/\/www.sailcom.ch\/de\/wp-json\/wp\/v2\/sailcom-boat-type?post=45891"}],"curies":[{"name":"wp","href":"https:\/\/api.w.org\/{rel}","templated":true}]}}