{"id":45859,"date":"2025-03-06T09:02:06","date_gmt":"2025-03-06T08:02:06","guid":{"rendered":"https:\/\/www.sailcom.ch\/product\/product\/"},"modified":"2025-06-21T14:27:37","modified_gmt":"2025-06-21T12:27:37","slug":"event_45859","status":"publish","type":"product","link":"https:\/\/www.sailcom.ch\/de\/produkt\/event_45859\/","title":{"rendered":"\u00dcbernachtungst\u00f6rn im Urnersee"},"content":{"rendered":"","protected":false},"excerpt":{"rendered":"<p>Treffpunkt: Hafen Felsenegg, Gersau<\/p>\n<p>Segeln nach Wind und Wetter, ab Gersau Richtung Brunnen-Sisikon-Fl\u00fcelen. Kennenlernen von G\u00e4stepl\u00e4tzen und Infrastruktur im Urnersee (F\u00f6hnhafen Brunnen und Hafen Fl\u00fcelen). Gemeinsames Nachtessen und \u00dcbernachtung in Fl\u00fcelen.<br \/>\nAnderntags Fr\u00fchst\u00fcck auf Boot und R\u00fcckfahrt nach Gersau.<\/p>\n","protected":false},"author":2697,"featured_media":8956,"template":"","meta":{"_acf_changed":false,"publish_to_discourse":"","publish_post_category":"","wpdc_auto_publish_overridden":"","wpdc_topic_tags":"","wpdc_pin_topic":"","wpdc_pin_until":"","discourse_post_id":"","discourse_permalink":"","wpdc_publishing_response":"","wpdc_publishing_error":""},"product_brand":[],"product_cat":[15],"product_tag":[],"sailcom-capability":[],"sailcom-location":[345],"sailcom-event-type":[364,374],"sailcom-boat-type":[],"class_list":{"0":"post-45859","1":"product","2":"type-product","3":"status-publish","4":"has-post-thumbnail","6":"product_cat-uncategorised","7":"sailcom-location-vierwaldstattersee-location","8":"sailcom-event-type-sail-along","9":"sailcom-event-type-skippertraining","11":"first","12":"outofstock","13":"taxable","14":"shipping-taxable","15":"product-type-sc_event"},"acf":[],"_links":{"self":[{"href":"https:\/\/www.sailcom.ch\/de\/wp-json\/wp\/v2\/product\/45859","targetHints":{"allow":["GET"]}}],"collection":[{"href":"https:\/\/www.sailcom.ch\/de\/wp-json\/wp\/v2\/product"}],"about":[{"href":"https:\/\/www.sailcom.ch\/de\/wp-json\/wp\/v2\/types\/product"}],"author":[{"embeddable":true,"href":"https:\/\/www.sailcom.ch\/de\/wp-json\/wp\/v2\/users\/2697"}],"wp:featuredmedia":[{"embeddable":true,"href":"https:\/\/www.sailcom.ch\/de\/wp-json\/wp\/v2\/media\/8956"}],"wp:attachment":[{"href":"https:\/\/www.sailcom.ch\/de\/wp-json\/wp\/v2\/media?parent=45859"}],"wp:term":[{"taxonomy":"product_brand","embeddable":true,"href":"https:\/\/www.sailcom.ch\/de\/wp-json\/wp\/v2\/product_brand?post=45859"},{"taxonomy":"product_cat","embeddable":true,"href":"https:\/\/www.sailcom.ch\/de\/wp-json\/wp\/v2\/product_cat?post=45859"},{"taxonomy":"product_tag","embeddable":true,"href":"https:\/\/www.sailcom.ch\/de\/wp-json\/wp\/v2\/product_tag?post=45859"},{"taxonomy":"sailcom-capability","embeddable":true,"href":"https:\/\/www.sailcom.ch\/de\/wp-json\/wp\/v2\/sailcom-capability?post=45859"},{"taxonomy":"sailcom-location","embeddable":true,"href":"https:\/\/www.sailcom.ch\/de\/wp-json\/wp\/v2\/sailcom-location?post=45859"},{"taxonomy":"sailcom-event-type","embeddable":true,"href":"https:\/\/www.sailcom.ch\/de\/wp-json\/wp\/v2\/sailcom-event-type?post=45859"},{"taxonomy":"sailcom-boat-type","embeddable":true,"href":"https:\/\/www.sailcom.ch\/de\/wp-json\/wp\/v2\/sailcom-boat-type?post=45859"}],"curies":[{"name":"wp","href":"https:\/\/api.w.org\/{rel}","templated":true}]}}