{"id":45508,"date":"2025-02-16T17:19:24","date_gmt":"2025-02-16T16:19:24","guid":{"rendered":"https:\/\/www.sailcom.ch\/product\/produkt\/"},"modified":"2025-04-04T20:06:20","modified_gmt":"2025-04-04T18:06:20","slug":"event_45508","status":"publish","type":"product","link":"https:\/\/www.sailcom.ch\/de\/produkt\/event_45508\/","title":{"rendered":"FLOTTILLE LAC L\u00c9MAN | FLOTTILLE GENFERSEE | FLOTILLA LAKE GENEVA"},"content":{"rendered":"","protected":false},"excerpt":{"rendered":"<p>Chers amis du L\u00e9man ou qui souhaitent le devenir<br \/>\nDu 23 au 25 mai 2025 aura enfin lieu un nouveau rendez-vous de notre flotte l\u00e9manique. Le week-end, vous avez la possibilit\u00e9 de faire connaissance avec les bateaux (Tzigane, Galatea et Bonita) et le lac. Les bateaux partent de leur port respectif et se retrouvent samedi \u00e0 Port Ripaille. L\u00e0, vous avez la possibilit\u00e9 de basculer entre les bateaux. Le dimanche, vous avez la possibilit\u00e9 de changer de bateau pour vous familiariser avec un autre type de voilier. Retour au port d\u2019attache du bateau sur lequel vous naviguez. Veuillez nous indiquer sur quel bateau vous pr\u00e9f\u00e9rez commencer et terminer.<\/p>\n<p>R\u00e9servez votre place d\u00e8s maintenant sur www.sailcom.ch\/events<\/p>\n<p>Les participants recevront de plus amples informations sur le processus exact avant l\u2019\u00e9v\u00e9nement. Si vous avez des questions, veuillez contacter: sandro.jenzer@bluewin.ch<\/p>\n<p>200.- pour les bateaux, repas &amp; frais de port non compris<\/p>\n<p>Liebe Freunde des Genfersees oder die es werden wollen<br \/>\nVom 23. bis 25. Mai 2025 findet endlich wieder ein Treffen unserer Genfersee-Flotte statt. An dem Wochenende habt ihr die M\u00f6glichkeit die Boote (Tzigane, Galatea und Bonita) sowie den See kennen zu lernen. Die Boote starten in ihrem jeweiligen Hafen und treffen sich am Samstag im Port Ripaille. Dort habt ihr die Gelegenheit zwischen den Booten zu wechseln. Am Sonntag geht es mit dem jeweiligen Boot wieder in den Heimathafen. Bitte schreibt uns, auf welchem Boot ihr am liebsten starten und enden wollt. <\/p>\n<p>Buche jetzt deinen Platz auf www.sailcom.ch\/events<\/p>\n<p>Weitere Infos zum genauen Ablauf erhalten die Teilnehmenden vor dem Event. Bei Fragen wendet euch gerne an: sandro.jenzer@bluewin.ch<\/p>\n<p>200.- f\u00fcr die Boote exkl. Essen und Hafengeb\u00fchren<\/p>\n<p>Dear friends of Lake Geneva or who want to become one<br \/>\nFrom May 23rd to 25th, 2025 there will finally be another meeting of our Lake Geneva fleet. On the weekend you have the opportunity to get to know the boats (Tzigane, Galatea and Bonita) and the lake. The boats start from their respective port and meet at Port Ripaille on Saturday. There you have the opportunity to switch between the boats. On Sunday the respective boat goes back to its home port. Please let us know which boat you would prefer to start and end on.<\/p>\n<p>Book your place now at www.sailcom.ch\/events<\/p>\n<p>Participants will receive further information about the exact process before the event. If you have any questions, please contact: sandro.jenzer@bluewin.ch<\/p>\n<p>200.- for the boats excl. food &amp; harbor fees<\/p>\n","protected":false},"author":3380,"featured_media":23729,"template":"","meta":{"_acf_changed":false,"publish_to_discourse":"","publish_post_category":"","wpdc_auto_publish_overridden":"","wpdc_topic_tags":"","wpdc_pin_topic":"","wpdc_pin_until":"","discourse_post_id":"","discourse_permalink":"","wpdc_publishing_response":"","wpdc_publishing_error":""},"product_brand":[],"product_cat":[15],"product_tag":[],"sailcom-capability":[],"sailcom-location":[340],"sailcom-event-type":[364],"sailcom-boat-type":[],"class_list":{"0":"post-45508","1":"product","2":"type-product","3":"status-publish","4":"has-post-thumbnail","6":"product_cat-uncategorised","7":"sailcom-location-genfersee","8":"sailcom-event-type-sail-along","10":"first","11":"instock","12":"taxable","13":"shipping-taxable","14":"product-type-sc_event"},"acf":[],"_links":{"self":[{"href":"https:\/\/www.sailcom.ch\/de\/wp-json\/wp\/v2\/product\/45508","targetHints":{"allow":["GET"]}}],"collection":[{"href":"https:\/\/www.sailcom.ch\/de\/wp-json\/wp\/v2\/product"}],"about":[{"href":"https:\/\/www.sailcom.ch\/de\/wp-json\/wp\/v2\/types\/product"}],"author":[{"embeddable":true,"href":"https:\/\/www.sailcom.ch\/de\/wp-json\/wp\/v2\/users\/3380"}],"wp:featuredmedia":[{"embeddable":true,"href":"https:\/\/www.sailcom.ch\/de\/wp-json\/wp\/v2\/media\/23729"}],"wp:attachment":[{"href":"https:\/\/www.sailcom.ch\/de\/wp-json\/wp\/v2\/media?parent=45508"}],"wp:term":[{"taxonomy":"product_brand","embeddable":true,"href":"https:\/\/www.sailcom.ch\/de\/wp-json\/wp\/v2\/product_brand?post=45508"},{"taxonomy":"product_cat","embeddable":true,"href":"https:\/\/www.sailcom.ch\/de\/wp-json\/wp\/v2\/product_cat?post=45508"},{"taxonomy":"product_tag","embeddable":true,"href":"https:\/\/www.sailcom.ch\/de\/wp-json\/wp\/v2\/product_tag?post=45508"},{"taxonomy":"sailcom-capability","embeddable":true,"href":"https:\/\/www.sailcom.ch\/de\/wp-json\/wp\/v2\/sailcom-capability?post=45508"},{"taxonomy":"sailcom-location","embeddable":true,"href":"https:\/\/www.sailcom.ch\/de\/wp-json\/wp\/v2\/sailcom-location?post=45508"},{"taxonomy":"sailcom-event-type","embeddable":true,"href":"https:\/\/www.sailcom.ch\/de\/wp-json\/wp\/v2\/sailcom-event-type?post=45508"},{"taxonomy":"sailcom-boat-type","embeddable":true,"href":"https:\/\/www.sailcom.ch\/de\/wp-json\/wp\/v2\/sailcom-boat-type?post=45508"}],"curies":[{"name":"wp","href":"https:\/\/api.w.org\/{rel}","templated":true}]}}