{"id":41547,"date":"2024-11-22T15:48:26","date_gmt":"2024-11-22T14:48:26","guid":{"rendered":"https:\/\/www.sailcom.ch\/product\/product\/"},"modified":"2024-12-17T10:46:09","modified_gmt":"2024-12-17T09:46:09","slug":"event_41547","status":"publish","type":"product","link":"https:\/\/www.sailcom.ch\/de\/produkt\/event_41547\/","title":{"rendered":"Skippertraining \u00e0 la carte +"},"content":{"rendered":"","protected":false},"excerpt":{"rendered":"<p>Intensiver Man\u00f6vertag &#8211; wir \u00fcben das, was du brauchst<br \/>\nZiel: Sicherheit gewinnen<\/p>\n<p>Ist der Bodensee dein Revier und du m\u00f6chtest diese sch\u00f6ne Bavaria 34 auch auf engem Raum sicher parkieren k\u00f6nnen? &#8211; Dann ist dieser Tag f\u00fcr dich genau das Richtige.<br \/>\nDu hast den Hochseeschein und willst auf dem Meer chartern? &#8211; An diesem Kurstag kannst du am Bodensee \u00fcben, was du auf dem Meer k\u00f6nnen sollst. Die Yacht, die zur Verf\u00fcgung steht, hat die gleichen Funktionen, wie die etwas gr\u00f6sseren Boote auf dem Meer (Radsteuerung, Doppelruderanlage, Bugstrahlruder).<\/p>\n<p>Vielleicht hast du ganz andere W\u00fcnsche und m\u00f6chtest ein MOB sicher fahren k\u00f6nnen, hast Fragen zu Segeltrimm oder hast von einem Man\u00f6ver geh\u00f6rt, dass du gerne ausprobieren m\u00f6chtest. Let&#039;s do that! Du bestimmst, was wir \u00fcben.<\/p>\n<p>Kleine Gruppe (max 4 Personen)<br \/>\nDurchf\u00fchrung ab 1 Person<br \/>\nDas Training findet bei jedem Wetter statt (ausser bei aktiver Sturmwarnung).<\/p>\n<p>Instruktor: Andy Stifter (A\/D-Schein, CH-Hochseeschein, RYA Yachtmaster Offshore, Ausbildner auf Hochsee-Ausbildungst\u00f6rns, &gt;25\u2019000sm, Mitglied im Bootsteam Bavaria 34)<br \/>\nweitere Infos \u00fcber mich findest du auf hochamwind.ch oder extramile-sailing.ch<\/p>\n<p>Bezahlung des Kursbeitrags via Rechnung<\/p>\n<p>Bei Fragen kannst du mir gerne eine Email oder eine WhatsApp-Nachricht schicken:<br \/>\nadmin@hochamwind.ch<br \/>\n078 807 93 99<\/p>\n<p>Ich freue mich darauf, mit dir zu segeln!<br \/>\nAndy<\/p>\n<p>P.S. Warum heisst es eigentlich &quot;Skippertraining \u00e0 la carte +&quot; ???<br \/>\nAm Abend gibt es mit diesem Schiff ab Romanshorn ein &quot;Abendsegeln mit Ap\u00e9ro&quot; (ebenfalls ein Sailcom-Event). Wenn du Zeit hast, kannst du da gerne auch mit dabei sein &#8211; kostenfrei! F\u00fcr alle die tags\u00fcber am Skippertraining mitmachen, ist das Abendsegeln inklusive, ganz nach dem Motto &quot;work hard &#8211; chill harder&quot;. <\/p>\n<p>Auch wenn du f\u00fcr das &quot;Abendsegeln mit Ap\u00e9ro&quot; nichts bezahlen musst, ist eine separate Anmeldung f\u00fcr diesen Event zwingend erforderlich.<\/p>\n","protected":false},"author":3545,"featured_media":37626,"template":"","meta":{"_acf_changed":false,"publish_to_discourse":"","publish_post_category":"","wpdc_auto_publish_overridden":"","wpdc_topic_tags":"","wpdc_pin_topic":"","wpdc_pin_until":"","discourse_post_id":"","discourse_permalink":"","wpdc_publishing_response":"","wpdc_publishing_error":""},"product_brand":[],"product_cat":[15],"product_tag":[],"sailcom-capability":[],"sailcom-location":[339],"sailcom-event-type":[374],"sailcom-boat-type":[],"class_list":{"0":"post-41547","1":"product","2":"type-product","3":"status-publish","4":"has-post-thumbnail","6":"product_cat-uncategorised","7":"sailcom-location-bodensee","8":"sailcom-event-type-skippertraining","10":"first","11":"outofstock","12":"taxable","13":"shipping-taxable","14":"product-type-sc_event"},"acf":[],"_links":{"self":[{"href":"https:\/\/www.sailcom.ch\/de\/wp-json\/wp\/v2\/product\/41547","targetHints":{"allow":["GET"]}}],"collection":[{"href":"https:\/\/www.sailcom.ch\/de\/wp-json\/wp\/v2\/product"}],"about":[{"href":"https:\/\/www.sailcom.ch\/de\/wp-json\/wp\/v2\/types\/product"}],"author":[{"embeddable":true,"href":"https:\/\/www.sailcom.ch\/de\/wp-json\/wp\/v2\/users\/3545"}],"wp:featuredmedia":[{"embeddable":true,"href":"https:\/\/www.sailcom.ch\/de\/wp-json\/wp\/v2\/media\/37626"}],"wp:attachment":[{"href":"https:\/\/www.sailcom.ch\/de\/wp-json\/wp\/v2\/media?parent=41547"}],"wp:term":[{"taxonomy":"product_brand","embeddable":true,"href":"https:\/\/www.sailcom.ch\/de\/wp-json\/wp\/v2\/product_brand?post=41547"},{"taxonomy":"product_cat","embeddable":true,"href":"https:\/\/www.sailcom.ch\/de\/wp-json\/wp\/v2\/product_cat?post=41547"},{"taxonomy":"product_tag","embeddable":true,"href":"https:\/\/www.sailcom.ch\/de\/wp-json\/wp\/v2\/product_tag?post=41547"},{"taxonomy":"sailcom-capability","embeddable":true,"href":"https:\/\/www.sailcom.ch\/de\/wp-json\/wp\/v2\/sailcom-capability?post=41547"},{"taxonomy":"sailcom-location","embeddable":true,"href":"https:\/\/www.sailcom.ch\/de\/wp-json\/wp\/v2\/sailcom-location?post=41547"},{"taxonomy":"sailcom-event-type","embeddable":true,"href":"https:\/\/www.sailcom.ch\/de\/wp-json\/wp\/v2\/sailcom-event-type?post=41547"},{"taxonomy":"sailcom-boat-type","embeddable":true,"href":"https:\/\/www.sailcom.ch\/de\/wp-json\/wp\/v2\/sailcom-boat-type?post=41547"}],"curies":[{"name":"wp","href":"https:\/\/api.w.org\/{rel}","templated":true}]}}